{"id":559,"date":"2019-12-17T08:12:14","date_gmt":"2019-12-17T08:12:14","guid":{"rendered":"https:\/\/themes.envytheme.com\/albion\/?page_id=559"},"modified":"2022-06-30T18:34:10","modified_gmt":"2022-06-30T21:34:10","slug":"politica-de-privacidade","status":"publish","type":"page","link":"https:\/\/comacbr.com\/es\/politica-de-privacidade\/","title":{"rendered":"pol\u00edtica de privacidad"},"content":{"rendered":"<div data-elementor-type=\"wp-page\" data-elementor-id=\"559\" class=\"elementor elementor-559\" data-elementor-post-type=\"page\">\n\t\t\t\t\t\t<section class=\"elementor-section elementor-top-section elementor-element elementor-element-44daabf7 elementor-section-boxed elementor-section-height-default elementor-section-height-default\" data-id=\"44daabf7\" data-element_type=\"section\" data-e-type=\"section\">\n\t\t\t\t\t\t<div class=\"elementor-container elementor-column-gap-default\">\n\t\t\t\t\t<div class=\"elementor-column elementor-col-100 elementor-top-column elementor-element elementor-element-75dcb986\" data-id=\"75dcb986\" data-element_type=\"column\" data-e-type=\"column\">\n\t\t\t<div class=\"elementor-widget-wrap elementor-element-populated\">\n\t\t\t\t\t\t<div class=\"elementor-element elementor-element-31a9fc7a elementor-widget elementor-widget-text-editor\" data-id=\"31a9fc7a\" data-element_type=\"widget\" data-e-type=\"widget\" data-widget_type=\"text-editor.default\">\n\t\t\t\t\t\t\t\t\t\n<h2 class=\"wp-block-heading\" id=\"mce_0\">Nuestra pol\u00edtica de privacidad<\/h2>\n\n<p>Su privacidad es importante para nosotros. Respetar su privacidad con respecto a cualquier informaci\u00f3n que recopilemos en el sitio web forma parte de las directrices de Comac BR. <strong>comacbr.com<\/strong> y otros sitios web que poseemos y operamos. Solo solicitamos informaci\u00f3n personal cuando realmente la necesitamos para brindarle un servicio. La recopilamos por medios justos y legales, con su conocimiento y consentimiento. Tambi\u00e9n le informamos por qu\u00e9 la recopilamos y c\u00f3mo la utilizaremos.<\/p>\n<p>Solo conservamos la informaci\u00f3n recopilada el tiempo necesario para prestar el servicio solicitado. Protegemos los datos que almacenamos mediante medidas comercialmente aceptables para evitar p\u00e9rdidas y robos, as\u00ed como el acceso, la divulgaci\u00f3n, la copia, el uso o la modificaci\u00f3n no autorizados. No compartimos informaci\u00f3n personal identificable p\u00fablicamente ni con terceros, salvo cuando lo exija la ley. Nuestro sitio web puede contener enlaces a sitios web externos que no operamos. Tenga en cuenta que no tenemos control sobre el contenido ni las pr\u00e1cticas de estos sitios y no nos hacemos responsables de sus respectivas pol\u00edticas de privacidad.<\/p>\n<p>Tiene la libertad de rechazar nuestra solicitud de informaci\u00f3n personal, entendiendo que es posible que no podamos brindarle algunos de los servicios que desea. Su uso continuado de nuestro sitio web se considerar\u00e1 como la aceptaci\u00f3n de nuestras pr\u00e1cticas de privacidad e informaci\u00f3n personal. Si tiene alguna pregunta sobre c\u00f3mo gestionamos los datos de usuario y la informaci\u00f3n personal, p\u00f3ngase en contacto con nosotros.<\/p>\n<p>\u00a0<\/p>\n\n<h2>Pol\u00edtica de cookies de COMAC BR<\/h2>\n<h4>\u00a0<\/h4>\n<h4>\u00bfQU\u00c9 SON LAS COOKIES?<\/h4>\n<p>Como es habitual en casi todos los sitios web profesionales, este sitio utiliza cookies, que son peque\u00f1os archivos que se descargan en su ordenador, para mejorar su experiencia. Esta p\u00e1gina describe qu\u00e9 informaci\u00f3n recopilan, c\u00f3mo la utilizamos y por qu\u00e9 a veces necesitamos almacenar estas cookies. Tambi\u00e9n le explicaremos c\u00f3mo puede evitar que se almacenen; sin embargo, esto podr\u00eda reducir o interrumpir la funcionalidad de ciertos elementos del sitio.<\/p>\n<h4>\u00bfC\u00d3MO UTILIZAMOS LAS COOKIES?<\/h4>\n<p>Utilizamos cookies por diversas razones, que se detallan a continuaci\u00f3n. Lamentablemente, en la mayor\u00eda de los casos, no existen opciones est\u00e1ndar en la industria para deshabilitar las cookies sin desactivar por completo la funcionalidad y las caracter\u00edsticas que a\u00f1aden a este sitio. Se recomienda dejar activadas todas las cookies si no est\u00e1 seguro de si las necesita o no, en caso de que se utilicen para prestar un servicio que utiliza.<\/p>\n<h4>DESACTIVAR COOKIES<\/h4>\n<p>Puede evitar la instalaci\u00f3n de cookies configurando su navegador (consulte la secci\u00f3n de &quot;Ayuda&quot; de su navegador para saber c\u00f3mo hacerlo). Tenga en cuenta que deshabilitar las cookies afectar\u00e1 la funcionalidad de este y muchos otros sitios web que visite. Deshabilitar las cookies generalmente tambi\u00e9n deshabilitar\u00e1 ciertas funciones y caracter\u00edsticas de este sitio. Por lo tanto, se recomienda no deshabilitar las cookies.<\/p>\n<h4>COOKIES QUE CONFIGURAMOS<\/h4>\n<ul>\n<li>Cookies de la cuenta: Si crea una cuenta con nosotros, utilizaremos cookies para gestionar el proceso de registro y la administraci\u00f3n general. Estas cookies generalmente se eliminar\u00e1n al cerrar sesi\u00f3n; sin embargo, en algunos casos, pueden permanecer para recordar sus preferencias del sitio al cerrar sesi\u00f3n.<\/li>\n<li>Cookies de inicio de sesi\u00f3n: Utilizamos cookies cuando inicia sesi\u00f3n para recordarlo. Esto evita que tenga que iniciar sesi\u00f3n cada vez que visita una p\u00e1gina nueva. Estas cookies se suelen eliminar al cerrar sesi\u00f3n para garantizar que solo pueda acceder a funciones y \u00e1reas restringidas al iniciar sesi\u00f3n.<\/li>\n<li>Cookies relacionadas con boletines informativos por correo electr\u00f3nico: este sitio ofrece servicios de suscripci\u00f3n a boletines informativos o por correo electr\u00f3nico y se pueden utilizar cookies para recordar si ya est\u00e1 registrado y si desea mostrar ciertas notificaciones que solo pueden ser v\u00e1lidas para usuarios suscritos o no suscritos.<\/li>\n<li>Cookies relacionadas con el procesamiento de pedidos: este sitio ofrece facilidades de comercio electr\u00f3nico o de pago y algunas cookies son esenciales para garantizar que su pedido se recuerde entre p\u00e1ginas para que podamos procesarlo correctamente.<\/li>\n<li>Cookies de encuestas: Ofrecemos peri\u00f3dicamente encuestas y cuestionarios para ofrecer informaci\u00f3n interesante, herramientas \u00fatiles o para comprender mejor a nuestros usuarios. Estas encuestas pueden utilizar cookies para recordar qui\u00e9n ya ha participado en una encuesta o para proporcionar resultados precisos al cambiar de p\u00e1gina.<\/li>\n<li>Cookies relacionadas con formularios: cuando env\u00eda datos a trav\u00e9s de un formulario como los que se encuentran en las p\u00e1ginas de contacto o formularios de comentarios, se pueden configurar cookies para recordar sus datos de usuario para futura correspondencia.<\/li>\n<li>Cookies de preferencias del sitio web: Para brindarle una excelente experiencia en este sitio, le ofrecemos la funci\u00f3n de configurar sus preferencias sobre c\u00f3mo funciona este sitio cuando lo utiliza. Para recordar sus preferencias, necesitamos configurar cookies para que esta informaci\u00f3n se pueda recuperar cada vez que interact\u00fae con una p\u00e1gina que se vea afectada por sus preferencias.<\/li>\n<\/ul>\n<h4>COOKIES DE TERCEROS<\/h4>\n<p>En algunos casos especiales, tambi\u00e9n utilizamos cookies proporcionadas por terceros de confianza. La siguiente secci\u00f3n detalla las cookies de terceros que podr\u00eda encontrar en este sitio web.<\/p>\n<ul>\n<li>Este sitio web utiliza Google Analytics, una de las soluciones de an\u00e1lisis web m\u00e1s extendidas y fiables, para comprender c\u00f3mo utiliza el sitio y c\u00f3mo podemos mejorar su experiencia. Estas cookies pueden registrar datos como el tiempo que pasa en el sitio y las p\u00e1ginas que visita, para que podamos seguir creando contenido atractivo.<\/li>\n<\/ul>\n<p>Para obtener m\u00e1s informaci\u00f3n sobre las cookies de Google Analytics, consulte la p\u00e1gina oficial de Google Analytics.<\/p>\n<ul>\n<li>Utilizamos an\u00e1lisis de terceros para rastrear y medir el uso de este sitio y as\u00ed poder seguir creando contenido atractivo. Estas cookies pueden registrar datos como el tiempo que pasa en el sitio o las p\u00e1ginas que visita, lo que nos ayuda a comprender c\u00f3mo podemos mejorar el sitio para usted.<\/li>\n<li>Peri\u00f3dicamente probamos nuevas funciones y realizamos peque\u00f1os cambios en la forma en que se muestra el sitio. Mientras probamos nuevas funciones, podemos usar estas cookies para garantizar que disfrute de una experiencia consistente en el sitio, mientras entendemos qu\u00e9 optimizaciones valoran m\u00e1s nuestros usuarios.<\/li>\n<li>Al vender productos, es importante para nosotros comprender las estad\u00edsticas sobre cu\u00e1ntos visitantes de nuestro sitio web realizan una compra. Por lo tanto, este es el tipo de datos que estas cookies registrar\u00e1n. Esto es importante para usted, ya que nos permite realizar predicciones comerciales precisas que nos permiten monitorear nuestros costos de publicidad y productos para garantizar el mejor precio posible.<\/li>\n<\/ul>\n<h4>M\u00c1S INFORMACI\u00d3N<\/h4>\n<p>Esperamos que esto haya aclarado las cosas para usted y, como se mencion\u00f3 anteriormente, si hay algo que no est\u00e1 seguro si necesita o no, generalmente es m\u00e1s seguro dejar las cookies habilitadas en caso de que interact\u00fae con una de las funciones que utiliza en nuestro sitio.<\/p>\n<p>Esta pol\u00edtica entra en vigor a partir de <b>Diciembre de 2020<\/b><\/p>\n\t\t\t\t\t\t\t\t<\/div>\n\t\t\t\t\t<\/div>\n\t\t<\/div>\n\t\t\t\t\t<\/div>\n\t\t<\/section>\n\t\t\t\t<\/div>","protected":false},"excerpt":{"rendered":"<p>Nossa Pol\u00edtica de Privacidade A sua privacidade \u00e9 importante para n\u00f3s. \u00c9 parte das diretrizes da Comac BR respeitar a sua privacidade em rela\u00e7\u00e3o a qualquer informa\u00e7\u00e3o que possamos coletar no site comacbr.com e outros sites que possu\u00edmos e operamos. Solicitamos informa\u00e7\u00f5es pessoais apenas quando realmente precisamos delas para lhe fornecer um servi\u00e7o. Faz\u00eamo-lo por<\/p>","protected":false},"author":1,"featured_media":0,"parent":0,"menu_order":0,"comment_status":"closed","ping_status":"closed","template":"","meta":{"_acf_changed":false,"inline_featured_image":false,"_joinchat":[],"footnotes":""},"class_list":["post-559","page","type-page","status-publish","hentry"],"acf":[],"yoast_head":"<!-- This site is optimized with the Yoast SEO plugin v27.1.1 - https:\/\/yoast.com\/product\/yoast-seo-wordpress\/ -->\n<title>Pol\u00edtica de Privacidade - Comac - Brasil<\/title>\n<meta name=\"robots\" content=\"index, follow, max-snippet:-1, max-image-preview:large, max-video-preview:-1\" \/>\n<link rel=\"canonical\" href=\"https:\/\/comacbr.com\/es\/politica-de-privacidade\/\" \/>\n<meta property=\"og:locale\" content=\"es_ES\" \/>\n<meta property=\"og:type\" content=\"article\" \/>\n<meta property=\"og:title\" content=\"Pol\u00edtica de Privacidade - Comac - Brasil\" \/>\n<meta property=\"og:description\" content=\"Nossa Pol\u00edtica de Privacidade A sua privacidade \u00e9 importante para n\u00f3s. \u00c9 parte das diretrizes da Comac BR respeitar a sua privacidade em rela\u00e7\u00e3o a qualquer informa\u00e7\u00e3o que possamos coletar no site comacbr.com e outros sites que possu\u00edmos e operamos. Solicitamos informa\u00e7\u00f5es pessoais apenas quando realmente precisamos delas para lhe fornecer um servi\u00e7o. Faz\u00eamo-lo por\" \/>\n<meta property=\"og:url\" content=\"https:\/\/comacbr.com\/es\/politica-de-privacidade\/\" \/>\n<meta property=\"og:site_name\" content=\"Comac - Brasil\" \/>\n<meta property=\"article:publisher\" content=\"https:\/\/www.facebook.com\/comacbrasil\" \/>\n<meta property=\"article:modified_time\" content=\"2022-06-30T21:34:10+00:00\" \/>\n<meta name=\"twitter:card\" content=\"summary_large_image\" \/>\n<meta name=\"twitter:label1\" content=\"Tiempo de lectura\" \/>\n\t<meta name=\"twitter:data1\" content=\"6 minutos\" \/>\n<script type=\"application\/ld+json\" class=\"yoast-schema-graph\">{\"@context\":\"https:\/\/schema.org\",\"@graph\":[{\"@type\":\"WebPage\",\"@id\":\"https:\/\/comacbr.com\/politica-de-privacidade\/\",\"url\":\"https:\/\/comacbr.com\/politica-de-privacidade\/\",\"name\":\"Pol\u00edtica de Privacidade - Comac - Brasil\",\"isPartOf\":{\"@id\":\"https:\/\/comacbr.com\/#website\"},\"datePublished\":\"2019-12-17T08:12:14+00:00\",\"dateModified\":\"2022-06-30T21:34:10+00:00\",\"breadcrumb\":{\"@id\":\"https:\/\/comacbr.com\/politica-de-privacidade\/#breadcrumb\"},\"inLanguage\":\"es\",\"potentialAction\":[{\"@type\":\"ReadAction\",\"target\":[\"https:\/\/comacbr.com\/politica-de-privacidade\/\"]}]},{\"@type\":\"BreadcrumbList\",\"@id\":\"https:\/\/comacbr.com\/politica-de-privacidade\/#breadcrumb\",\"itemListElement\":[{\"@type\":\"ListItem\",\"position\":1,\"name\":\"In\u00edcio\",\"item\":\"https:\/\/comacbr.com\/\"},{\"@type\":\"ListItem\",\"position\":2,\"name\":\"Pol\u00edtica de Privacidade\"}]},{\"@type\":\"WebSite\",\"@id\":\"https:\/\/comacbr.com\/#website\",\"url\":\"https:\/\/comacbr.com\/\",\"name\":\"Comac - Brasil\",\"description\":\"Manufatura, Automa\u00e7\u00e3o e Rob\u00f3tica\",\"publisher\":{\"@id\":\"https:\/\/comacbr.com\/#organization\"},\"potentialAction\":[{\"@type\":\"SearchAction\",\"target\":{\"@type\":\"EntryPoint\",\"urlTemplate\":\"https:\/\/comacbr.com\/?s={search_term_string}\"},\"query-input\":{\"@type\":\"PropertyValueSpecification\",\"valueRequired\":true,\"valueName\":\"search_term_string\"}}],\"inLanguage\":\"es\"},{\"@type\":\"Organization\",\"@id\":\"https:\/\/comacbr.com\/#organization\",\"name\":\"Comac Brasil\",\"url\":\"https:\/\/comacbr.com\/\",\"logo\":{\"@type\":\"ImageObject\",\"inLanguage\":\"es\",\"@id\":\"https:\/\/comacbr.com\/#\/schema\/logo\/image\/\",\"url\":\"https:\/\/comacbr.com\/wp-content\/uploads\/2025\/12\/Logo-ComacColorido-e1765939798340.webp\",\"contentUrl\":\"https:\/\/comacbr.com\/wp-content\/uploads\/2025\/12\/Logo-ComacColorido-e1765939798340.webp\",\"width\":1737,\"height\":667,\"caption\":\"Comac Brasil\"},\"image\":{\"@id\":\"https:\/\/comacbr.com\/#\/schema\/logo\/image\/\"},\"sameAs\":[\"https:\/\/www.facebook.com\/comacbrasil\",\"https:\/\/www.instagram.com\/comacbrasil\/\"]}]}<\/script>\n<!-- \/ Yoast SEO plugin. -->","yoast_head_json":{"title":"Pol\u00edtica de Privacidade - Comac - Brasil","robots":{"index":"index","follow":"follow","max-snippet":"max-snippet:-1","max-image-preview":"max-image-preview:large","max-video-preview":"max-video-preview:-1"},"canonical":"https:\/\/comacbr.com\/es\/politica-de-privacidade\/","og_locale":"es_ES","og_type":"article","og_title":"Pol\u00edtica de Privacidade - Comac - Brasil","og_description":"Nossa Pol\u00edtica de Privacidade A sua privacidade \u00e9 importante para n\u00f3s. \u00c9 parte das diretrizes da Comac BR respeitar a sua privacidade em rela\u00e7\u00e3o a qualquer informa\u00e7\u00e3o que possamos coletar no site comacbr.com e outros sites que possu\u00edmos e operamos. Solicitamos informa\u00e7\u00f5es pessoais apenas quando realmente precisamos delas para lhe fornecer um servi\u00e7o. Faz\u00eamo-lo por","og_url":"https:\/\/comacbr.com\/es\/politica-de-privacidade\/","og_site_name":"Comac - Brasil","article_publisher":"https:\/\/www.facebook.com\/comacbrasil","article_modified_time":"2022-06-30T21:34:10+00:00","twitter_card":"summary_large_image","twitter_misc":{"Tiempo de lectura":"6 minutos"},"schema":{"@context":"https:\/\/schema.org","@graph":[{"@type":"WebPage","@id":"https:\/\/comacbr.com\/politica-de-privacidade\/","url":"https:\/\/comacbr.com\/politica-de-privacidade\/","name":"Pol\u00edtica de Privacidade - Comac - Brasil","isPartOf":{"@id":"https:\/\/comacbr.com\/#website"},"datePublished":"2019-12-17T08:12:14+00:00","dateModified":"2022-06-30T21:34:10+00:00","breadcrumb":{"@id":"https:\/\/comacbr.com\/politica-de-privacidade\/#breadcrumb"},"inLanguage":"es","potentialAction":[{"@type":"ReadAction","target":["https:\/\/comacbr.com\/politica-de-privacidade\/"]}]},{"@type":"BreadcrumbList","@id":"https:\/\/comacbr.com\/politica-de-privacidade\/#breadcrumb","itemListElement":[{"@type":"ListItem","position":1,"name":"In\u00edcio","item":"https:\/\/comacbr.com\/"},{"@type":"ListItem","position":2,"name":"Pol\u00edtica de Privacidade"}]},{"@type":"WebSite","@id":"https:\/\/comacbr.com\/#website","url":"https:\/\/comacbr.com\/","name":"Comac - Brasil","description":"Fabricaci\u00f3n, automatizaci\u00f3n y rob\u00f3tica","publisher":{"@id":"https:\/\/comacbr.com\/#organization"},"potentialAction":[{"@type":"SearchAction","target":{"@type":"EntryPoint","urlTemplate":"https:\/\/comacbr.com\/?s={search_term_string}"},"query-input":{"@type":"PropertyValueSpecification","valueRequired":true,"valueName":"search_term_string"}}],"inLanguage":"es"},{"@type":"Organization","@id":"https:\/\/comacbr.com\/#organization","name":"Comac Brasil","url":"https:\/\/comacbr.com\/","logo":{"@type":"ImageObject","inLanguage":"es","@id":"https:\/\/comacbr.com\/#\/schema\/logo\/image\/","url":"https:\/\/comacbr.com\/wp-content\/uploads\/2025\/12\/Logo-ComacColorido-e1765939798340.webp","contentUrl":"https:\/\/comacbr.com\/wp-content\/uploads\/2025\/12\/Logo-ComacColorido-e1765939798340.webp","width":1737,"height":667,"caption":"Comac Brasil"},"image":{"@id":"https:\/\/comacbr.com\/#\/schema\/logo\/image\/"},"sameAs":["https:\/\/www.facebook.com\/comacbrasil","https:\/\/www.instagram.com\/comacbrasil\/"]}]}},"_links":{"self":[{"href":"https:\/\/comacbr.com\/es\/wp-json\/wp\/v2\/pages\/559","targetHints":{"allow":["GET"]}}],"collection":[{"href":"https:\/\/comacbr.com\/es\/wp-json\/wp\/v2\/pages"}],"about":[{"href":"https:\/\/comacbr.com\/es\/wp-json\/wp\/v2\/types\/page"}],"author":[{"embeddable":true,"href":"https:\/\/comacbr.com\/es\/wp-json\/wp\/v2\/users\/1"}],"replies":[{"embeddable":true,"href":"https:\/\/comacbr.com\/es\/wp-json\/wp\/v2\/comments?post=559"}],"version-history":[{"count":0,"href":"https:\/\/comacbr.com\/es\/wp-json\/wp\/v2\/pages\/559\/revisions"}],"wp:attachment":[{"href":"https:\/\/comacbr.com\/es\/wp-json\/wp\/v2\/media?parent=559"}],"curies":[{"name":"wp","href":"https:\/\/api.w.org\/{rel}","templated":true}]}}