{"id":4963,"date":"2025-10-24T08:01:01","date_gmt":"2025-10-24T11:01:01","guid":{"rendered":"https:\/\/comacbr.com?page_id=4963"},"modified":"2026-03-26T19:49:31","modified_gmt":"2026-03-26T22:49:31","slug":"celulas-roboticas","status":"publish","type":"page","link":"https:\/\/comacbr.com\/es\/celulas-roboticas\/","title":{"rendered":"C\u00e9lulas rob\u00f3ticas"},"content":{"rendered":"<div data-elementor-type=\"wp-page\" data-elementor-id=\"4963\" class=\"elementor elementor-4963\" data-elementor-post-type=\"page\">\n\t\t\t\t<div class=\"elementor-element elementor-element-5ff484a e-con-full e-flex e-con e-parent\" data-id=\"5ff484a\" data-element_type=\"container\" data-e-type=\"container\">\n\t\t\t\t<div class=\"elementor-element elementor-element-a9d030f elementor-widget elementor-widget-services-style-two\" data-id=\"a9d030f\" data-element_type=\"widget\" data-e-type=\"widget\" data-widget_type=\"services-style-two.default\">\n\t\t\t\t<div class=\"elementor-widget-container\">\n\t\t\t\t\t\r\n        <div class=\"container\">\r\n            <div class=\"section-title with-underline-text\">\r\n                <h2>C\u00e9lulas rob\u00f3ticas<\/h2>                <p>C\u00e9lulas rob\u00f3ticas para su Industria 4.0. Descubra nuestra gama de soluciones y descubra c\u00f3mo podemos ayudar a su empresa a mejorar la eficiencia, la productividad y la rentabilidad.<\/p>            <\/div>\r\n\r\n            <div class=\"row justify-content-center\">\r\n\r\n                                <div class=\"col-lg-3 col-md-6\">\r\n                    <div class=\"single-services-card text-left\">\r\n                        <div class=\"image-icon bg-six\">\r\n                            <img decoding=\"async\" src=\"https:\/\/comacbr.com\/wp-content\/uploads\/2026\/03\/asd.jpg\" alt=\"icon image\"\/>\r\n                        <\/div>\r\n                        <h3><a href=\"https:\/\/comacbr.com\/es\/service\/linha-comac-escultural\/\">Linha Comac &#8211; Escultural<\/a><\/h3>\r\n                        <p>A LINHA COMAC ESCULTURAL oferece solu\u00e7\u00f5es para usinagem e escultura em m\u00e1rmore, EPS, madeira e diversos outros materiais. Atende...<\/p>\r\n                        <a href=\"https:\/\/comacbr.com\/es\/service\/linha-comac-escultural\/\" class=\"read-btn\"> Ver m\u00e1s<\/a>\r\n                    <\/div>\r\n                <\/div>\r\n                                <div class=\"col-lg-3 col-md-6\">\r\n                    <div class=\"single-services-card text-left\">\r\n                        <div class=\"image-icon bg-two\">\r\n                            <img decoding=\"async\" src=\"https:\/\/comacbr.com\/wp-content\/uploads\/2025\/10\/6.webp\" alt=\"icon image\"\/>\r\n                        <\/div>\r\n                        <h3><a href=\"https:\/\/comacbr.com\/es\/service\/linha-comac-mobiliario\/\">Linha Comac &#8211; Mobili\u00e1rio<\/a><\/h3>\r\n                        <p>A LINHA COMAC MOBILI\u00c1RIO oferece solu\u00e7\u00f5es para usinagem de madeira, MDF e outros materiais utilizados na produ\u00e7\u00e3o de m\u00f3veis....<\/p>\r\n                        <a href=\"https:\/\/comacbr.com\/es\/service\/linha-comac-mobiliario\/\" class=\"read-btn\"> Ver m\u00e1s<\/a>\r\n                    <\/div>\r\n                <\/div>\r\n                                <div class=\"col-lg-3 col-md-6\">\r\n                    <div class=\"single-services-card text-left\">\r\n                        <div class=\"image-icon bg-three\">\r\n                            <img decoding=\"async\" src=\"https:\/\/comacbr.com\/wp-content\/uploads\/2025\/10\/67.webp\" alt=\"icon image\"\/>\r\n                        <\/div>\r\n                        <h3><a href=\"https:\/\/comacbr.com\/es\/service\/linha-comac-marmore\/\">Linha Comac &#8211; M\u00e1rmore<\/a><\/h3>\r\n                        <p>A LINHA COMAC M\u00c1RMORE oferece solu\u00e7\u00f5es para usinagem de m\u00e1rmore, granito e outras pedras naturais. Atende processos como corte,...<\/p>\r\n                        <a href=\"https:\/\/comacbr.com\/es\/service\/linha-comac-marmore\/\" class=\"read-btn\"> Ver m\u00e1s<\/a>\r\n                    <\/div>\r\n                <\/div>\r\n                                <div class=\"col-lg-3 col-md-6\">\r\n                    <div class=\"single-services-card text-left\">\r\n                        <div class=\"image-icon bg-four\">\r\n                            <img decoding=\"async\" src=\"https:\/\/comacbr.com\/wp-content\/uploads\/2026\/03\/IMG_20230619_155624-scaled.jpg\" alt=\"icon image\"\/>\r\n                        <\/div>\r\n                        <h3><a href=\"https:\/\/comacbr.com\/es\/service\/linha-comac-moldes\/\">Linha Comac &#8211; Moldes<\/a><\/h3>\r\n                        <p>A LINHA COMAC M\u00c1RMORE oferece solu\u00e7\u00f5es para usinagem de m\u00e1rmore, granito e outras pedras naturais. Atende processos como corte,...<\/p>\r\n                        <a href=\"https:\/\/comacbr.com\/es\/service\/linha-comac-moldes\/\" class=\"read-btn\"> Ver m\u00e1s<\/a>\r\n                    <\/div>\r\n                <\/div>\r\n                                <div class=\"col-lg-3 col-md-6\">\r\n                    <div class=\"single-services-card text-left\">\r\n                        <div class=\"image-icon bg-five\">\r\n                            <img decoding=\"async\" src=\"https:\/\/comacbr.com\/wp-content\/uploads\/2025\/10\/97.webp\" alt=\"icon image\"\/>\r\n                        <\/div>\r\n                        <h3><a href=\"https:\/\/comacbr.com\/es\/service\/linha-comac-industrial\/\">Linha Comac &#8211; Industrial<\/a><\/h3>\r\n                        <p>Linha Comac Industrial - Solu\u00e7\u00f5es de automa\u00e7\u00e3o rob\u00f3tica para processos industriais, com precis\u00e3o, repetibilidade e ganho de produtividade.<\/p>\r\n                        <a href=\"https:\/\/comacbr.com\/es\/service\/linha-comac-industrial\/\" class=\"read-btn\"> Ver m\u00e1s<\/a>\r\n                    <\/div>\r\n                <\/div>\r\n                                <div class=\"col-lg-3 col-md-6\">\r\n                    <div class=\"single-services-card text-left\">\r\n                        <div class=\"image-icon bg-six\">\r\n                            <img decoding=\"async\" src=\"https:\/\/comacbr.com\/wp-content\/uploads\/2025\/10\/67-1.webp\" alt=\"icon image\"\/>\r\n                        <\/div>\r\n                        <h3><a href=\"https:\/\/comacbr.com\/es\/service\/linha-comac-prime\/\">Linha Comac &#8211; Prime<\/a><\/h3>\r\n                        <p>Solu\u00e7\u00f5es de automa\u00e7\u00e3o rob\u00f3tica para otimizar processos industriais, reduzir custos operacionais e aumentar a produtividade com alta precis\u00e3o e...<\/p>\r\n                        <a href=\"https:\/\/comacbr.com\/es\/service\/linha-comac-prime\/\" class=\"read-btn\"> Ver m\u00e1s<\/a>\r\n                    <\/div>\r\n                <\/div>\r\n                                <div class=\"col-lg-3 col-md-6\">\r\n                    <div class=\"single-services-card text-left\">\r\n                        <div class=\"image-icon bg-six\">\r\n                            <img decoding=\"async\" src=\"https:\/\/comacbr.com\/wp-content\/uploads\/2026\/03\/WhatsApp-Image-2024-08-12-at-13.49.04.jpeg\" alt=\"icon image\"\/>\r\n                        <\/div>\r\n                        <h3><a href=\"https:\/\/comacbr.com\/es\/service\/linha-comac-construcao\/\">Linha Comac &#8211; Constru\u00e7\u00e3o<\/a><\/h3>\r\n                        <p>A Linha COMAC Constru\u00e7\u00e3o oferece c\u00e9lulas rob\u00f3ticas para usinagem de CLT e materiais estruturais, garantindo precis\u00e3o, produtividade e padr\u00e3o...<\/p>\r\n                        <a href=\"https:\/\/comacbr.com\/es\/service\/linha-comac-construcao\/\" class=\"read-btn\"> Ver m\u00e1s<\/a>\r\n                    <\/div>\r\n                <\/div>\r\n                                <div class=\"col-lg-3 col-md-6\">\r\n                    <div class=\"single-services-card text-left\">\r\n                        <div class=\"image-icon bg-six\">\r\n                            <img decoding=\"async\" src=\"https:\/\/comacbr.com\/wp-content\/uploads\/2025\/10\/80.webp\" alt=\"icon image\"\/>\r\n                        <\/div>\r\n                        <h3><a href=\"https:\/\/comacbr.com\/es\/service\/linha-comac-collab\/\">Linha Comac &#8211; Collab<\/a><\/h3>\r\n                        <p>Rob\u00f4s colaborativos para automa\u00e7\u00e3o industrial com seguran\u00e7a e flexibilidade. A Linha COMAC COLLAB aumenta a produtividade em processos como...<\/p>\r\n                        <a href=\"https:\/\/comacbr.com\/es\/service\/linha-comac-collab\/\" class=\"read-btn\"> Ver m\u00e1s<\/a>\r\n                    <\/div>\r\n                <\/div>\r\n                \r\n                \r\n            <\/div>\r\n        <\/div>\r\n\r\n        \t\t\t\t<\/div>\n\t\t\t\t<\/div>\n\t\t\t\t<\/div>\n\t\t\t\t<\/div>","protected":false},"excerpt":{"rendered":"<p>C\u00e9lulas Rob\u00f3ticas C\u00e9lulas Rob\u00f3ticas para sua ind\u00fastria 4.0. Conhe\u00e7a nossa gama de Solu\u00e7\u00f5es e saiba como podemos ajudar sua empresa a melhorar a efici\u00eancia, produtividade e lucrativade. C\u00e9lulas Rob\u00f3ticas para Automa\u00e7\u00e3o Industrial CLT As c\u00e9lulas robotizadas, ou sistemas rob\u00f3ticos, s\u00e3o projetados conforme as necessidades de nossos clientes para dar retornos superiores \u00e0s&#8230; Ver mais Linha<\/p>","protected":false},"author":2,"featured_media":0,"parent":0,"menu_order":0,"comment_status":"closed","ping_status":"closed","template":"","meta":{"_acf_changed":false,"inline_featured_image":false,"_joinchat":[],"footnotes":""},"class_list":["post-4963","page","type-page","status-publish","hentry"],"acf":[],"yoast_head":"<!-- This site is optimized with the Yoast SEO plugin v27.1.1 - https:\/\/yoast.com\/product\/yoast-seo-wordpress\/ -->\n<title>C\u00e9lulas Rob\u00f3ticas - Comac - Brasil<\/title>\n<meta name=\"robots\" content=\"index, follow, max-snippet:-1, max-image-preview:large, max-video-preview:-1\" \/>\n<link rel=\"canonical\" href=\"https:\/\/comacbr.com\/es\/celulas-roboticas\/\" \/>\n<meta property=\"og:locale\" content=\"es_ES\" \/>\n<meta property=\"og:type\" content=\"article\" \/>\n<meta property=\"og:title\" content=\"C\u00e9lulas Rob\u00f3ticas - Comac - Brasil\" \/>\n<meta property=\"og:description\" content=\"C\u00e9lulas Rob\u00f3ticas C\u00e9lulas Rob\u00f3ticas para sua ind\u00fastria 4.0. Conhe\u00e7a nossa gama de Solu\u00e7\u00f5es e saiba como podemos ajudar sua empresa a melhorar a efici\u00eancia, produtividade e lucrativade. C\u00e9lulas Rob\u00f3ticas para Automa\u00e7\u00e3o Industrial CLT As c\u00e9lulas robotizadas, ou sistemas rob\u00f3ticos, s\u00e3o projetados conforme as necessidades de nossos clientes para dar retornos superiores \u00e0s&#8230; Ver mais Linha\" \/>\n<meta property=\"og:url\" content=\"https:\/\/comacbr.com\/es\/celulas-roboticas\/\" \/>\n<meta property=\"og:site_name\" content=\"Comac - Brasil\" \/>\n<meta property=\"article:publisher\" content=\"https:\/\/www.facebook.com\/comacbrasil\" \/>\n<meta property=\"article:modified_time\" content=\"2026-03-26T22:49:31+00:00\" \/>\n<meta property=\"og:image\" content=\"https:\/\/comacbr.com\/wp-content\/uploads\/2021\/05\/2-Comac_Capa2%20(1)-min.png\" \/>\n<meta name=\"twitter:card\" content=\"summary_large_image\" \/>\n<meta name=\"twitter:label1\" content=\"Tiempo de lectura\" \/>\n\t<meta name=\"twitter:data1\" content=\"3 minutos\" \/>\n<script type=\"application\/ld+json\" class=\"yoast-schema-graph\">{\"@context\":\"https:\/\/schema.org\",\"@graph\":[{\"@type\":\"WebPage\",\"@id\":\"https:\/\/comacbr.com\/celulas-roboticas\/\",\"url\":\"https:\/\/comacbr.com\/celulas-roboticas\/\",\"name\":\"C\u00e9lulas Rob\u00f3ticas - Comac - Brasil\",\"isPartOf\":{\"@id\":\"https:\/\/comacbr.com\/#website\"},\"primaryImageOfPage\":{\"@id\":\"https:\/\/comacbr.com\/celulas-roboticas\/#primaryimage\"},\"image\":{\"@id\":\"https:\/\/comacbr.com\/celulas-roboticas\/#primaryimage\"},\"thumbnailUrl\":\"https:\/\/comacbr.com\/wp-content\/uploads\/2021\/05\/2-Comac_Capa2%20(1)-min.png\",\"datePublished\":\"2025-10-24T11:01:01+00:00\",\"dateModified\":\"2026-03-26T22:49:31+00:00\",\"breadcrumb\":{\"@id\":\"https:\/\/comacbr.com\/celulas-roboticas\/#breadcrumb\"},\"inLanguage\":\"es\",\"potentialAction\":[{\"@type\":\"ReadAction\",\"target\":[\"https:\/\/comacbr.com\/celulas-roboticas\/\"]}]},{\"@type\":\"ImageObject\",\"inLanguage\":\"es\",\"@id\":\"https:\/\/comacbr.com\/celulas-roboticas\/#primaryimage\",\"url\":\"https:\/\/comacbr.com\/wp-content\/uploads\/2021\/05\/2-Comac_Capa2%20(1)-min.png\",\"contentUrl\":\"https:\/\/comacbr.com\/wp-content\/uploads\/2021\/05\/2-Comac_Capa2%20(1)-min.png\"},{\"@type\":\"BreadcrumbList\",\"@id\":\"https:\/\/comacbr.com\/celulas-roboticas\/#breadcrumb\",\"itemListElement\":[{\"@type\":\"ListItem\",\"position\":1,\"name\":\"In\u00edcio\",\"item\":\"https:\/\/comacbr.com\/\"},{\"@type\":\"ListItem\",\"position\":2,\"name\":\"C\u00e9lulas Rob\u00f3ticas\"}]},{\"@type\":\"WebSite\",\"@id\":\"https:\/\/comacbr.com\/#website\",\"url\":\"https:\/\/comacbr.com\/\",\"name\":\"Comac - Brasil\",\"description\":\"Manufatura, Automa\u00e7\u00e3o e Rob\u00f3tica\",\"publisher\":{\"@id\":\"https:\/\/comacbr.com\/#organization\"},\"potentialAction\":[{\"@type\":\"SearchAction\",\"target\":{\"@type\":\"EntryPoint\",\"urlTemplate\":\"https:\/\/comacbr.com\/?s={search_term_string}\"},\"query-input\":{\"@type\":\"PropertyValueSpecification\",\"valueRequired\":true,\"valueName\":\"search_term_string\"}}],\"inLanguage\":\"es\"},{\"@type\":\"Organization\",\"@id\":\"https:\/\/comacbr.com\/#organization\",\"name\":\"Comac Brasil\",\"url\":\"https:\/\/comacbr.com\/\",\"logo\":{\"@type\":\"ImageObject\",\"inLanguage\":\"es\",\"@id\":\"https:\/\/comacbr.com\/#\/schema\/logo\/image\/\",\"url\":\"https:\/\/comacbr.com\/wp-content\/uploads\/2025\/12\/Logo-ComacColorido-e1765939798340.webp\",\"contentUrl\":\"https:\/\/comacbr.com\/wp-content\/uploads\/2025\/12\/Logo-ComacColorido-e1765939798340.webp\",\"width\":1737,\"height\":667,\"caption\":\"Comac Brasil\"},\"image\":{\"@id\":\"https:\/\/comacbr.com\/#\/schema\/logo\/image\/\"},\"sameAs\":[\"https:\/\/www.facebook.com\/comacbrasil\",\"https:\/\/www.instagram.com\/comacbrasil\/\"]}]}<\/script>\n<!-- \/ Yoast SEO plugin. -->","yoast_head_json":{"title":"C\u00e9lulas Rob\u00f3ticas - Comac - Brasil","robots":{"index":"index","follow":"follow","max-snippet":"max-snippet:-1","max-image-preview":"max-image-preview:large","max-video-preview":"max-video-preview:-1"},"canonical":"https:\/\/comacbr.com\/es\/celulas-roboticas\/","og_locale":"es_ES","og_type":"article","og_title":"C\u00e9lulas Rob\u00f3ticas - Comac - Brasil","og_description":"C\u00e9lulas Rob\u00f3ticas C\u00e9lulas Rob\u00f3ticas para sua ind\u00fastria 4.0. Conhe\u00e7a nossa gama de Solu\u00e7\u00f5es e saiba como podemos ajudar sua empresa a melhorar a efici\u00eancia, produtividade e lucrativade. C\u00e9lulas Rob\u00f3ticas para Automa\u00e7\u00e3o Industrial CLT As c\u00e9lulas robotizadas, ou sistemas rob\u00f3ticos, s\u00e3o projetados conforme as necessidades de nossos clientes para dar retornos superiores \u00e0s&#8230; Ver mais Linha","og_url":"https:\/\/comacbr.com\/es\/celulas-roboticas\/","og_site_name":"Comac - Brasil","article_publisher":"https:\/\/www.facebook.com\/comacbrasil","article_modified_time":"2026-03-26T22:49:31+00:00","og_image":[{"url":"https:\/\/comacbr.com\/wp-content\/uploads\/2021\/05\/2-Comac_Capa2%20(1)-min.png","type":"","width":"","height":""}],"twitter_card":"summary_large_image","twitter_misc":{"Tiempo de lectura":"3 minutos"},"schema":{"@context":"https:\/\/schema.org","@graph":[{"@type":"WebPage","@id":"https:\/\/comacbr.com\/celulas-roboticas\/","url":"https:\/\/comacbr.com\/celulas-roboticas\/","name":"C\u00e9lulas Rob\u00f3ticas - Comac - Brasil","isPartOf":{"@id":"https:\/\/comacbr.com\/#website"},"primaryImageOfPage":{"@id":"https:\/\/comacbr.com\/celulas-roboticas\/#primaryimage"},"image":{"@id":"https:\/\/comacbr.com\/celulas-roboticas\/#primaryimage"},"thumbnailUrl":"https:\/\/comacbr.com\/wp-content\/uploads\/2021\/05\/2-Comac_Capa2%20(1)-min.png","datePublished":"2025-10-24T11:01:01+00:00","dateModified":"2026-03-26T22:49:31+00:00","breadcrumb":{"@id":"https:\/\/comacbr.com\/celulas-roboticas\/#breadcrumb"},"inLanguage":"es","potentialAction":[{"@type":"ReadAction","target":["https:\/\/comacbr.com\/celulas-roboticas\/"]}]},{"@type":"ImageObject","inLanguage":"es","@id":"https:\/\/comacbr.com\/celulas-roboticas\/#primaryimage","url":"https:\/\/comacbr.com\/wp-content\/uploads\/2021\/05\/2-Comac_Capa2%20(1)-min.png","contentUrl":"https:\/\/comacbr.com\/wp-content\/uploads\/2021\/05\/2-Comac_Capa2%20(1)-min.png"},{"@type":"BreadcrumbList","@id":"https:\/\/comacbr.com\/celulas-roboticas\/#breadcrumb","itemListElement":[{"@type":"ListItem","position":1,"name":"In\u00edcio","item":"https:\/\/comacbr.com\/"},{"@type":"ListItem","position":2,"name":"C\u00e9lulas Rob\u00f3ticas"}]},{"@type":"WebSite","@id":"https:\/\/comacbr.com\/#website","url":"https:\/\/comacbr.com\/","name":"Comac - Brasil","description":"Fabricaci\u00f3n, automatizaci\u00f3n y rob\u00f3tica","publisher":{"@id":"https:\/\/comacbr.com\/#organization"},"potentialAction":[{"@type":"SearchAction","target":{"@type":"EntryPoint","urlTemplate":"https:\/\/comacbr.com\/?s={search_term_string}"},"query-input":{"@type":"PropertyValueSpecification","valueRequired":true,"valueName":"search_term_string"}}],"inLanguage":"es"},{"@type":"Organization","@id":"https:\/\/comacbr.com\/#organization","name":"Comac Brasil","url":"https:\/\/comacbr.com\/","logo":{"@type":"ImageObject","inLanguage":"es","@id":"https:\/\/comacbr.com\/#\/schema\/logo\/image\/","url":"https:\/\/comacbr.com\/wp-content\/uploads\/2025\/12\/Logo-ComacColorido-e1765939798340.webp","contentUrl":"https:\/\/comacbr.com\/wp-content\/uploads\/2025\/12\/Logo-ComacColorido-e1765939798340.webp","width":1737,"height":667,"caption":"Comac Brasil"},"image":{"@id":"https:\/\/comacbr.com\/#\/schema\/logo\/image\/"},"sameAs":["https:\/\/www.facebook.com\/comacbrasil","https:\/\/www.instagram.com\/comacbrasil\/"]}]}},"_links":{"self":[{"href":"https:\/\/comacbr.com\/es\/wp-json\/wp\/v2\/pages\/4963","targetHints":{"allow":["GET"]}}],"collection":[{"href":"https:\/\/comacbr.com\/es\/wp-json\/wp\/v2\/pages"}],"about":[{"href":"https:\/\/comacbr.com\/es\/wp-json\/wp\/v2\/types\/page"}],"author":[{"embeddable":true,"href":"https:\/\/comacbr.com\/es\/wp-json\/wp\/v2\/users\/2"}],"replies":[{"embeddable":true,"href":"https:\/\/comacbr.com\/es\/wp-json\/wp\/v2\/comments?post=4963"}],"version-history":[{"count":41,"href":"https:\/\/comacbr.com\/es\/wp-json\/wp\/v2\/pages\/4963\/revisions"}],"predecessor-version":[{"id":14775,"href":"https:\/\/comacbr.com\/es\/wp-json\/wp\/v2\/pages\/4963\/revisions\/14775"}],"wp:attachment":[{"href":"https:\/\/comacbr.com\/es\/wp-json\/wp\/v2\/media?parent=4963"}],"curies":[{"name":"wp","href":"https:\/\/api.w.org\/{rel}","templated":true}]}}