{"id":4713,"date":"2022-06-24T16:19:38","date_gmt":"2022-06-24T19:19:38","guid":{"rendered":"https:\/\/comacbr.com?page_id=4713"},"modified":"2022-07-01T11:43:22","modified_gmt":"2022-07-01T14:43:22","slug":"terminos-y-condiciones","status":"publish","type":"page","link":"https:\/\/comacbr.com\/es\/terminos-y-condiciones\/","title":{"rendered":"T\u00e9rminos y condiciones"},"content":{"rendered":"<h2 class=\"wp-block-heading\">1. Condiciones<\/h2>\r\n\r\n\r\n\r\n<p>Al acceder al sitio web de <a href=\"https:\/\/comacbr.com\/es\/\">Comac Brasil<\/a>Acepta cumplir con estos t\u00e9rminos de servicio, todas las leyes y regulaciones aplicables, y acepta su responsabilidad de cumplir con todas las leyes locales aplicables. Si no acepta alguno de estos t\u00e9rminos, se le proh\u00edbe usar o acceder a este sitio web. Los materiales contenidos en este sitio est\u00e1n protegidos por las leyes de derechos de autor y marcas registradas aplicables.<\/p>\r\n\r\n\r\n\r\n<h2 class=\"wp-block-heading\">2. Uso de la licencia<\/h2>\r\n\r\n\r\n\r\n<p>Se concede permiso para descargar temporalmente una copia de materiales (informaci\u00f3n o software) del sitio web de Comac Brasil para su visualizaci\u00f3n personal y no comercial. Esta licencia constituye la concesi\u00f3n de una licencia, no una transferencia de titularidad, y bajo esta licencia no se puede:<\/p>\r\n\r\n\r\n\r\n<ol class=\"wp-block-list\">\r\n<li>modificar o copiar los materiales;<\/li>\r\n<li>utilizar materiales con fines comerciales o para exhibici\u00f3n p\u00fablica (comercial o no comercial);<\/li>\r\n<li>intentar descompilar o aplicar ingenier\u00eda inversa a cualquier software contenido en el sitio web de Comac Brasil;<\/li>\r\n<li>eliminar cualquier nota de derechos de autor u otras notas de propiedad de los materiales;<\/li>\r\n<li>transferir materiales a otra persona o \u201cduplicar\u201d materiales en cualquier otro servidor.<\/li>\r\n<\/ol>\r\n\r\n\r\n\r\n<p>Esta licencia se rescindir\u00e1 autom\u00e1ticamente si usted infringe cualquiera de estas restricciones y Comac Brasil podr\u00e1 rescindirla en cualquier momento. Al finalizar la visualizaci\u00f3n de estos materiales o al completar esta licencia, deber\u00e1 eliminar todos los materiales descargados que tenga en su poder, ya sea en formato electr\u00f3nico o impreso.<\/p>\r\n\r\n\r\n\r\n<h2 class=\"wp-block-heading\">3. Exoneraci\u00f3n de responsabilidad<\/h2>\r\n\r\n\r\n\r\n<ol class=\"wp-block-list\">\r\n<li>Los materiales del sitio web de Comac Brasil se proporcionan &quot;tal cual&quot;. Comac Brasil no ofrece garant\u00edas, expresas ni impl\u00edcitas, y por la presente renuncia a todas las dem\u00e1s garant\u00edas, incluidas, entre otras, las garant\u00edas o condiciones impl\u00edcitas de comerciabilidad, idoneidad para un fin espec\u00edfico o no infracci\u00f3n de la propiedad intelectual u otros derechos.\u00a0<\/li>\r\n<li>Adem\u00e1s, Comac Brasil no garantiza ninguna representaci\u00f3n en cuanto a precisi\u00f3n, resultados probables o confiabilidad del uso de los materiales en su sitio web o relacionados con estos materiales o en sitios web vinculados a este sitio web.<\/li>\r\n<\/ol>\r\n\r\n\r\n\r\n<h2 class=\"wp-block-heading\">4. Limitaciones<\/h2>\r\n\r\n\r\n\r\n<p>En ning\u00fan caso, Comac Brasil ni sus proveedores ser\u00e1n responsables de ning\u00fan da\u00f1o (incluyendo, entre otros, da\u00f1os por p\u00e9rdida de datos o beneficios, o por interrupci\u00f3n del negocio) derivado del uso o la imposibilidad de usar los materiales de Comac Brasil, incluso si Comac Brasil o un representante autorizado de Comac Brasil ha sido notificado verbalmente o por escrito de la posibilidad de dicho da\u00f1o. Dado que algunas jurisdicciones no permiten limitaciones a las garant\u00edas impl\u00edcitas ni a la responsabilidad por da\u00f1os consecuentes o incidentales, es posible que estas limitaciones no le sean aplicables.<\/p>\r\n\r\n\r\n\r\n<h2 class=\"wp-block-heading\">5. Precisi\u00f3n de los materiales<\/h2>\r\n\r\n\r\n\r\n<p>Los materiales que aparecen en el sitio web de Comac Brasil pueden contener errores t\u00e9cnicos, tipogr\u00e1ficos o fotogr\u00e1ficos. Comac Brasil no garantiza la exactitud, integridad ni actualidad del material de su sitio web. Comac Brasil podr\u00e1 modificar los materiales de su sitio web en cualquier momento sin previo aviso. Sin embargo, Comac Brasil no se compromete a actualizarlos.<\/p>\r\n\r\n\r\n\r\n<h2 class=\"wp-block-heading\">6. Enlaces<\/h2>\r\n\r\n\r\n\r\n<p>Comac Brasil no ha analizado todos los sitios enlazados a su sitio y no se responsabiliza del contenido de ninguno de ellos. La inclusi\u00f3n de un enlace no implica la aprobaci\u00f3n del sitio por parte de Comac Brasil. El uso de cualquier sitio enlazado es bajo el propio riesgo del usuario.<\/p>\r\n\r\n\r\n\r\n<h3 class=\"wp-block-heading\">Modificaciones<\/h3>\r\n\r\n\r\n\r\n<p>Comac Brasil podr\u00e1 revisar estos t\u00e9rminos de servicio del sitio web en cualquier momento sin previo aviso. Al usar este sitio, usted acepta estar sujeto a la versi\u00f3n actual de estos t\u00e9rminos de servicio.<\/p>\r\n\r\n\r\n\r\n<h3 class=\"wp-block-heading\">Ley aplicable<\/h3>\r\n\r\n\r\n\r\n<p>Estos t\u00e9rminos y condiciones son r\u00edgidos e interpretados de acuerdo con las leyes de Comac Brasil y est\u00e1n irrevocablemente sometidos a la jurisdicci\u00f3n exclusiva de los tribunales de ese estado o localidad.<\/p>","protected":false},"excerpt":{"rendered":"<p>1. T\u00e9rminos Al acceder al sitio web de Comac Brasil, acepta cumplir con estos t\u00e9rminos de servicio, todas las leyes y regulaciones aplicables, y acepta que es responsable del cumplimiento de todas las leyes locales aplicables. Si no est\u00e1 de acuerdo con alguno de estos t\u00e9rminos, tiene prohibido usar o acceder a este sitio web.<\/p>","protected":false},"author":1,"featured_media":0,"parent":0,"menu_order":0,"comment_status":"closed","ping_status":"closed","template":"","meta":{"_acf_changed":false,"inline_featured_image":false,"_joinchat":[],"footnotes":""},"class_list":["post-4713","page","type-page","status-publish","hentry"],"acf":[],"yoast_head":"<!-- This site is optimized with the Yoast SEO plugin v27.1.1 - https:\/\/yoast.com\/product\/yoast-seo-wordpress\/ -->\n<title>T\u00e9rminos y condiciones - Comac - Brasil<\/title>\n<meta name=\"robots\" content=\"index, follow, max-snippet:-1, max-image-preview:large, max-video-preview:-1\" \/>\n<link rel=\"canonical\" href=\"https:\/\/comacbr.com\/es\/terminos-y-condiciones\/\" \/>\n<meta property=\"og:locale\" content=\"es_ES\" \/>\n<meta property=\"og:type\" content=\"article\" \/>\n<meta property=\"og:title\" content=\"T\u00e9rminos y condiciones - Comac - Brasil\" \/>\n<meta property=\"og:description\" content=\"1. T\u00e9rminos Al acceder al sitio web de Comac Brasil, acepta cumplir con estos t\u00e9rminos de servicio, todas las leyes y regulaciones aplicables, y acepta que es responsable del cumplimiento de todas las leyes locales aplicables. Si no est\u00e1 de acuerdo con alguno de estos t\u00e9rminos, tiene prohibido usar o acceder a este sitio web.\" \/>\n<meta property=\"og:url\" content=\"https:\/\/comacbr.com\/es\/terminos-y-condiciones\/\" \/>\n<meta property=\"og:site_name\" content=\"Comac - Brasil\" \/>\n<meta property=\"article:publisher\" content=\"https:\/\/www.facebook.com\/comacbrasil\" \/>\n<meta property=\"article:modified_time\" content=\"2022-07-01T14:43:22+00:00\" \/>\n<meta name=\"twitter:card\" content=\"summary_large_image\" \/>\n<meta name=\"twitter:label1\" content=\"Tiempo de lectura\" \/>\n\t<meta name=\"twitter:data1\" content=\"4 minutos\" \/>\n<script type=\"application\/ld+json\" class=\"yoast-schema-graph\">{\"@context\":\"https:\/\/schema.org\",\"@graph\":[{\"@type\":\"WebPage\",\"@id\":\"https:\/\/comacbr.com\/es\/terminos-y-condiciones\/\",\"url\":\"https:\/\/comacbr.com\/es\/terminos-y-condiciones\/\",\"name\":\"T\u00e9rminos y condiciones - Comac - Brasil\",\"isPartOf\":{\"@id\":\"https:\/\/comacbr.com\/#website\"},\"datePublished\":\"2022-06-24T19:19:38+00:00\",\"dateModified\":\"2022-07-01T14:43:22+00:00\",\"breadcrumb\":{\"@id\":\"https:\/\/comacbr.com\/es\/terminos-y-condiciones\/#breadcrumb\"},\"inLanguage\":\"es\",\"potentialAction\":[{\"@type\":\"ReadAction\",\"target\":[\"https:\/\/comacbr.com\/es\/terminos-y-condiciones\/\"]}]},{\"@type\":\"BreadcrumbList\",\"@id\":\"https:\/\/comacbr.com\/es\/terminos-y-condiciones\/#breadcrumb\",\"itemListElement\":[{\"@type\":\"ListItem\",\"position\":1,\"name\":\"In\u00edcio\",\"item\":\"https:\/\/comacbr.com\/\"},{\"@type\":\"ListItem\",\"position\":2,\"name\":\"T\u00e9rminos y condiciones\"}]},{\"@type\":\"WebSite\",\"@id\":\"https:\/\/comacbr.com\/#website\",\"url\":\"https:\/\/comacbr.com\/\",\"name\":\"Comac - Brasil\",\"description\":\"Manufatura, Automa\u00e7\u00e3o e Rob\u00f3tica\",\"publisher\":{\"@id\":\"https:\/\/comacbr.com\/#organization\"},\"potentialAction\":[{\"@type\":\"SearchAction\",\"target\":{\"@type\":\"EntryPoint\",\"urlTemplate\":\"https:\/\/comacbr.com\/?s={search_term_string}\"},\"query-input\":{\"@type\":\"PropertyValueSpecification\",\"valueRequired\":true,\"valueName\":\"search_term_string\"}}],\"inLanguage\":\"es\"},{\"@type\":\"Organization\",\"@id\":\"https:\/\/comacbr.com\/#organization\",\"name\":\"Comac Brasil\",\"url\":\"https:\/\/comacbr.com\/\",\"logo\":{\"@type\":\"ImageObject\",\"inLanguage\":\"es\",\"@id\":\"https:\/\/comacbr.com\/#\/schema\/logo\/image\/\",\"url\":\"https:\/\/comacbr.com\/wp-content\/uploads\/2025\/12\/Logo-ComacColorido-e1765939798340.webp\",\"contentUrl\":\"https:\/\/comacbr.com\/wp-content\/uploads\/2025\/12\/Logo-ComacColorido-e1765939798340.webp\",\"width\":1737,\"height\":667,\"caption\":\"Comac Brasil\"},\"image\":{\"@id\":\"https:\/\/comacbr.com\/#\/schema\/logo\/image\/\"},\"sameAs\":[\"https:\/\/www.facebook.com\/comacbrasil\",\"https:\/\/www.instagram.com\/comacbrasil\/\"]}]}<\/script>\n<!-- \/ Yoast SEO plugin. -->","yoast_head_json":{"title":"T\u00e9rminos y condiciones - Comac - Brasil","robots":{"index":"index","follow":"follow","max-snippet":"max-snippet:-1","max-image-preview":"max-image-preview:large","max-video-preview":"max-video-preview:-1"},"canonical":"https:\/\/comacbr.com\/es\/terminos-y-condiciones\/","og_locale":"es_ES","og_type":"article","og_title":"T\u00e9rminos y condiciones - Comac - Brasil","og_description":"1. T\u00e9rminos Al acceder al sitio web de Comac Brasil, acepta cumplir con estos t\u00e9rminos de servicio, todas las leyes y regulaciones aplicables, y acepta que es responsable del cumplimiento de todas las leyes locales aplicables. Si no est\u00e1 de acuerdo con alguno de estos t\u00e9rminos, tiene prohibido usar o acceder a este sitio web.","og_url":"https:\/\/comacbr.com\/es\/terminos-y-condiciones\/","og_site_name":"Comac - Brasil","article_publisher":"https:\/\/www.facebook.com\/comacbrasil","article_modified_time":"2022-07-01T14:43:22+00:00","twitter_card":"summary_large_image","twitter_misc":{"Tiempo de lectura":"4 minutos"},"schema":{"@context":"https:\/\/schema.org","@graph":[{"@type":"WebPage","@id":"https:\/\/comacbr.com\/es\/terminos-y-condiciones\/","url":"https:\/\/comacbr.com\/es\/terminos-y-condiciones\/","name":"T\u00e9rminos y condiciones - Comac - Brasil","isPartOf":{"@id":"https:\/\/comacbr.com\/#website"},"datePublished":"2022-06-24T19:19:38+00:00","dateModified":"2022-07-01T14:43:22+00:00","breadcrumb":{"@id":"https:\/\/comacbr.com\/es\/terminos-y-condiciones\/#breadcrumb"},"inLanguage":"es","potentialAction":[{"@type":"ReadAction","target":["https:\/\/comacbr.com\/es\/terminos-y-condiciones\/"]}]},{"@type":"BreadcrumbList","@id":"https:\/\/comacbr.com\/es\/terminos-y-condiciones\/#breadcrumb","itemListElement":[{"@type":"ListItem","position":1,"name":"In\u00edcio","item":"https:\/\/comacbr.com\/"},{"@type":"ListItem","position":2,"name":"T\u00e9rminos y condiciones"}]},{"@type":"WebSite","@id":"https:\/\/comacbr.com\/#website","url":"https:\/\/comacbr.com\/","name":"Comac - Brasil","description":"Fabricaci\u00f3n, automatizaci\u00f3n y rob\u00f3tica","publisher":{"@id":"https:\/\/comacbr.com\/#organization"},"potentialAction":[{"@type":"SearchAction","target":{"@type":"EntryPoint","urlTemplate":"https:\/\/comacbr.com\/?s={search_term_string}"},"query-input":{"@type":"PropertyValueSpecification","valueRequired":true,"valueName":"search_term_string"}}],"inLanguage":"es"},{"@type":"Organization","@id":"https:\/\/comacbr.com\/#organization","name":"Comac Brasil","url":"https:\/\/comacbr.com\/","logo":{"@type":"ImageObject","inLanguage":"es","@id":"https:\/\/comacbr.com\/#\/schema\/logo\/image\/","url":"https:\/\/comacbr.com\/wp-content\/uploads\/2025\/12\/Logo-ComacColorido-e1765939798340.webp","contentUrl":"https:\/\/comacbr.com\/wp-content\/uploads\/2025\/12\/Logo-ComacColorido-e1765939798340.webp","width":1737,"height":667,"caption":"Comac Brasil"},"image":{"@id":"https:\/\/comacbr.com\/#\/schema\/logo\/image\/"},"sameAs":["https:\/\/www.facebook.com\/comacbrasil","https:\/\/www.instagram.com\/comacbrasil\/"]}]}},"_links":{"self":[{"href":"https:\/\/comacbr.com\/es\/wp-json\/wp\/v2\/pages\/4713","targetHints":{"allow":["GET"]}}],"collection":[{"href":"https:\/\/comacbr.com\/es\/wp-json\/wp\/v2\/pages"}],"about":[{"href":"https:\/\/comacbr.com\/es\/wp-json\/wp\/v2\/types\/page"}],"author":[{"embeddable":true,"href":"https:\/\/comacbr.com\/es\/wp-json\/wp\/v2\/users\/1"}],"replies":[{"embeddable":true,"href":"https:\/\/comacbr.com\/es\/wp-json\/wp\/v2\/comments?post=4713"}],"version-history":[{"count":0,"href":"https:\/\/comacbr.com\/es\/wp-json\/wp\/v2\/pages\/4713\/revisions"}],"wp:attachment":[{"href":"https:\/\/comacbr.com\/es\/wp-json\/wp\/v2\/media?parent=4713"}],"curies":[{"name":"wp","href":"https:\/\/api.w.org\/{rel}","templated":true}]}}