{"id":4633,"date":"2022-06-24T12:02:12","date_gmt":"2022-06-24T15:02:12","guid":{"rendered":"https:\/\/comacbr.com?page_id=4633"},"modified":"2022-06-24T12:19:21","modified_gmt":"2022-06-24T15:19:21","slug":"politica-de-privacidad","status":"publish","type":"page","link":"https:\/\/comacbr.com\/es\/politica-de-privacidad\/","title":{"rendered":"Pol\u00edtica de privacidad"},"content":{"rendered":"<div data-elementor-type=\"wp-page\" data-elementor-id=\"4633\" class=\"elementor elementor-4633\" data-elementor-post-type=\"page\">\n\t\t\t\t\t\t<section class=\"elementor-section elementor-top-section elementor-element elementor-element-44daabf7 elementor-section-boxed elementor-section-height-default elementor-section-height-default\" data-id=\"44daabf7\" data-element_type=\"section\" data-e-type=\"section\">\n\t\t\t\t\t\t<div class=\"elementor-container elementor-column-gap-default\">\n\t\t\t\t\t<div class=\"elementor-column elementor-col-100 elementor-top-column elementor-element elementor-element-75dcb986\" data-id=\"75dcb986\" data-element_type=\"column\" data-e-type=\"column\">\n\t\t\t<div class=\"elementor-widget-wrap elementor-element-populated\">\n\t\t\t\t\t\t<div class=\"elementor-element elementor-element-31a9fc7a elementor-widget elementor-widget-text-editor\" data-id=\"31a9fc7a\" data-element_type=\"widget\" data-e-type=\"widget\" data-widget_type=\"text-editor.default\">\n\t\t\t\t\t\t\t\t\t\n<h2 class=\"wp-block-heading\">Nuestra pol\u00edtica de privacidad<\/h2>\n\n<p>Su privacidad es importante para nosotros. Respetar su privacidad con respecto a cualquier informaci\u00f3n que recopilemos en el sitio web forma parte de las directrices de Comac BR. <b>comacbr.com<\/b> y otros sitios web que creamos y operamos. Solo solicitamos informaci\u00f3n personal cuando realmente la necesitamos para prestar un servicio. Lo haremos por medios justos y legales, con su conocimiento y consentimiento. Tambi\u00e9n decidimos por qu\u00e9 la recopilamos y c\u00f3mo se utilizar\u00e1.<br \/><\/p>\n<p>Solo conservamos la informaci\u00f3n recopilada el tiempo necesario para prestar el servicio solicitado. Al almacenar datos, los protegemos con medidas comercialmente aceptables para evitar p\u00e9rdidas y robos, as\u00ed como el acceso, la divulgaci\u00f3n, la copia, el uso o la modificaci\u00f3n no autorizados. No compartimos informaci\u00f3n de identificaci\u00f3n personal p\u00fablicamente ni con terceros, salvo que lo exija la ley. Nuestro sitio web puede contener enlaces a sitios web externos que no operamos. Tenga en cuenta que no tenemos control sobre el contenido ni las pr\u00e1cticas de estos sitios y no nos hacemos responsables de sus respectivas pol\u00edticas de privacidad.<\/p>\n<p>Podemos rechazar nuestra solicitud de informaci\u00f3n personal, en el entendido de que es posible que no podamos brindarle algunos de los servicios que necesita. Su uso continuado de nuestro sitio web se considerar\u00e1 como una aceptaci\u00f3n de nuestras pr\u00e1cticas de privacidad e informaci\u00f3n personal. Si tiene alguna pregunta sobre c\u00f3mo gestionamos los datos de usuario y la informaci\u00f3n personal, comun\u00edquese con nosotros.<\/p>\n\n\n<h2>Pol\u00edtica de cookies de COMAC BR<\/h2>\n<div><br \/><\/div>\n<h4>\u00bfQU\u00c9 SON LAS COOKIES?<\/h4>\n<p>Como es habitual en todos los sitios web profesionales, este sitio utiliza cookies, que son peque\u00f1os archivos que se descargan en su ordenador, para mejorar su experiencia. Esta p\u00e1gina describe qu\u00e9 informaci\u00f3n se recopila, c\u00f3mo la utilizamos y por qu\u00e9 a veces necesitamos almacenar estas cookies. Tambi\u00e9n le explicaremos c\u00f3mo puede evitar que se almacenen estas cookies; sin embargo, pueden degradar o interrumpir la funcionalidad de ciertos elementos del sitio web.<\/p>\n<h4><span style=\"font-size: 1.5rem;\">\u00bfC\u00d3MO UTILIZAMOS LAS COOKIES?<\/span><br \/><\/h4>\n<p>Utilizamos cookies por diversas razones, que se detallan a continuaci\u00f3n. Lamentablemente, en la mayor\u00eda de los casos, no existen opciones est\u00e1ndar en la industria para desactivar las cookies sin desactivar por completo las funciones y caracter\u00edsticas que se a\u00f1aden a este sitio. Se recomienda que descarte todas las cookies si no est\u00e1 seguro de si las necesita o si se utilizan para prestar el servicio que utiliza.<\/p>\n<h4>DESACTIVAR COOKIES<\/h4>\n<p>Puede evitar la instalaci\u00f3n de cookies configurando su navegador (consulte la secci\u00f3n &quot;Ayuda&quot; de su navegador para saber c\u00f3mo hacerlo). Tenga en cuenta que deshabilitar las cookies afectar\u00e1 la funcionalidad de este y muchos otros sitios web que visite. Deshabilitar las cookies generalmente implica la desactivaci\u00f3n de ciertas funciones y caracter\u00edsticas de este sitio web. Por lo tanto, se recomienda no deshabilitar las cookies.<\/p>\n<h4>COOKIES QUE CONFIGURAMOS<\/h4>\n<ul>\n<li>Cookies relacionadas con la cuenta: si crea una cuenta con nosotros, utilizaremos cookies para gestionar el proceso de registro y la administraci\u00f3n general. Estas cookies generalmente se eliminar\u00e1n al iniciar sesi\u00f3n; sin embargo, en algunos casos, podr\u00edan permanecer despu\u00e9s de que recuerde sus preferencias del sitio web al iniciar sesi\u00f3n.<\/li>\n<li>Cookies relacionadas con el inicio de sesi\u00f3n: utilizamos cookies al iniciar sesi\u00f3n para recordar esta acci\u00f3n. Esto evita tener que iniciar sesi\u00f3n cada vez que visita una nueva p\u00e1gina. Estas cookies generalmente se eliminan al iniciar sesi\u00f3n para garantizar que solo pueda acceder a funciones y \u00e1reas restringidas.<\/li>\n<li>Cookies relacionadas con el env\u00edo de newsletters por correo electr\u00f3nico: este sitio web ofrece servicios de suscripci\u00f3n a newsletters o correo electr\u00f3nico y las cookies pueden utilizarse para recordar si est\u00e1s registrado y para mostrar determinadas notificaciones que s\u00f3lo son v\u00e1lidas para usuarios suscritos o no suscritos.<\/li>\n<li>Cookies relacionadas con el procesamiento de pedidos: este sitio web ofrece comercio electr\u00f3nico o facilidades de pago y algunas cookies son esenciales para garantizar que su pedido se recuerde entre p\u00e1ginas para que podamos procesarlo correctamente.<\/li>\n<li>Cookies relacionadas con encuestas: De vez en cuando, ofrecemos encuestas y cuestionarios para proporcionar informaci\u00f3n interesante, herramientas \u00fatiles o para comprender mejor a nuestros usuarios. Estas encuestas pueden utilizar cookies para recordar qui\u00e9nes participaron o para proporcionar resultados precisos al cambiar de p\u00e1gina.<\/li>\n<li>Cookies relacionadas con formularios: cuando env\u00edas datos a trav\u00e9s de un formulario como los que se encuentran en las p\u00e1ginas de contacto o formularios de comentarios, se pueden configurar cookies para recordar los detalles del usuario para futura correspondencia.<\/li>\n<li>Cookies de preferencias del sitio web: Para brindarle una excelente experiencia en este sitio web, le ofrecemos la funcionalidad de establecer sus preferencias sobre c\u00f3mo funciona este sitio web cuando lo utiliza. Para recordar sus preferencias, necesitamos configurar las cookies para que esta informaci\u00f3n se pueda recuperar cada vez que interact\u00fae con una p\u00e1gina que se vea afectada por sus preferencias.<br \/><\/li>\n<\/ul>\n<h4>COOKIES DE TERCEROS<\/h4>\n<p>En algunos casos especiales, tambi\u00e9n utilizamos cookies proporcionadas por terceros de confianza. La siguiente secci\u00f3n detalla qu\u00e9 cookies de terceros puede encontrar en este sitio web.<\/p>\n<ul>\n<li>Este sitio web utiliza Google Analytics, una de las soluciones de an\u00e1lisis m\u00e1s completas y fiables de la web, para comprender c\u00f3mo utiliza el sitio web y c\u00f3mo podemos mejorar su experiencia. Estas cookies pueden registrar datos como el tiempo que pasa en el sitio y las p\u00e1ginas que visita, para que podamos seguir creando contenido atractivo.<br \/><\/li>\n<\/ul>\n<ul>Para obtener m\u00e1s informaci\u00f3n sobre las cookies de Google Analytics, consulte la p\u00e1gina oficial de Google Analytics.\n<li>Utilizamos an\u00e1lisis de terceros para rastrear y medir el uso de este sitio web y as\u00ed poder seguir creando contenido atractivo. Estas cookies pueden registrar datos como el tiempo que pasa en el sitio o las p\u00e1ginas que visita, lo que nos ayuda a comprender c\u00f3mo podemos mejorar el sitio para los usuarios.<\/li>\n<li>De vez en cuando, probamos nuevas funciones y realizamos peque\u00f1os cambios en la apariencia del sitio. Mientras seguimos probando nuevas funciones, estas cookies se pueden utilizar para garantizar que disfrute de una experiencia consistente mientras visita el sitio, ya que entendemos que nuestros usuarios valoran m\u00e1s las optimizaciones.<\/li>\n<li>Al vender productos, es importante comprender las estad\u00edsticas sobre cu\u00e1ntas personas visitan nuestro sitio web y cu\u00e1ntos compran realmente. Por eso, este es el tipo de datos que se utilizan para rastrear estas cookies. Esto es importante para nosotros, ya que nos permite realizar predicciones comerciales precisas que nos permiten analizar nuestros costos de publicidad y productos para garantizar que obtenga el mejor precio posible.<br \/><\/li>\n<\/ul>\n<h4>M\u00c1S INFORMACI\u00d3N<\/h4>\n<p>Esperamos que esto quede claro y, como se mencion\u00f3 anteriormente, si hay algo que no est\u00e1 seguro si lo necesita o no, generalmente es m\u00e1s seguro dejar las cookies habilitadas si interact\u00faa con alguna de las funciones que utiliza en nuestro sitio web.<\/p>\n<p>Esta pol\u00edtica entra en vigor a partir de <b>Diciembre de 2020<\/b>.<\/p>\n\t\t\t\t\t\t\t\t<\/div>\n\t\t\t\t\t<\/div>\n\t\t<\/div>\n\t\t\t\t\t<\/div>\n\t\t<\/section>\n\t\t\t\t<\/div>","protected":false},"excerpt":{"rendered":"<p>Nuestra pol\u00edtica de privacidad Su privacidad es importante para nosotros. Es parte de las pautas de Comac BR respetar su privacidad con respecto a cualquier informaci\u00f3n que podamos recopilar en el sitio web comacbr.com y otros sitios web que poseemos y operamos. Solo solicitamos informaci\u00f3n personal cuando realmente la necesitamos para brindarle un servicio. Hacemos<\/p>","protected":false},"author":1,"featured_media":0,"parent":0,"menu_order":0,"comment_status":"closed","ping_status":"closed","template":"","meta":{"_acf_changed":false,"inline_featured_image":false,"_joinchat":[],"footnotes":""},"class_list":["post-4633","page","type-page","status-publish","hentry"],"acf":[],"yoast_head":"<!-- This site is optimized with the Yoast SEO plugin v27.1.1 - https:\/\/yoast.com\/product\/yoast-seo-wordpress\/ -->\n<title>Politica de privacidad - Comac - Brasil<\/title>\n<meta name=\"robots\" content=\"index, follow, max-snippet:-1, max-image-preview:large, max-video-preview:-1\" \/>\n<link rel=\"canonical\" href=\"https:\/\/comacbr.com\/es\/politica-de-privacidad\/\" \/>\n<meta property=\"og:locale\" content=\"es_ES\" \/>\n<meta property=\"og:type\" content=\"article\" \/>\n<meta property=\"og:title\" content=\"Politica de privacidad - Comac - Brasil\" \/>\n<meta property=\"og:description\" content=\"Nuestra pol\u00edtica de privacidad Su privacidad es importante para nosotros. Es parte de las pautas de Comac BR respetar su privacidad con respecto a cualquier informaci\u00f3n que podamos recopilar en el sitio web comacbr.com y otros sitios web que poseemos y operamos. Solo solicitamos informaci\u00f3n personal cuando realmente la necesitamos para brindarle un servicio. Hacemos\" \/>\n<meta property=\"og:url\" content=\"https:\/\/comacbr.com\/es\/politica-de-privacidad\/\" \/>\n<meta property=\"og:site_name\" content=\"Comac - Brasil\" \/>\n<meta property=\"article:publisher\" content=\"https:\/\/www.facebook.com\/comacbrasil\" \/>\n<meta property=\"article:modified_time\" content=\"2022-06-24T15:19:21+00:00\" \/>\n<meta name=\"twitter:card\" content=\"summary_large_image\" \/>\n<meta name=\"twitter:label1\" content=\"Tiempo de lectura\" \/>\n\t<meta name=\"twitter:data1\" content=\"7 minutos\" \/>\n<script type=\"application\/ld+json\" class=\"yoast-schema-graph\">{\"@context\":\"https:\/\/schema.org\",\"@graph\":[{\"@type\":\"WebPage\",\"@id\":\"https:\/\/comacbr.com\/es\/politica-de-privacidad\/\",\"url\":\"https:\/\/comacbr.com\/es\/politica-de-privacidad\/\",\"name\":\"Politica de privacidad - Comac - Brasil\",\"isPartOf\":{\"@id\":\"https:\/\/comacbr.com\/#website\"},\"datePublished\":\"2022-06-24T15:02:12+00:00\",\"dateModified\":\"2022-06-24T15:19:21+00:00\",\"breadcrumb\":{\"@id\":\"https:\/\/comacbr.com\/es\/politica-de-privacidad\/#breadcrumb\"},\"inLanguage\":\"es\",\"potentialAction\":[{\"@type\":\"ReadAction\",\"target\":[\"https:\/\/comacbr.com\/es\/politica-de-privacidad\/\"]}]},{\"@type\":\"BreadcrumbList\",\"@id\":\"https:\/\/comacbr.com\/es\/politica-de-privacidad\/#breadcrumb\",\"itemListElement\":[{\"@type\":\"ListItem\",\"position\":1,\"name\":\"In\u00edcio\",\"item\":\"https:\/\/comacbr.com\/\"},{\"@type\":\"ListItem\",\"position\":2,\"name\":\"Politica de privacidad\"}]},{\"@type\":\"WebSite\",\"@id\":\"https:\/\/comacbr.com\/#website\",\"url\":\"https:\/\/comacbr.com\/\",\"name\":\"Comac - Brasil\",\"description\":\"Manufatura, Automa\u00e7\u00e3o e Rob\u00f3tica\",\"publisher\":{\"@id\":\"https:\/\/comacbr.com\/#organization\"},\"potentialAction\":[{\"@type\":\"SearchAction\",\"target\":{\"@type\":\"EntryPoint\",\"urlTemplate\":\"https:\/\/comacbr.com\/?s={search_term_string}\"},\"query-input\":{\"@type\":\"PropertyValueSpecification\",\"valueRequired\":true,\"valueName\":\"search_term_string\"}}],\"inLanguage\":\"es\"},{\"@type\":\"Organization\",\"@id\":\"https:\/\/comacbr.com\/#organization\",\"name\":\"Comac Brasil\",\"url\":\"https:\/\/comacbr.com\/\",\"logo\":{\"@type\":\"ImageObject\",\"inLanguage\":\"es\",\"@id\":\"https:\/\/comacbr.com\/#\/schema\/logo\/image\/\",\"url\":\"https:\/\/comacbr.com\/wp-content\/uploads\/2025\/12\/Logo-ComacColorido-e1765939798340.webp\",\"contentUrl\":\"https:\/\/comacbr.com\/wp-content\/uploads\/2025\/12\/Logo-ComacColorido-e1765939798340.webp\",\"width\":1737,\"height\":667,\"caption\":\"Comac Brasil\"},\"image\":{\"@id\":\"https:\/\/comacbr.com\/#\/schema\/logo\/image\/\"},\"sameAs\":[\"https:\/\/www.facebook.com\/comacbrasil\",\"https:\/\/www.instagram.com\/comacbrasil\/\"]}]}<\/script>\n<!-- \/ Yoast SEO plugin. -->","yoast_head_json":{"title":"Politica de privacidad - Comac - Brasil","robots":{"index":"index","follow":"follow","max-snippet":"max-snippet:-1","max-image-preview":"max-image-preview:large","max-video-preview":"max-video-preview:-1"},"canonical":"https:\/\/comacbr.com\/es\/politica-de-privacidad\/","og_locale":"es_ES","og_type":"article","og_title":"Politica de privacidad - Comac - Brasil","og_description":"Nuestra pol\u00edtica de privacidad Su privacidad es importante para nosotros. Es parte de las pautas de Comac BR respetar su privacidad con respecto a cualquier informaci\u00f3n que podamos recopilar en el sitio web comacbr.com y otros sitios web que poseemos y operamos. Solo solicitamos informaci\u00f3n personal cuando realmente la necesitamos para brindarle un servicio. Hacemos","og_url":"https:\/\/comacbr.com\/es\/politica-de-privacidad\/","og_site_name":"Comac - Brasil","article_publisher":"https:\/\/www.facebook.com\/comacbrasil","article_modified_time":"2022-06-24T15:19:21+00:00","twitter_card":"summary_large_image","twitter_misc":{"Tiempo de lectura":"7 minutos"},"schema":{"@context":"https:\/\/schema.org","@graph":[{"@type":"WebPage","@id":"https:\/\/comacbr.com\/es\/politica-de-privacidad\/","url":"https:\/\/comacbr.com\/es\/politica-de-privacidad\/","name":"Politica de privacidad - Comac - Brasil","isPartOf":{"@id":"https:\/\/comacbr.com\/#website"},"datePublished":"2022-06-24T15:02:12+00:00","dateModified":"2022-06-24T15:19:21+00:00","breadcrumb":{"@id":"https:\/\/comacbr.com\/es\/politica-de-privacidad\/#breadcrumb"},"inLanguage":"es","potentialAction":[{"@type":"ReadAction","target":["https:\/\/comacbr.com\/es\/politica-de-privacidad\/"]}]},{"@type":"BreadcrumbList","@id":"https:\/\/comacbr.com\/es\/politica-de-privacidad\/#breadcrumb","itemListElement":[{"@type":"ListItem","position":1,"name":"In\u00edcio","item":"https:\/\/comacbr.com\/"},{"@type":"ListItem","position":2,"name":"Politica de privacidad"}]},{"@type":"WebSite","@id":"https:\/\/comacbr.com\/#website","url":"https:\/\/comacbr.com\/","name":"Comac - Brasil","description":"Fabricaci\u00f3n, automatizaci\u00f3n y rob\u00f3tica","publisher":{"@id":"https:\/\/comacbr.com\/#organization"},"potentialAction":[{"@type":"SearchAction","target":{"@type":"EntryPoint","urlTemplate":"https:\/\/comacbr.com\/?s={search_term_string}"},"query-input":{"@type":"PropertyValueSpecification","valueRequired":true,"valueName":"search_term_string"}}],"inLanguage":"es"},{"@type":"Organization","@id":"https:\/\/comacbr.com\/#organization","name":"Comac Brasil","url":"https:\/\/comacbr.com\/","logo":{"@type":"ImageObject","inLanguage":"es","@id":"https:\/\/comacbr.com\/#\/schema\/logo\/image\/","url":"https:\/\/comacbr.com\/wp-content\/uploads\/2025\/12\/Logo-ComacColorido-e1765939798340.webp","contentUrl":"https:\/\/comacbr.com\/wp-content\/uploads\/2025\/12\/Logo-ComacColorido-e1765939798340.webp","width":1737,"height":667,"caption":"Comac Brasil"},"image":{"@id":"https:\/\/comacbr.com\/#\/schema\/logo\/image\/"},"sameAs":["https:\/\/www.facebook.com\/comacbrasil","https:\/\/www.instagram.com\/comacbrasil\/"]}]}},"_links":{"self":[{"href":"https:\/\/comacbr.com\/es\/wp-json\/wp\/v2\/pages\/4633","targetHints":{"allow":["GET"]}}],"collection":[{"href":"https:\/\/comacbr.com\/es\/wp-json\/wp\/v2\/pages"}],"about":[{"href":"https:\/\/comacbr.com\/es\/wp-json\/wp\/v2\/types\/page"}],"author":[{"embeddable":true,"href":"https:\/\/comacbr.com\/es\/wp-json\/wp\/v2\/users\/1"}],"replies":[{"embeddable":true,"href":"https:\/\/comacbr.com\/es\/wp-json\/wp\/v2\/comments?post=4633"}],"version-history":[{"count":0,"href":"https:\/\/comacbr.com\/es\/wp-json\/wp\/v2\/pages\/4633\/revisions"}],"wp:attachment":[{"href":"https:\/\/comacbr.com\/es\/wp-json\/wp\/v2\/media?parent=4633"}],"curies":[{"name":"wp","href":"https:\/\/api.w.org\/{rel}","templated":true}]}}