{"id":290,"date":"2019-10-13T09:33:59","date_gmt":"2019-10-13T12:33:59","guid":{"rendered":"https:\/\/themes.envytheme.com\/albion\/?page_id=290"},"modified":"2025-06-12T10:31:04","modified_gmt":"2025-06-12T13:31:04","slug":"contato","status":"publish","type":"page","link":"https:\/\/comacbr.com\/es\/contato\/","title":{"rendered":"Contacto"},"content":{"rendered":"\t\t<div data-elementor-type=\"wp-page\" data-elementor-id=\"290\" class=\"elementor elementor-290\" data-elementor-post-type=\"page\">\n\t\t\t\t<div class=\"elementor-element elementor-element-45dd78ad e-con-full e-flex e-con e-parent\" data-id=\"45dd78ad\" data-element_type=\"container\" data-e-type=\"container\" data-settings=\"{&quot;background_background&quot;:&quot;classic&quot;,&quot;background_motion_fx_motion_fx_scrolling&quot;:&quot;yes&quot;,&quot;background_motion_fx_translateY_effect&quot;:&quot;yes&quot;,&quot;background_motion_fx_translateY_speed&quot;:{&quot;unit&quot;:&quot;px&quot;,&quot;size&quot;:4,&quot;sizes&quot;:[]},&quot;background_motion_fx_translateY_affectedRange&quot;:{&quot;unit&quot;:&quot;%&quot;,&quot;size&quot;:&quot;&quot;,&quot;sizes&quot;:{&quot;start&quot;:0,&quot;end&quot;:100}},&quot;background_motion_fx_devices&quot;:[&quot;desktop&quot;,&quot;tablet&quot;,&quot;mobile&quot;]}\">\n\t\t<div class=\"elementor-element elementor-element-262eff30 e-con-full e-flex e-con e-child\" data-id=\"262eff30\" data-element_type=\"container\" data-e-type=\"container\">\n\t\t\t\t<div class=\"elementor-element elementor-element-5312a2a8 elementor-widget elementor-widget-heading\" data-id=\"5312a2a8\" data-element_type=\"widget\" data-e-type=\"widget\" data-widget_type=\"heading.default\">\n\t\t\t\t\t<h2 class=\"elementor-heading-title elementor-size-default\">Contate-nos<\/h2>\t\t\t\t<\/div>\n\t\t\t\t<div class=\"elementor-element elementor-element-53c7c76b elementor-widget elementor-widget-text-editor\" data-id=\"53c7c76b\" data-element_type=\"widget\" data-e-type=\"widget\" data-widget_type=\"text-editor.default\">\n\t\t\t\t\t\t\t\t\t<p>Para mais informa\u00e7\u00f5es, entre em contato com o respons\u00e1vel pelo nosso setor comercial ou envie uma mensagem pelo formul\u00e1rio, email ou celular.<\/p>\t\t\t\t\t\t\t\t<\/div>\n\t\t<div class=\"elementor-element elementor-element-d7c99eb e-con-full e-flex e-con e-child\" data-id=\"d7c99eb\" data-element_type=\"container\" data-e-type=\"container\">\n\t\t<div class=\"elementor-element elementor-element-37e75fc1 e-con-full e-flex e-con e-child\" data-id=\"37e75fc1\" data-element_type=\"container\" data-e-type=\"container\">\n\t\t\t\t<div class=\"elementor-element elementor-element-41b7cd33 elementor-widget elementor-widget-spacer\" data-id=\"41b7cd33\" data-element_type=\"widget\" data-e-type=\"widget\" data-widget_type=\"spacer.default\">\n\t\t\t\t\t\t\t<div class=\"elementor-spacer\">\n\t\t\t<div class=\"elementor-spacer-inner\"><\/div>\n\t\t<\/div>\n\t\t\t\t\t\t<\/div>\n\t\t\t\t<\/div>\n\t\t<div class=\"elementor-element elementor-element-163bbeb0 team-card e-con-full e-flex e-con e-child\" data-id=\"163bbeb0\" data-element_type=\"container\" data-e-type=\"container\">\n\t\t\t\t<div class=\"elementor-element elementor-element-47c65657 card-title elementor-widget elementor-widget-heading\" data-id=\"47c65657\" data-element_type=\"widget\" data-e-type=\"widget\" data-widget_type=\"heading.default\">\n\t\t\t\t\t<h2 class=\"elementor-heading-title elementor-size-default\">Precisa de resposta r\u00e1pida?\n<\/h2>\t\t\t\t<\/div>\n\t\t\t\t<div class=\"elementor-element elementor-element-2700839b elementor-widget elementor-widget-text-editor\" data-id=\"2700839b\" data-element_type=\"widget\" data-e-type=\"widget\" data-widget_type=\"text-editor.default\">\n\t\t\t\t\t\t\t\t\t<p>Fale conosco no WhatsApp!<\/p>\t\t\t\t\t\t\t\t<\/div>\n\t\t\t\t<div class=\"elementor-element elementor-element-45b89199 elementor-align-justify elementor-widget__width-initial elementor-widget elementor-widget-button\" data-id=\"45b89199\" data-element_type=\"widget\" data-e-type=\"widget\" data-widget_type=\"button.default\">\n\t\t\t\t\t\t\t\t\t\t<a class=\"elementor-button elementor-button-link elementor-size-lg elementor-animation-grow\" href=\"https:\/\/wa.me\/555434615837?text=Ol\u00e1%2C%20vim%20pelo%20site...\" target=\"_blank\" id=\"botao-whats\">\n\t\t\t\t\t\t<span class=\"elementor-button-content-wrapper\">\n\t\t\t\t\t\t<span class=\"elementor-button-icon\">\n\t\t\t\t<svg aria-hidden=\"true\" class=\"e-font-icon-svg e-fab-whatsapp\" viewBox=\"0 0 448 512\" xmlns=\"http:\/\/www.w3.org\/2000\/svg\"><path d=\"M380.9 97.1C339 55.1 283.2 32 223.9 32c-122.4 0-222 99.6-222 222 0 39.1 10.2 77.3 29.6 111L0 480l117.7-30.9c32.4 17.7 68.9 27 106.1 27h.1c122.3 0 224.1-99.6 224.1-222 0-59.3-25.2-115-67.1-157zm-157 341.6c-33.2 0-65.7-8.9-94-25.7l-6.7-4-69.8 18.3L72 359.2l-4.4-7c-18.5-29.4-28.2-63.3-28.2-98.2 0-101.7 82.8-184.5 184.6-184.5 49.3 0 95.6 19.2 130.4 54.1 34.8 34.9 56.2 81.2 56.1 130.5 0 101.8-84.9 184.6-186.6 184.6zm101.2-138.2c-5.5-2.8-32.8-16.2-37.9-18-5.1-1.9-8.8-2.8-12.5 2.8-3.7 5.6-14.3 18-17.6 21.8-3.2 3.7-6.5 4.2-12 1.4-32.6-16.3-54-29.1-75.5-66-5.7-9.8 5.7-9.1 16.3-30.3 1.8-3.7.9-6.9-.5-9.7-1.4-2.8-12.5-30.1-17.1-41.2-4.5-10.8-9.1-9.3-12.5-9.5-3.2-.2-6.9-.2-10.6-.2-3.7 0-9.7 1.4-14.8 6.9-5.1 5.6-19.4 19-19.4 46.3 0 27.3 19.9 53.7 22.6 57.4 2.8 3.7 39.1 59.7 94.8 83.8 35.2 15.2 49 16.5 66.6 13.9 10.7-1.6 32.8-13.4 37.4-26.4 4.6-13 4.6-24.1 3.2-26.4-1.3-2.5-5-3.9-10.5-6.6z\"><\/path><\/svg>\t\t\t<\/span>\n\t\t\t\t\t\t\t\t<\/span>\n\t\t\t\t\t<\/a>\n\t\t\t\t\t\t\t\t<\/div>\n\t\t\t\t<\/div>\n\t\t<div class=\"elementor-element elementor-element-3493193f e-con-full e-flex e-con e-child\" data-id=\"3493193f\" data-element_type=\"container\" data-e-type=\"container\">\n\t\t\t\t<div class=\"elementor-element elementor-element-4d02a5b elementor-button-align-center elementor-widget elementor-widget-global elementor-global-6521 elementor-widget-form\" data-id=\"4d02a5b\" data-element_type=\"widget\" data-e-type=\"widget\" data-settings=\"{&quot;step_next_label&quot;:&quot;Next&quot;,&quot;step_previous_label&quot;:&quot;Previous&quot;,&quot;step_type&quot;:&quot;number_text&quot;,&quot;step_icon_shape&quot;:&quot;circle&quot;}\" data-widget_type=\"form.default\">\n\t\t\t\t\t\t\t<form class=\"elementor-form\" method=\"post\" name=\"Contato Elementor\" aria-label=\"Contato Elementor\">\n\t\t\t<input type=\"hidden\" name=\"post_id\" value=\"290\"\/>\n\t\t\t<input type=\"hidden\" name=\"form_id\" value=\"4d02a5b\"\/>\n\t\t\t<input type=\"hidden\" name=\"referer_title\" value=\"Comac &#8211; Brasil\" \/>\n\n\t\t\t\n\t\t\t<div class=\"elementor-form-fields-wrapper elementor-labels-above\">\n\t\t\t\t\t\t\t\t<div class=\"elementor-field-type-text elementor-field-group elementor-column elementor-field-group-name elementor-col-50 elementor-field-required\">\n\t\t\t\t\t\t\t\t\t\t\t\t<label for=\"form-field-name\" class=\"elementor-field-label\">\n\t\t\t\t\t\t\t\tNome\t\t\t\t\t\t\t<\/label>\n\t\t\t\t\t\t\t\t\t\t\t\t\t\t<input size=\"1\" type=\"text\" name=\"form_fields[name]\" id=\"form-field-name\" class=\"elementor-field elementor-size-xs  elementor-field-textual\" placeholder=\"Jo\u00e3o da Silva\" required=\"required\"\/>\n\t\t\t\t\t\t\t\t\t\t\t<\/div>\n\t\t\t\t\t\t\t\t<div class=\"elementor-field-type-email elementor-field-group elementor-column elementor-field-group-email elementor-col-50 elementor-field-required\">\n\t\t\t\t\t\t\t\t\t\t\t\t<label for=\"form-field-email\" class=\"elementor-field-label\">\n\t\t\t\t\t\t\t\tEmail\t\t\t\t\t\t\t<\/label>\n\t\t\t\t\t\t\t\t\t\t\t\t\t\t<input size=\"1\" type=\"email\" name=\"form_fields[email]\" id=\"form-field-email\" class=\"elementor-field elementor-size-xs  elementor-field-textual\" placeholder=\"joao@email.com\" required=\"required\"\/>\n\t\t\t\t\t\t\t\t\t\t\t<\/div>\n\t\t\t\t\t\t\t\t<div class=\"elementor-field-type-text elementor-field-group elementor-column elementor-field-group-field_6fc86d9 elementor-col-50 elementor-field-required\">\n\t\t\t\t\t\t\t\t\t\t\t\t<label for=\"form-field-field_6fc86d9\" class=\"elementor-field-label\">\n\t\t\t\t\t\t\t\tEmpresa\t\t\t\t\t\t\t<\/label>\n\t\t\t\t\t\t\t\t\t\t\t\t\t\t<input size=\"1\" type=\"text\" name=\"form_fields[field_6fc86d9]\" id=\"form-field-field_6fc86d9\" class=\"elementor-field elementor-size-xs  elementor-field-textual\" placeholder=\"Comac\" required=\"required\"\/>\n\t\t\t\t\t\t\t\t\t\t\t<\/div>\n\t\t\t\t\t\t\t\t<div class=\"elementor-field-type-tel elementor-field-group elementor-column elementor-field-group-field_336c4ef elementor-col-50 elementor-field-required\">\n\t\t\t\t\t\t\t\t\t\t\t\t<label for=\"form-field-field_336c4ef\" class=\"elementor-field-label\">\n\t\t\t\t\t\t\t\tWhatsApp\t\t\t\t\t\t\t<\/label>\n\t\t\t\t\t\t\t\t<input size=\"1\" type=\"tel\" name=\"form_fields[field_336c4ef]\" id=\"form-field-field_336c4ef\" class=\"elementor-field elementor-size-xs  elementor-field-textual\" placeholder=\"54 3461-5837\" required=\"required\" pattern=\"[0-9()#&amp;+*-=.]+\" title=\"Solo se aceptan n\u00fameros y caracteres de tel\u00e9fono (#,-,*,etc).\"\/>\n\n\t\t\t\t\t\t<\/div>\n\t\t\t\t\t\t\t\t<div class=\"elementor-field-type-text elementor-field-group elementor-column elementor-field-group-field_b9fca54 elementor-col-100\">\n\t\t\t\t\t\t\t\t\t\t\t\t<label for=\"form-field-field_b9fca54\" class=\"elementor-field-label\">\n\t\t\t\t\t\t\t\tAssunto\t\t\t\t\t\t\t<\/label>\n\t\t\t\t\t\t\t\t\t\t\t\t\t\t<input size=\"1\" type=\"text\" name=\"form_fields[field_b9fca54]\" id=\"form-field-field_b9fca54\" class=\"elementor-field elementor-size-xs  elementor-field-textual\" placeholder=\"D\u00favidas, produtos, servi\u00e7os, or\u00e7amentos...\"\/>\n\t\t\t\t\t\t\t\t\t\t\t<\/div>\n\t\t\t\t\t\t\t\t<div class=\"elementor-field-type-textarea elementor-field-group elementor-column elementor-field-group-message elementor-col-100\">\n\t\t\t\t\t\t\t\t\t\t\t\t<label for=\"form-field-message\" class=\"elementor-field-label\">\n\t\t\t\t\t\t\t\tMensagem\t\t\t\t\t\t\t<\/label>\n\t\t\t\t\t\t<textarea class=\"elementor-field-textual elementor-field  elementor-size-xs\" name=\"form_fields[message]\" id=\"form-field-message\" rows=\"4\" placeholder=\"C\u00e9lulas rob\u00f3ticas, m\u00e1quinas CNC, softwares CAM\/CAD...\"><\/textarea>\t\t\t\t<\/div>\n\t\t\t\t\t\t\t\t<div class=\"elementor-field-type-recaptcha_v3 elementor-field-group elementor-column elementor-field-group-field_02df9c0 elementor-col-100 recaptcha_v3-inline\">\n\t\t\t\t\t<div class=\"elementor-field\" id=\"form-field-field_02df9c0\"><div class=\"elementor-g-recaptcha\" data-sitekey=\"6Lf18rkbAAAAAPM245VAuHFpFpBTGwM1nITZpBnm\" data-type=\"v3\" data-action=\"Form\" data-badge=\"inline\" data-size=\"invisible\"><\/div><\/div>\t\t\t\t<\/div>\n\t\t\t\t\t\t\t\t<div class=\"elementor-field-group elementor-column elementor-field-type-submit elementor-col-100 e-form__buttons\">\n\t\t\t\t\t<button class=\"elementor-button elementor-size-md\" type=\"submit\" id=\"botao-enviar\">\n\t\t\t\t\t\t<span class=\"elementor-button-content-wrapper\">\n\t\t\t\t\t\t\t\t\t\t\t\t\t\t\t\t\t\t\t\t\t\t<span class=\"elementor-button-text\">Enviar<\/span>\n\t\t\t\t\t\t\t\t\t\t\t\t\t<\/span>\n\t\t\t\t\t<\/button>\n\t\t\t\t<\/div>\n\t\t\t<\/div>\n\t\t<\/form>\n\t\t\t\t\t\t<\/div>\n\t\t\t\t<div class=\"elementor-element elementor-element-cb9c79a elementor-widget elementor-widget-html\" data-id=\"cb9c79a\" data-element_type=\"widget\" data-e-type=\"widget\" data-widget_type=\"html.default\">\n\t\t\t\t\t<script>\r\ndocument.addEventListener('DOMContentLoaded', function () {\r\n  const form = document.querySelector('.elementor-form');\r\n  if (form) {\r\n    form.addEventListener('submit', function () {\r\n      \/\/ Aguarda o envio do formul\u00e1rio e redireciona ap\u00f3s 1 segundo\r\n      setTimeout(function () {\r\n        window.location.href = 'https:\/\/comacbr.com\/obrigado';\r\n      }, 1000);\r\n    });\r\n  }\r\n});\r\n<\/script>\r\n\t\t\t\t<\/div>\n\t\t\t\t<\/div>\n\t\t<div class=\"elementor-element elementor-element-8403b52 e-con-full e-flex e-con e-child\" data-id=\"8403b52\" data-element_type=\"container\" data-e-type=\"container\" data-settings=\"{&quot;background_background&quot;:&quot;classic&quot;}\">\n\t\t\t\t<\/div>\n\t\t\t\t<\/div>\n\t\t\t\t<\/div>\n\t\t\t\t<\/div>\n\t\t\t\t<section class=\"elementor-section elementor-top-section elementor-element elementor-element-db19505 elementor-section-stretched elementor-section-boxed elementor-section-height-default elementor-section-height-default\" data-id=\"db19505\" data-element_type=\"section\" data-e-type=\"section\" data-settings=\"{&quot;background_background&quot;:&quot;classic&quot;,&quot;stretch_section&quot;:&quot;section-stretched&quot;}\">\n\t\t\t\t\t\t\t<div class=\"elementor-background-overlay\"><\/div>\n\t\t\t\t\t\t\t<div class=\"elementor-container elementor-column-gap-default\">\n\t\t\t\t\t<div class=\"elementor-column elementor-col-100 elementor-top-column elementor-element elementor-element-e37744f\" data-id=\"e37744f\" data-element_type=\"column\" data-e-type=\"column\" data-settings=\"{&quot;background_background&quot;:&quot;classic&quot;,&quot;background_motion_fx_motion_fx_scrolling&quot;:&quot;yes&quot;,&quot;background_motion_fx_translateY_effect&quot;:&quot;yes&quot;,&quot;background_motion_fx_translateY_direction&quot;:&quot;negative&quot;,&quot;background_motion_fx_translateY_speed&quot;:{&quot;unit&quot;:&quot;px&quot;,&quot;size&quot;:4,&quot;sizes&quot;:[]},&quot;background_motion_fx_translateY_affectedRange&quot;:{&quot;unit&quot;:&quot;%&quot;,&quot;size&quot;:&quot;&quot;,&quot;sizes&quot;:{&quot;start&quot;:0,&quot;end&quot;:100}},&quot;background_motion_fx_devices&quot;:[&quot;desktop&quot;,&quot;tablet&quot;,&quot;mobile&quot;]}\">\n\t\t\t<div class=\"elementor-widget-wrap elementor-element-populated\">\n\t\t\t\t\t<div class=\"elementor-background-overlay\"><\/div>\n\t\t\t\t\t\t<div class=\"elementor-element elementor-element-53269db elementor-widget elementor-widget-heading\" data-id=\"53269db\" data-element_type=\"widget\" data-e-type=\"widget\" data-widget_type=\"heading.default\">\n\t\t\t\t\t<h2 class=\"elementor-heading-title elementor-size-default\">Receba todas as novidades exclusivas<\/h2>\t\t\t\t<\/div>\n\t\t\t\t<div class=\"elementor-element elementor-element-fad6569 elementor-widget__width-initial elementor-button-align-stretch elementor-widget elementor-widget-global elementor-global-2644 elementor-widget-form\" data-id=\"fad6569\" data-element_type=\"widget\" data-e-type=\"widget\" data-settings=\"{&quot;step_next_label&quot;:&quot;Next&quot;,&quot;step_previous_label&quot;:&quot;Previous&quot;,&quot;button_width&quot;:&quot;100&quot;,&quot;step_type&quot;:&quot;number_text&quot;,&quot;step_icon_shape&quot;:&quot;circle&quot;}\" data-widget_type=\"form.default\">\n\t\t\t\t\t\t\t<form class=\"elementor-form\" method=\"post\" name=\"New Form\" aria-label=\"New Form\">\n\t\t\t<input type=\"hidden\" name=\"post_id\" value=\"290\"\/>\n\t\t\t<input type=\"hidden\" name=\"form_id\" value=\"fad6569\"\/>\n\t\t\t<input type=\"hidden\" name=\"referer_title\" value=\"Comac &#8211; Brasil\" \/>\n\n\t\t\t\n\t\t\t<div class=\"elementor-form-fields-wrapper elementor-labels-\">\n\t\t\t\t\t\t\t\t<div class=\"elementor-field-type-email elementor-field-group elementor-column elementor-field-group-email elementor-col-100 elementor-field-required\">\n\t\t\t\t\t\t\t\t\t\t\t\t\t<input size=\"1\" type=\"email\" name=\"form_fields[email]\" id=\"form-field-email\" class=\"elementor-field elementor-size-md  elementor-field-textual\" placeholder=\"email@mail.com\" required=\"required\"\/>\n\t\t\t\t\t\t\t\t\t\t\t<\/div>\n\t\t\t\t\t\t\t\t<div class=\"elementor-field-type-recaptcha_v3 elementor-field-group elementor-column elementor-field-group-field_b478073 elementor-col-100 recaptcha_v3-bottomleft\">\n\t\t\t\t\t<div class=\"elementor-field\" id=\"form-field-field_b478073\"><div class=\"elementor-g-recaptcha\" data-sitekey=\"6Lf18rkbAAAAAPM245VAuHFpFpBTGwM1nITZpBnm\" data-type=\"v3\" data-action=\"Form\" data-badge=\"bottomleft\" data-size=\"invisible\"><\/div><\/div>\t\t\t\t<\/div>\n\t\t\t\t\t\t\t\t<div class=\"elementor-field-group elementor-column elementor-field-type-submit elementor-col-100 e-form__buttons\">\n\t\t\t\t\t<button class=\"elementor-button elementor-size-md\" type=\"submit\">\n\t\t\t\t\t\t<span class=\"elementor-button-content-wrapper\">\n\t\t\t\t\t\t\t\t\t\t\t\t\t\t\t\t\t\t\t\t\t\t<span class=\"elementor-button-text\">Receber<\/span>\n\t\t\t\t\t\t\t\t\t\t\t\t\t<\/span>\n\t\t\t\t\t<\/button>\n\t\t\t\t<\/div>\n\t\t\t<\/div>\n\t\t<\/form>\n\t\t\t\t\t\t<\/div>\n\t\t\t\t\t<\/div>\n\t\t<\/div>\n\t\t\t\t\t<\/div>\n\t\t<\/section>\n\t\t\t\t<\/div>\n\t\t","protected":false},"excerpt":{"rendered":"<p>Contate-nos Para mais informa\u00e7\u00f5es, entre em contato com o respons\u00e1vel pelo nosso setor comercial ou envie uma mensagem pelo formul\u00e1rio, email ou celular. Precisa de resposta r\u00e1pida? Fale conosco no WhatsApp! Receba todas as novidades exclusivas<\/p>","protected":false},"author":1,"featured_media":3042,"parent":0,"menu_order":0,"comment_status":"closed","ping_status":"closed","template":"","meta":{"_acf_changed":false,"inline_featured_image":false,"_joinchat":[],"footnotes":""},"class_list":["post-290","page","type-page","status-publish","has-post-thumbnail","hentry"],"acf":[],"yoast_head":"<!-- This site is optimized with the Yoast SEO plugin v27.1.1 - https:\/\/yoast.com\/product\/yoast-seo-wordpress\/ -->\n<title>Contato - Comac - Brasil<\/title>\n<meta name=\"robots\" content=\"index, follow, max-snippet:-1, max-image-preview:large, max-video-preview:-1\" \/>\n<link rel=\"canonical\" href=\"https:\/\/comacbr.com\/es\/contato\/\" \/>\n<meta property=\"og:locale\" content=\"es_ES\" \/>\n<meta property=\"og:type\" content=\"article\" \/>\n<meta property=\"og:title\" content=\"Contato - Comac - Brasil\" \/>\n<meta property=\"og:description\" content=\"Contate-nos Para mais informa\u00e7\u00f5es, entre em contato com o respons\u00e1vel pelo nosso setor comercial ou envie uma mensagem pelo formul\u00e1rio, email ou celular. Precisa de resposta r\u00e1pida? Fale conosco no WhatsApp! Receba todas as novidades exclusivas\" \/>\n<meta property=\"og:url\" content=\"https:\/\/comacbr.com\/es\/contato\/\" \/>\n<meta property=\"og:site_name\" content=\"Comac - Brasil\" \/>\n<meta property=\"article:publisher\" content=\"https:\/\/www.facebook.com\/comacbrasil\" \/>\n<meta property=\"article:modified_time\" content=\"2025-06-12T13:31:04+00:00\" \/>\n<meta property=\"og:image\" content=\"https:\/\/comacbr.com\/wp-content\/uploads\/2019\/10\/Comac_Institucional_duotone.jpg\" \/>\n\t<meta property=\"og:image:width\" content=\"1600\" \/>\n\t<meta property=\"og:image:height\" content=\"700\" \/>\n\t<meta property=\"og:image:type\" content=\"image\/jpeg\" \/>\n<meta name=\"twitter:card\" content=\"summary_large_image\" \/>\n<meta name=\"twitter:label1\" content=\"Tiempo de lectura\" \/>\n\t<meta name=\"twitter:data1\" content=\"1 minuto\" \/>\n<script type=\"application\/ld+json\" class=\"yoast-schema-graph\">{\"@context\":\"https:\/\/schema.org\",\"@graph\":[{\"@type\":\"WebPage\",\"@id\":\"https:\/\/comacbr.com\/contato\/\",\"url\":\"https:\/\/comacbr.com\/contato\/\",\"name\":\"Contato - Comac - Brasil\",\"isPartOf\":{\"@id\":\"https:\/\/comacbr.com\/#website\"},\"primaryImageOfPage\":{\"@id\":\"https:\/\/comacbr.com\/contato\/#primaryimage\"},\"image\":{\"@id\":\"https:\/\/comacbr.com\/contato\/#primaryimage\"},\"thumbnailUrl\":\"https:\/\/comacbr.com\/wp-content\/uploads\/2019\/10\/Comac_Institucional_duotone.jpg\",\"datePublished\":\"2019-10-13T12:33:59+00:00\",\"dateModified\":\"2025-06-12T13:31:04+00:00\",\"breadcrumb\":{\"@id\":\"https:\/\/comacbr.com\/contato\/#breadcrumb\"},\"inLanguage\":\"es\",\"potentialAction\":[{\"@type\":\"ReadAction\",\"target\":[\"https:\/\/comacbr.com\/contato\/\"]}]},{\"@type\":\"ImageObject\",\"inLanguage\":\"es\",\"@id\":\"https:\/\/comacbr.com\/contato\/#primaryimage\",\"url\":\"https:\/\/comacbr.com\/wp-content\/uploads\/2019\/10\/Comac_Institucional_duotone.jpg\",\"contentUrl\":\"https:\/\/comacbr.com\/wp-content\/uploads\/2019\/10\/Comac_Institucional_duotone.jpg\",\"width\":1600,\"height\":700,\"caption\":\"C\u00e9lulas Rob\u00f3ticas Automa\u00e7\u00e3o Industrial\"},{\"@type\":\"BreadcrumbList\",\"@id\":\"https:\/\/comacbr.com\/contato\/#breadcrumb\",\"itemListElement\":[{\"@type\":\"ListItem\",\"position\":1,\"name\":\"In\u00edcio\",\"item\":\"https:\/\/comacbr.com\/\"},{\"@type\":\"ListItem\",\"position\":2,\"name\":\"Contato\"}]},{\"@type\":\"WebSite\",\"@id\":\"https:\/\/comacbr.com\/#website\",\"url\":\"https:\/\/comacbr.com\/\",\"name\":\"Comac - Brasil\",\"description\":\"Manufatura, Automa\u00e7\u00e3o e Rob\u00f3tica\",\"publisher\":{\"@id\":\"https:\/\/comacbr.com\/#organization\"},\"potentialAction\":[{\"@type\":\"SearchAction\",\"target\":{\"@type\":\"EntryPoint\",\"urlTemplate\":\"https:\/\/comacbr.com\/?s={search_term_string}\"},\"query-input\":{\"@type\":\"PropertyValueSpecification\",\"valueRequired\":true,\"valueName\":\"search_term_string\"}}],\"inLanguage\":\"es\"},{\"@type\":\"Organization\",\"@id\":\"https:\/\/comacbr.com\/#organization\",\"name\":\"Comac Brasil\",\"url\":\"https:\/\/comacbr.com\/\",\"logo\":{\"@type\":\"ImageObject\",\"inLanguage\":\"es\",\"@id\":\"https:\/\/comacbr.com\/#\/schema\/logo\/image\/\",\"url\":\"https:\/\/comacbr.com\/wp-content\/uploads\/2025\/12\/Logo-ComacColorido-e1765939798340.webp\",\"contentUrl\":\"https:\/\/comacbr.com\/wp-content\/uploads\/2025\/12\/Logo-ComacColorido-e1765939798340.webp\",\"width\":1737,\"height\":667,\"caption\":\"Comac Brasil\"},\"image\":{\"@id\":\"https:\/\/comacbr.com\/#\/schema\/logo\/image\/\"},\"sameAs\":[\"https:\/\/www.facebook.com\/comacbrasil\",\"https:\/\/www.instagram.com\/comacbrasil\/\"]}]}<\/script>\n<!-- \/ Yoast SEO plugin. -->","yoast_head_json":{"title":"Contato - Comac - Brasil","robots":{"index":"index","follow":"follow","max-snippet":"max-snippet:-1","max-image-preview":"max-image-preview:large","max-video-preview":"max-video-preview:-1"},"canonical":"https:\/\/comacbr.com\/es\/contato\/","og_locale":"es_ES","og_type":"article","og_title":"Contato - Comac - Brasil","og_description":"Contate-nos Para mais informa\u00e7\u00f5es, entre em contato com o respons\u00e1vel pelo nosso setor comercial ou envie uma mensagem pelo formul\u00e1rio, email ou celular. Precisa de resposta r\u00e1pida? Fale conosco no WhatsApp! Receba todas as novidades exclusivas","og_url":"https:\/\/comacbr.com\/es\/contato\/","og_site_name":"Comac - Brasil","article_publisher":"https:\/\/www.facebook.com\/comacbrasil","article_modified_time":"2025-06-12T13:31:04+00:00","og_image":[{"width":1600,"height":700,"url":"https:\/\/comacbr.com\/wp-content\/uploads\/2019\/10\/Comac_Institucional_duotone.jpg","type":"image\/jpeg"}],"twitter_card":"summary_large_image","twitter_misc":{"Tiempo de lectura":"1 minuto"},"schema":{"@context":"https:\/\/schema.org","@graph":[{"@type":"WebPage","@id":"https:\/\/comacbr.com\/contato\/","url":"https:\/\/comacbr.com\/contato\/","name":"Contato - Comac - Brasil","isPartOf":{"@id":"https:\/\/comacbr.com\/#website"},"primaryImageOfPage":{"@id":"https:\/\/comacbr.com\/contato\/#primaryimage"},"image":{"@id":"https:\/\/comacbr.com\/contato\/#primaryimage"},"thumbnailUrl":"https:\/\/comacbr.com\/wp-content\/uploads\/2019\/10\/Comac_Institucional_duotone.jpg","datePublished":"2019-10-13T12:33:59+00:00","dateModified":"2025-06-12T13:31:04+00:00","breadcrumb":{"@id":"https:\/\/comacbr.com\/contato\/#breadcrumb"},"inLanguage":"es","potentialAction":[{"@type":"ReadAction","target":["https:\/\/comacbr.com\/contato\/"]}]},{"@type":"ImageObject","inLanguage":"es","@id":"https:\/\/comacbr.com\/contato\/#primaryimage","url":"https:\/\/comacbr.com\/wp-content\/uploads\/2019\/10\/Comac_Institucional_duotone.jpg","contentUrl":"https:\/\/comacbr.com\/wp-content\/uploads\/2019\/10\/Comac_Institucional_duotone.jpg","width":1600,"height":700,"caption":"C\u00e9lulas Rob\u00f3ticas Automa\u00e7\u00e3o Industrial"},{"@type":"BreadcrumbList","@id":"https:\/\/comacbr.com\/contato\/#breadcrumb","itemListElement":[{"@type":"ListItem","position":1,"name":"In\u00edcio","item":"https:\/\/comacbr.com\/"},{"@type":"ListItem","position":2,"name":"Contato"}]},{"@type":"WebSite","@id":"https:\/\/comacbr.com\/#website","url":"https:\/\/comacbr.com\/","name":"Comac - Brasil","description":"Fabricaci\u00f3n, automatizaci\u00f3n y rob\u00f3tica","publisher":{"@id":"https:\/\/comacbr.com\/#organization"},"potentialAction":[{"@type":"SearchAction","target":{"@type":"EntryPoint","urlTemplate":"https:\/\/comacbr.com\/?s={search_term_string}"},"query-input":{"@type":"PropertyValueSpecification","valueRequired":true,"valueName":"search_term_string"}}],"inLanguage":"es"},{"@type":"Organization","@id":"https:\/\/comacbr.com\/#organization","name":"Comac Brasil","url":"https:\/\/comacbr.com\/","logo":{"@type":"ImageObject","inLanguage":"es","@id":"https:\/\/comacbr.com\/#\/schema\/logo\/image\/","url":"https:\/\/comacbr.com\/wp-content\/uploads\/2025\/12\/Logo-ComacColorido-e1765939798340.webp","contentUrl":"https:\/\/comacbr.com\/wp-content\/uploads\/2025\/12\/Logo-ComacColorido-e1765939798340.webp","width":1737,"height":667,"caption":"Comac Brasil"},"image":{"@id":"https:\/\/comacbr.com\/#\/schema\/logo\/image\/"},"sameAs":["https:\/\/www.facebook.com\/comacbrasil","https:\/\/www.instagram.com\/comacbrasil\/"]}]}},"_links":{"self":[{"href":"https:\/\/comacbr.com\/es\/wp-json\/wp\/v2\/pages\/290","targetHints":{"allow":["GET"]}}],"collection":[{"href":"https:\/\/comacbr.com\/es\/wp-json\/wp\/v2\/pages"}],"about":[{"href":"https:\/\/comacbr.com\/es\/wp-json\/wp\/v2\/types\/page"}],"author":[{"embeddable":true,"href":"https:\/\/comacbr.com\/es\/wp-json\/wp\/v2\/users\/1"}],"replies":[{"embeddable":true,"href":"https:\/\/comacbr.com\/es\/wp-json\/wp\/v2\/comments?post=290"}],"version-history":[{"count":0,"href":"https:\/\/comacbr.com\/es\/wp-json\/wp\/v2\/pages\/290\/revisions"}],"wp:featuredmedia":[{"embeddable":true,"href":"https:\/\/comacbr.com\/es\/wp-json\/wp\/v2\/media\/3042"}],"wp:attachment":[{"href":"https:\/\/comacbr.com\/es\/wp-json\/wp\/v2\/media?parent=290"}],"curies":[{"name":"wp","href":"https:\/\/api.w.org\/{rel}","templated":true}]}}