{"id":7186,"date":"2025-09-11T00:10:51","date_gmt":"2025-09-11T03:10:51","guid":{"rendered":"https:\/\/comacbr.com\/?page_id=7186"},"modified":"2025-09-26T00:07:14","modified_gmt":"2025-09-26T03:07:14","slug":"novo-catalogo","status":"publish","type":"page","link":"https:\/\/comacbr.com\/en\/novo-catalogo\/","title":{"rendered":"New Catalog"},"content":{"rendered":"<div data-elementor-type=\"wp-page\" data-elementor-id=\"7186\" class=\"elementor elementor-7186\" data-elementor-post-type=\"page\">\n\t\t\t\t<div class=\"elementor-element elementor-element-63cef3a e-con-full e-flex e-con e-parent\" data-id=\"63cef3a\" data-element_type=\"container\" data-e-type=\"container\">\n\t\t\t\t<div class=\"elementor-element elementor-element-e1878b6 elementor-widget elementor-widget-heading\" data-id=\"e1878b6\" data-element_type=\"widget\" data-e-type=\"widget\" data-widget_type=\"heading.default\">\n\t\t\t\t\t<h2 class=\"elementor-heading-title elementor-size-default\">Fill in the information<\/h2>\t\t\t\t<\/div>\n\t\t\t\t<\/div>\n\t\t\t\t<\/div>","protected":false},"excerpt":{"rendered":"<p>Fill in the information<\/p>","protected":false},"author":2,"featured_media":0,"parent":0,"menu_order":0,"comment_status":"closed","ping_status":"closed","template":"","meta":{"_acf_changed":false,"inline_featured_image":false,"_joinchat":[],"footnotes":""},"class_list":["post-7186","page","type-page","status-publish","hentry"],"acf":[],"yoast_head":"<!-- This site is optimized with the Yoast SEO plugin v27.1.1 - https:\/\/yoast.com\/product\/yoast-seo-wordpress\/ -->\n<title>Novo Cat\u00e1logo - Comac - Brasil<\/title>\n<meta name=\"robots\" content=\"index, follow, max-snippet:-1, max-image-preview:large, max-video-preview:-1\" \/>\n<link rel=\"canonical\" href=\"https:\/\/comacbr.com\/en\/novo-catalogo\/\" \/>\n<meta property=\"og:locale\" content=\"en_US\" \/>\n<meta property=\"og:type\" content=\"article\" \/>\n<meta property=\"og:title\" content=\"Novo Cat\u00e1logo - Comac - Brasil\" \/>\n<meta property=\"og:description\" content=\"Preencha as informa\u00e7\u00f5es\" \/>\n<meta property=\"og:url\" content=\"https:\/\/comacbr.com\/en\/novo-catalogo\/\" \/>\n<meta property=\"og:site_name\" content=\"Comac - Brasil\" \/>\n<meta property=\"article:publisher\" content=\"https:\/\/www.facebook.com\/comacbrasil\" \/>\n<meta property=\"article:modified_time\" content=\"2025-09-26T03:07:14+00:00\" \/>\n<meta name=\"twitter:card\" content=\"summary_large_image\" \/>\n<meta name=\"twitter:label1\" content=\"Est. reading time\" \/>\n\t<meta name=\"twitter:data1\" content=\"1 minute\" \/>\n<script type=\"application\/ld+json\" class=\"yoast-schema-graph\">{\"@context\":\"https:\/\/schema.org\",\"@graph\":[{\"@type\":\"WebPage\",\"@id\":\"https:\/\/comacbr.com\/novo-catalogo\/\",\"url\":\"https:\/\/comacbr.com\/novo-catalogo\/\",\"name\":\"Novo Cat\u00e1logo - Comac - Brasil\",\"isPartOf\":{\"@id\":\"https:\/\/comacbr.com\/#website\"},\"datePublished\":\"2025-09-11T03:10:51+00:00\",\"dateModified\":\"2025-09-26T03:07:14+00:00\",\"breadcrumb\":{\"@id\":\"https:\/\/comacbr.com\/novo-catalogo\/#breadcrumb\"},\"inLanguage\":\"en-US\",\"potentialAction\":[{\"@type\":\"ReadAction\",\"target\":[\"https:\/\/comacbr.com\/novo-catalogo\/\"]}]},{\"@type\":\"BreadcrumbList\",\"@id\":\"https:\/\/comacbr.com\/novo-catalogo\/#breadcrumb\",\"itemListElement\":[{\"@type\":\"ListItem\",\"position\":1,\"name\":\"In\u00edcio\",\"item\":\"https:\/\/comacbr.com\/\"},{\"@type\":\"ListItem\",\"position\":2,\"name\":\"Novo Cat\u00e1logo\"}]},{\"@type\":\"WebSite\",\"@id\":\"https:\/\/comacbr.com\/#website\",\"url\":\"https:\/\/comacbr.com\/\",\"name\":\"Comac - Brasil\",\"description\":\"Manufatura, Automa\u00e7\u00e3o e Rob\u00f3tica\",\"publisher\":{\"@id\":\"https:\/\/comacbr.com\/#organization\"},\"potentialAction\":[{\"@type\":\"SearchAction\",\"target\":{\"@type\":\"EntryPoint\",\"urlTemplate\":\"https:\/\/comacbr.com\/?s={search_term_string}\"},\"query-input\":{\"@type\":\"PropertyValueSpecification\",\"valueRequired\":true,\"valueName\":\"search_term_string\"}}],\"inLanguage\":\"en-US\"},{\"@type\":\"Organization\",\"@id\":\"https:\/\/comacbr.com\/#organization\",\"name\":\"Comac Brasil\",\"url\":\"https:\/\/comacbr.com\/\",\"logo\":{\"@type\":\"ImageObject\",\"inLanguage\":\"en-US\",\"@id\":\"https:\/\/comacbr.com\/#\/schema\/logo\/image\/\",\"url\":\"https:\/\/comacbr.com\/wp-content\/uploads\/2025\/12\/Logo-ComacColorido-e1765939798340.webp\",\"contentUrl\":\"https:\/\/comacbr.com\/wp-content\/uploads\/2025\/12\/Logo-ComacColorido-e1765939798340.webp\",\"width\":1737,\"height\":667,\"caption\":\"Comac Brasil\"},\"image\":{\"@id\":\"https:\/\/comacbr.com\/#\/schema\/logo\/image\/\"},\"sameAs\":[\"https:\/\/www.facebook.com\/comacbrasil\",\"https:\/\/www.instagram.com\/comacbrasil\/\"]}]}<\/script>\n<!-- \/ Yoast SEO plugin. -->","yoast_head_json":{"title":"Novo Cat\u00e1logo - Comac - Brasil","robots":{"index":"index","follow":"follow","max-snippet":"max-snippet:-1","max-image-preview":"max-image-preview:large","max-video-preview":"max-video-preview:-1"},"canonical":"https:\/\/comacbr.com\/en\/novo-catalogo\/","og_locale":"en_US","og_type":"article","og_title":"Novo Cat\u00e1logo - Comac - Brasil","og_description":"Preencha as informa\u00e7\u00f5es","og_url":"https:\/\/comacbr.com\/en\/novo-catalogo\/","og_site_name":"Comac - Brasil","article_publisher":"https:\/\/www.facebook.com\/comacbrasil","article_modified_time":"2025-09-26T03:07:14+00:00","twitter_card":"summary_large_image","twitter_misc":{"Est. reading time":"1 minute"},"schema":{"@context":"https:\/\/schema.org","@graph":[{"@type":"WebPage","@id":"https:\/\/comacbr.com\/novo-catalogo\/","url":"https:\/\/comacbr.com\/novo-catalogo\/","name":"Novo Cat\u00e1logo - Comac - Brasil","isPartOf":{"@id":"https:\/\/comacbr.com\/#website"},"datePublished":"2025-09-11T03:10:51+00:00","dateModified":"2025-09-26T03:07:14+00:00","breadcrumb":{"@id":"https:\/\/comacbr.com\/novo-catalogo\/#breadcrumb"},"inLanguage":"en-US","potentialAction":[{"@type":"ReadAction","target":["https:\/\/comacbr.com\/novo-catalogo\/"]}]},{"@type":"BreadcrumbList","@id":"https:\/\/comacbr.com\/novo-catalogo\/#breadcrumb","itemListElement":[{"@type":"ListItem","position":1,"name":"In\u00edcio","item":"https:\/\/comacbr.com\/"},{"@type":"ListItem","position":2,"name":"Novo Cat\u00e1logo"}]},{"@type":"WebSite","@id":"https:\/\/comacbr.com\/#website","url":"https:\/\/comacbr.com\/","name":"Comac - Brazil","description":"Manufacturing, Automation and Robotics","publisher":{"@id":"https:\/\/comacbr.com\/#organization"},"potentialAction":[{"@type":"SearchAction","target":{"@type":"EntryPoint","urlTemplate":"https:\/\/comacbr.com\/?s={search_term_string}"},"query-input":{"@type":"PropertyValueSpecification","valueRequired":true,"valueName":"search_term_string"}}],"inLanguage":"en-US"},{"@type":"Organization","@id":"https:\/\/comacbr.com\/#organization","name":"Comac Brazil","url":"https:\/\/comacbr.com\/","logo":{"@type":"ImageObject","inLanguage":"en-US","@id":"https:\/\/comacbr.com\/#\/schema\/logo\/image\/","url":"https:\/\/comacbr.com\/wp-content\/uploads\/2025\/12\/Logo-ComacColorido-e1765939798340.webp","contentUrl":"https:\/\/comacbr.com\/wp-content\/uploads\/2025\/12\/Logo-ComacColorido-e1765939798340.webp","width":1737,"height":667,"caption":"Comac Brasil"},"image":{"@id":"https:\/\/comacbr.com\/#\/schema\/logo\/image\/"},"sameAs":["https:\/\/www.facebook.com\/comacbrasil","https:\/\/www.instagram.com\/comacbrasil\/"]}]}},"_links":{"self":[{"href":"https:\/\/comacbr.com\/en\/wp-json\/wp\/v2\/pages\/7186","targetHints":{"allow":["GET"]}}],"collection":[{"href":"https:\/\/comacbr.com\/en\/wp-json\/wp\/v2\/pages"}],"about":[{"href":"https:\/\/comacbr.com\/en\/wp-json\/wp\/v2\/types\/page"}],"author":[{"embeddable":true,"href":"https:\/\/comacbr.com\/en\/wp-json\/wp\/v2\/users\/2"}],"replies":[{"embeddable":true,"href":"https:\/\/comacbr.com\/en\/wp-json\/wp\/v2\/comments?post=7186"}],"version-history":[{"count":0,"href":"https:\/\/comacbr.com\/en\/wp-json\/wp\/v2\/pages\/7186\/revisions"}],"wp:attachment":[{"href":"https:\/\/comacbr.com\/en\/wp-json\/wp\/v2\/media?parent=7186"}],"curies":[{"name":"wp","href":"https:\/\/api.w.org\/{rel}","templated":true}]}}