{"id":6492,"date":"2025-05-16T15:03:19","date_gmt":"2025-05-16T18:03:19","guid":{"rendered":"https:\/\/comacbr.com\/?page_id=6492"},"modified":"2025-05-16T15:16:25","modified_gmt":"2025-05-16T18:16:25","slug":"obrigado","status":"publish","type":"page","link":"https:\/\/comacbr.com\/en\/obrigado\/","title":{"rendered":"Thanks"},"content":{"rendered":"<div data-elementor-type=\"wp-page\" data-elementor-id=\"6492\" class=\"elementor elementor-6492\" data-elementor-post-type=\"page\">\n\t\t\t\t<div class=\"elementor-element elementor-element-845e181 e-flex e-con-boxed e-con e-parent\" data-id=\"845e181\" data-element_type=\"container\" data-e-type=\"container\">\n\t\t\t\t\t<div class=\"e-con-inner\">\n\t\t\t\t<div class=\"elementor-element elementor-element-4f071d1 elementor-widget elementor-widget-heading\" data-id=\"4f071d1\" data-element_type=\"widget\" data-e-type=\"widget\" data-widget_type=\"heading.default\">\n\t\t\t\t\t<h2 class=\"elementor-heading-title elementor-size-default\">Thank you for contacting us!<\/h2>\t\t\t\t<\/div>\n\t\t\t\t<div class=\"elementor-element elementor-element-2594d08 elementor-widget__width-initial elementor-widget elementor-widget-heading\" data-id=\"2594d08\" data-element_type=\"widget\" data-e-type=\"widget\" data-widget_type=\"heading.default\">\n\t\t\t\t\t<h2 class=\"elementor-heading-title elementor-size-default\">We&#039;ve received your information and our team will be in touch shortly. In the meantime, feel free to explore more about our services.<\/h2>\t\t\t\t<\/div>\n\t\t\t\t<div class=\"elementor-element elementor-element-452d504 elementor-align-justify elementor-widget__width-initial elementor-widget elementor-widget-button\" data-id=\"452d504\" data-element_type=\"widget\" data-e-type=\"widget\" data-widget_type=\"button.default\">\n\t\t\t\t\t\t\t\t\t\t<a class=\"elementor-button elementor-button-link elementor-size-sm elementor-animation-grow\" href=\"http:\/\/comacbr.com\/en\/\">\n\t\t\t\t\t\t<span class=\"elementor-button-content-wrapper\">\n\t\t\t\t\t\t\t\t\t<span class=\"elementor-button-text\">Back to top<\/span>\n\t\t\t\t\t<\/span>\n\t\t\t\t\t<\/a>\n\t\t\t\t\t\t\t\t<\/div>\n\t\t\t\t\t<\/div>\n\t\t\t\t<\/div>\n\t\t\t\t<\/div>","protected":false},"excerpt":{"rendered":"<p>Obrigado pelo seu contato! Recebemos suas informa\u00e7\u00f5es e em breve nossa equipe entrar\u00e1 em contato. Enquanto isso, sinta-se \u00e0 vontade para explorar mais sobre nossos servi\u00e7os. Voltar ao inicio<\/p>","protected":false},"author":7,"featured_media":3042,"parent":0,"menu_order":0,"comment_status":"closed","ping_status":"closed","template":"elementor_header_footer","meta":{"_acf_changed":false,"inline_featured_image":false,"_joinchat":[],"footnotes":""},"class_list":["post-6492","page","type-page","status-publish","has-post-thumbnail","hentry"],"acf":[],"yoast_head":"<!-- This site is optimized with the Yoast SEO plugin v27.1.1 - https:\/\/yoast.com\/product\/yoast-seo-wordpress\/ -->\n<title>Obrigado - Comac - Brasil<\/title>\n<meta name=\"robots\" content=\"index, follow, max-snippet:-1, max-image-preview:large, max-video-preview:-1\" \/>\n<link rel=\"canonical\" href=\"https:\/\/comacbr.com\/en\/obrigado\/\" \/>\n<meta property=\"og:locale\" content=\"en_US\" \/>\n<meta property=\"og:type\" content=\"article\" \/>\n<meta property=\"og:title\" content=\"Obrigado - Comac - Brasil\" \/>\n<meta property=\"og:description\" content=\"Obrigado pelo seu contato! Recebemos suas informa\u00e7\u00f5es e em breve nossa equipe entrar\u00e1 em contato. Enquanto isso, sinta-se \u00e0 vontade para explorar mais sobre nossos servi\u00e7os. Voltar ao inicio\" \/>\n<meta property=\"og:url\" content=\"https:\/\/comacbr.com\/en\/obrigado\/\" \/>\n<meta property=\"og:site_name\" content=\"Comac - Brasil\" \/>\n<meta property=\"article:publisher\" content=\"https:\/\/www.facebook.com\/comacbrasil\" \/>\n<meta property=\"article:modified_time\" content=\"2025-05-16T18:16:25+00:00\" \/>\n<meta property=\"og:image\" content=\"https:\/\/comacbr.com\/wp-content\/uploads\/2019\/10\/Comac_Institucional_duotone.jpg\" \/>\n\t<meta property=\"og:image:width\" content=\"1600\" \/>\n\t<meta property=\"og:image:height\" content=\"700\" \/>\n\t<meta property=\"og:image:type\" content=\"image\/jpeg\" \/>\n<meta name=\"twitter:card\" content=\"summary_large_image\" \/>\n<meta name=\"twitter:label1\" content=\"Est. reading time\" \/>\n\t<meta name=\"twitter:data1\" content=\"1 minute\" \/>\n<script type=\"application\/ld+json\" class=\"yoast-schema-graph\">{\"@context\":\"https:\/\/schema.org\",\"@graph\":[{\"@type\":\"WebPage\",\"@id\":\"https:\/\/comacbr.com\/obrigado\/\",\"url\":\"https:\/\/comacbr.com\/obrigado\/\",\"name\":\"Obrigado - Comac - Brasil\",\"isPartOf\":{\"@id\":\"https:\/\/comacbr.com\/#website\"},\"primaryImageOfPage\":{\"@id\":\"https:\/\/comacbr.com\/obrigado\/#primaryimage\"},\"image\":{\"@id\":\"https:\/\/comacbr.com\/obrigado\/#primaryimage\"},\"thumbnailUrl\":\"https:\/\/comacbr.com\/wp-content\/uploads\/2019\/10\/Comac_Institucional_duotone.jpg\",\"datePublished\":\"2025-05-16T18:03:19+00:00\",\"dateModified\":\"2025-05-16T18:16:25+00:00\",\"breadcrumb\":{\"@id\":\"https:\/\/comacbr.com\/obrigado\/#breadcrumb\"},\"inLanguage\":\"en-US\",\"potentialAction\":[{\"@type\":\"ReadAction\",\"target\":[\"https:\/\/comacbr.com\/obrigado\/\"]}]},{\"@type\":\"ImageObject\",\"inLanguage\":\"en-US\",\"@id\":\"https:\/\/comacbr.com\/obrigado\/#primaryimage\",\"url\":\"https:\/\/comacbr.com\/wp-content\/uploads\/2019\/10\/Comac_Institucional_duotone.jpg\",\"contentUrl\":\"https:\/\/comacbr.com\/wp-content\/uploads\/2019\/10\/Comac_Institucional_duotone.jpg\",\"width\":1600,\"height\":700,\"caption\":\"C\u00e9lulas Rob\u00f3ticas Automa\u00e7\u00e3o Industrial\"},{\"@type\":\"BreadcrumbList\",\"@id\":\"https:\/\/comacbr.com\/obrigado\/#breadcrumb\",\"itemListElement\":[{\"@type\":\"ListItem\",\"position\":1,\"name\":\"In\u00edcio\",\"item\":\"https:\/\/comacbr.com\/\"},{\"@type\":\"ListItem\",\"position\":2,\"name\":\"Obrigado\"}]},{\"@type\":\"WebSite\",\"@id\":\"https:\/\/comacbr.com\/#website\",\"url\":\"https:\/\/comacbr.com\/\",\"name\":\"Comac - Brasil\",\"description\":\"Manufatura, Automa\u00e7\u00e3o e Rob\u00f3tica\",\"publisher\":{\"@id\":\"https:\/\/comacbr.com\/#organization\"},\"potentialAction\":[{\"@type\":\"SearchAction\",\"target\":{\"@type\":\"EntryPoint\",\"urlTemplate\":\"https:\/\/comacbr.com\/?s={search_term_string}\"},\"query-input\":{\"@type\":\"PropertyValueSpecification\",\"valueRequired\":true,\"valueName\":\"search_term_string\"}}],\"inLanguage\":\"en-US\"},{\"@type\":\"Organization\",\"@id\":\"https:\/\/comacbr.com\/#organization\",\"name\":\"Comac Brasil\",\"url\":\"https:\/\/comacbr.com\/\",\"logo\":{\"@type\":\"ImageObject\",\"inLanguage\":\"en-US\",\"@id\":\"https:\/\/comacbr.com\/#\/schema\/logo\/image\/\",\"url\":\"https:\/\/comacbr.com\/wp-content\/uploads\/2025\/12\/Logo-ComacColorido-e1765939798340.webp\",\"contentUrl\":\"https:\/\/comacbr.com\/wp-content\/uploads\/2025\/12\/Logo-ComacColorido-e1765939798340.webp\",\"width\":1737,\"height\":667,\"caption\":\"Comac Brasil\"},\"image\":{\"@id\":\"https:\/\/comacbr.com\/#\/schema\/logo\/image\/\"},\"sameAs\":[\"https:\/\/www.facebook.com\/comacbrasil\",\"https:\/\/www.instagram.com\/comacbrasil\/\"]}]}<\/script>\n<!-- \/ Yoast SEO plugin. -->","yoast_head_json":{"title":"Obrigado - Comac - Brasil","robots":{"index":"index","follow":"follow","max-snippet":"max-snippet:-1","max-image-preview":"max-image-preview:large","max-video-preview":"max-video-preview:-1"},"canonical":"https:\/\/comacbr.com\/en\/obrigado\/","og_locale":"en_US","og_type":"article","og_title":"Obrigado - Comac - Brasil","og_description":"Obrigado pelo seu contato! Recebemos suas informa\u00e7\u00f5es e em breve nossa equipe entrar\u00e1 em contato. Enquanto isso, sinta-se \u00e0 vontade para explorar mais sobre nossos servi\u00e7os. Voltar ao inicio","og_url":"https:\/\/comacbr.com\/en\/obrigado\/","og_site_name":"Comac - Brasil","article_publisher":"https:\/\/www.facebook.com\/comacbrasil","article_modified_time":"2025-05-16T18:16:25+00:00","og_image":[{"width":1600,"height":700,"url":"https:\/\/comacbr.com\/wp-content\/uploads\/2019\/10\/Comac_Institucional_duotone.jpg","type":"image\/jpeg"}],"twitter_card":"summary_large_image","twitter_misc":{"Est. reading time":"1 minute"},"schema":{"@context":"https:\/\/schema.org","@graph":[{"@type":"WebPage","@id":"https:\/\/comacbr.com\/obrigado\/","url":"https:\/\/comacbr.com\/obrigado\/","name":"Obrigado - Comac - Brasil","isPartOf":{"@id":"https:\/\/comacbr.com\/#website"},"primaryImageOfPage":{"@id":"https:\/\/comacbr.com\/obrigado\/#primaryimage"},"image":{"@id":"https:\/\/comacbr.com\/obrigado\/#primaryimage"},"thumbnailUrl":"https:\/\/comacbr.com\/wp-content\/uploads\/2019\/10\/Comac_Institucional_duotone.jpg","datePublished":"2025-05-16T18:03:19+00:00","dateModified":"2025-05-16T18:16:25+00:00","breadcrumb":{"@id":"https:\/\/comacbr.com\/obrigado\/#breadcrumb"},"inLanguage":"en-US","potentialAction":[{"@type":"ReadAction","target":["https:\/\/comacbr.com\/obrigado\/"]}]},{"@type":"ImageObject","inLanguage":"en-US","@id":"https:\/\/comacbr.com\/obrigado\/#primaryimage","url":"https:\/\/comacbr.com\/wp-content\/uploads\/2019\/10\/Comac_Institucional_duotone.jpg","contentUrl":"https:\/\/comacbr.com\/wp-content\/uploads\/2019\/10\/Comac_Institucional_duotone.jpg","width":1600,"height":700,"caption":"C\u00e9lulas Rob\u00f3ticas Automa\u00e7\u00e3o Industrial"},{"@type":"BreadcrumbList","@id":"https:\/\/comacbr.com\/obrigado\/#breadcrumb","itemListElement":[{"@type":"ListItem","position":1,"name":"In\u00edcio","item":"https:\/\/comacbr.com\/"},{"@type":"ListItem","position":2,"name":"Obrigado"}]},{"@type":"WebSite","@id":"https:\/\/comacbr.com\/#website","url":"https:\/\/comacbr.com\/","name":"Comac - Brazil","description":"Manufacturing, Automation and Robotics","publisher":{"@id":"https:\/\/comacbr.com\/#organization"},"potentialAction":[{"@type":"SearchAction","target":{"@type":"EntryPoint","urlTemplate":"https:\/\/comacbr.com\/?s={search_term_string}"},"query-input":{"@type":"PropertyValueSpecification","valueRequired":true,"valueName":"search_term_string"}}],"inLanguage":"en-US"},{"@type":"Organization","@id":"https:\/\/comacbr.com\/#organization","name":"Comac Brazil","url":"https:\/\/comacbr.com\/","logo":{"@type":"ImageObject","inLanguage":"en-US","@id":"https:\/\/comacbr.com\/#\/schema\/logo\/image\/","url":"https:\/\/comacbr.com\/wp-content\/uploads\/2025\/12\/Logo-ComacColorido-e1765939798340.webp","contentUrl":"https:\/\/comacbr.com\/wp-content\/uploads\/2025\/12\/Logo-ComacColorido-e1765939798340.webp","width":1737,"height":667,"caption":"Comac Brasil"},"image":{"@id":"https:\/\/comacbr.com\/#\/schema\/logo\/image\/"},"sameAs":["https:\/\/www.facebook.com\/comacbrasil","https:\/\/www.instagram.com\/comacbrasil\/"]}]}},"_links":{"self":[{"href":"https:\/\/comacbr.com\/en\/wp-json\/wp\/v2\/pages\/6492","targetHints":{"allow":["GET"]}}],"collection":[{"href":"https:\/\/comacbr.com\/en\/wp-json\/wp\/v2\/pages"}],"about":[{"href":"https:\/\/comacbr.com\/en\/wp-json\/wp\/v2\/types\/page"}],"author":[{"embeddable":true,"href":"https:\/\/comacbr.com\/en\/wp-json\/wp\/v2\/users\/7"}],"replies":[{"embeddable":true,"href":"https:\/\/comacbr.com\/en\/wp-json\/wp\/v2\/comments?post=6492"}],"version-history":[{"count":0,"href":"https:\/\/comacbr.com\/en\/wp-json\/wp\/v2\/pages\/6492\/revisions"}],"wp:featuredmedia":[{"embeddable":true,"href":"https:\/\/comacbr.com\/en\/wp-json\/wp\/v2\/media\/3042"}],"wp:attachment":[{"href":"https:\/\/comacbr.com\/en\/wp-json\/wp\/v2\/media?parent=6492"}],"curies":[{"name":"wp","href":"https:\/\/api.w.org\/{rel}","templated":true}]}}