{"id":4725,"date":"2022-06-24T17:31:17","date_gmt":"2022-06-24T20:31:17","guid":{"rendered":"https:\/\/comacbr.com?page_id=4725"},"modified":"2022-07-02T16:10:50","modified_gmt":"2022-07-02T19:10:50","slug":"zw3d-3","status":"publish","type":"page","link":"https:\/\/comacbr.com\/en\/zw3d-3\/","title":{"rendered":"ZW3D"},"content":{"rendered":"\t\t<div data-elementor-type=\"wp-page\" data-elementor-id=\"4725\" class=\"elementor elementor-4725\" data-elementor-post-type=\"page\">\n\t\t\t\t\t\t<div class=\"elementor-section elementor-top-section elementor-element elementor-element-5e01074 elementor-section-boxed elementor-section-height-default elementor-section-height-default\" data-id=\"5e01074\" data-element_type=\"section\" data-e-type=\"section\">\n\t\t\t\t\t\t<div class=\"elementor-container elementor-column-gap-no\">\n\t\t\t\t\t<div class=\"elementor-column elementor-col-50 elementor-top-column elementor-element elementor-element-3c7285f\" data-id=\"3c7285f\" data-element_type=\"column\" data-e-type=\"column\">\n\t\t\t<div class=\"elementor-widget-wrap elementor-element-populated\">\n\t\t\t\t\t\t<div class=\"elementor-element elementor-element-65ff520 elementor-widget elementor-widget-about-widget\" data-id=\"65ff520\" data-element_type=\"widget\" data-e-type=\"widget\" data-widget_type=\"about-widget.default\">\n\t\t\t\t<div class=\"elementor-widget-container\">\n\t\t\t\t\t\r\n        <!-- Start About Area -->\r\n                    <div class=\"about-area ptb-110\">\r\n                <div class=\"container\">\r\n                    <div class=\"row align-items-center\">\r\n                        <div class=\"col-lg-6 col-md-12\">\r\n                            <div class=\"about-image\">\r\n                                <img decoding=\"async\" class=\"\" src=\"\" alt=\"image\"\/>\r\n                                <img decoding=\"async\" class=\"\" src=\"https:\/\/comacbr.com\/wp-content\/uploads\/2021\/05\/zw3d-logo.png\" alt=\"image\"\/>\r\n                            <\/div>\r\n                        <\/div>\r\n                        <div class=\"col-lg-6 col-md-12\">\r\n                            <div class=\"about-content text-right\">\r\n                                <h2>ZW3D: Soluci\u00f3n CAD 3D<\/h2>                                <p>Con el kernel m\u00e1s r\u00e1pido para modelado h\u00edbrido de superficies s\u00f3lidas, separaci\u00f3n de moldes no s\u00f3lidos y estrategias inteligentes para mecanizado CNC de 2 a 5 ejes.<\/p><p class=\"p\">\u00a0<\/p>\r\n                                                                                                                    <a target=\"_blank\" href=\"https:\/\/www.zwsoft.com\/product\/zw3d\" class=\"btn btn-primary\">M\u00e1s detalles<\/a>                                                            <\/div>\r\n                        <\/div>\r\n                    <\/div>\r\n\r\n                    <!-- style two -->\r\n                                            <div class=\"about-inner-area text-right\">\r\n                            <div class=\"row\">                                     <div class=\"col-lg-4 col-md-6 col-sm-6\">\r\n                                        <div class=\"about-text\">\r\n                                            <h3>CAD<\/h3>                                            <p>El m\u00f3dulo CAD de ZW3D permite un dise\u00f1o r\u00e1pido, creativo y \u00e1gil de sus productos.<\/p>                                        <\/div>\r\n                                    <\/div>                                    <div class=\"col-lg-4 col-md-6 col-sm-6\">\r\n                                        <div class=\"about-text\">\r\n                                            <h3>MOHO<\/h3>                                            <p>El m\u00f3dulo de moldes ZW3D cubre las m\u00e1s diversas herramientas para el dise\u00f1o de moldes.<\/p>                                        <\/div>\r\n                                    <\/div>                            \r\n                            <\/div>\r\n                        <\/div>\r\n                <\/div>\r\n\r\n                \r\n            <\/div>         <!-- End About Area -->\r\n        \t\t\t\t<\/div>\n\t\t\t\t<\/div>\n\t\t\t\t\t<\/div>\n\t\t<\/div>\n\t\t\t\t<div class=\"elementor-column elementor-col-50 elementor-top-column elementor-element elementor-element-b5d2cc9\" data-id=\"b5d2cc9\" data-element_type=\"column\" data-e-type=\"column\">\n\t\t\t<div class=\"elementor-widget-wrap elementor-element-populated\">\n\t\t\t\t\t\t<div class=\"elementor-element elementor-element-3a16c94 elementor-widget elementor-widget-heading\" data-id=\"3a16c94\" data-element_type=\"widget\" data-e-type=\"widget\" data-widget_type=\"heading.default\">\n\t\t\t\t\t<h2 class=\"elementor-heading-title elementor-size-default\">P\u00f3ngase en contacto y compre<\/h2>\t\t\t\t<\/div>\n\t\t\t\t<div class=\"elementor-element elementor-element-2c9d317 elementor-button-align-stretch elementor-widget elementor-widget-form\" data-id=\"2c9d317\" data-element_type=\"widget\" data-e-type=\"widget\" data-settings=\"{&quot;button_width&quot;:&quot;25&quot;,&quot;step_next_label&quot;:&quot;Next&quot;,&quot;step_previous_label&quot;:&quot;Previous&quot;,&quot;step_type&quot;:&quot;number_text&quot;,&quot;step_icon_shape&quot;:&quot;circle&quot;}\" data-widget_type=\"form.default\">\n\t\t\t\t\t\t\t<form class=\"elementor-form\" method=\"post\" name=\"Contato ZW3D\" aria-label=\"Contato ZW3D\">\n\t\t\t<input type=\"hidden\" name=\"post_id\" value=\"4725\"\/>\n\t\t\t<input type=\"hidden\" name=\"form_id\" value=\"2c9d317\"\/>\n\t\t\t<input type=\"hidden\" name=\"referer_title\" value=\"Comac &#8211; Brasil\" \/>\n\n\t\t\t\n\t\t\t<div class=\"elementor-form-fields-wrapper elementor-labels-above\">\n\t\t\t\t\t\t\t\t<div class=\"elementor-field-type-text elementor-field-group elementor-column elementor-field-group-name elementor-col-50 elementor-field-required\">\n\t\t\t\t\t\t\t\t\t\t\t\t<label for=\"form-field-name\" class=\"elementor-field-label\">\n\t\t\t\t\t\t\t\tNombre\t\t\t\t\t\t\t<\/label>\n\t\t\t\t\t\t\t\t\t\t\t\t\t\t<input size=\"1\" type=\"text\" name=\"form_fields[name]\" id=\"form-field-name\" class=\"elementor-field elementor-size-sm  elementor-field-textual\" placeholder=\"Jo\u00e3o da Silva\" required=\"required\"\/>\n\t\t\t\t\t\t\t\t\t\t\t<\/div>\n\t\t\t\t\t\t\t\t<div class=\"elementor-field-type-email elementor-field-group elementor-column elementor-field-group-email elementor-col-50 elementor-field-required\">\n\t\t\t\t\t\t\t\t\t\t\t\t<label for=\"form-field-email\" class=\"elementor-field-label\">\n\t\t\t\t\t\t\t\tEmail\t\t\t\t\t\t\t<\/label>\n\t\t\t\t\t\t\t\t\t\t\t\t\t\t<input size=\"1\" type=\"email\" name=\"form_fields[email]\" id=\"form-field-email\" class=\"elementor-field elementor-size-sm  elementor-field-textual\" placeholder=\"joao@email.com\" required=\"required\"\/>\n\t\t\t\t\t\t\t\t\t\t\t<\/div>\n\t\t\t\t\t\t\t\t<div class=\"elementor-field-type-text elementor-field-group elementor-column elementor-field-group-field_b9fca54 elementor-col-50\">\n\t\t\t\t\t\t\t\t\t\t\t\t<label for=\"form-field-field_b9fca54\" class=\"elementor-field-label\">\n\t\t\t\t\t\t\t\tTema\t\t\t\t\t\t\t<\/label>\n\t\t\t\t\t\t\t\t\t\t\t\t\t\t<input size=\"1\" type=\"text\" name=\"form_fields[field_b9fca54]\" id=\"form-field-field_b9fca54\" class=\"elementor-field elementor-size-sm  elementor-field-textual\" placeholder=\"ZW3D CAD\"\/>\n\t\t\t\t\t\t\t\t\t\t\t<\/div>\n\t\t\t\t\t\t\t\t<div class=\"elementor-field-type-tel elementor-field-group elementor-column elementor-field-group-field_a79faf9 elementor-col-50\">\n\t\t\t\t\t\t\t\t\t\t\t\t<label for=\"form-field-field_a79faf9\" class=\"elementor-field-label\">\n\t\t\t\t\t\t\t\tTel\u00e9fono\t\t\t\t\t\t\t<\/label>\n\t\t\t\t\t\t\t\t<input size=\"1\" type=\"tel\" name=\"form_fields[field_a79faf9]\" id=\"form-field-field_a79faf9\" class=\"elementor-field elementor-size-sm  elementor-field-textual\" placeholder=\"(99) 99999-9999\" pattern=\"[0-9()#&amp;+*-=.]+\" title=\"Solo se aceptan n\u00fameros y caracteres de tel\u00e9fono (#,-,*,etc).\"\/>\n\n\t\t\t\t\t\t<\/div>\n\t\t\t\t\t\t\t\t<div class=\"elementor-field-type-textarea elementor-field-group elementor-column elementor-field-group-message elementor-col-100\">\n\t\t\t\t\t\t\t\t\t\t\t\t<label for=\"form-field-message\" class=\"elementor-field-label\">\n\t\t\t\t\t\t\t\tMensaje\t\t\t\t\t\t\t<\/label>\n\t\t\t\t\t\t<textarea class=\"elementor-field-textual elementor-field  elementor-size-sm\" name=\"form_fields[message]\" id=\"form-field-message\" rows=\"4\" placeholder=\"Dudas, presupuesto etc.\"><\/textarea>\t\t\t\t<\/div>\n\t\t\t\t\t\t\t\t<div class=\"elementor-field-group elementor-column elementor-field-type-submit elementor-col-25 e-form__buttons\">\n\t\t\t\t\t<button class=\"elementor-button elementor-size-sm\" type=\"submit\" id=\"botao-enviar\">\n\t\t\t\t\t\t<span class=\"elementor-button-content-wrapper\">\n\t\t\t\t\t\t\t\t\t\t\t\t\t\t\t\t\t\t\t\t\t\t<span class=\"elementor-button-text\">Enviar<\/span>\n\t\t\t\t\t\t\t\t\t\t\t\t\t<\/span>\n\t\t\t\t\t<\/button>\n\t\t\t\t<\/div>\n\t\t\t<\/div>\n\t\t<\/form>\n\t\t\t\t\t\t<\/div>\n\t\t\t\t\t<\/div>\n\t\t<\/div>\n\t\t\t\t\t<\/div>\n\t\t<\/div>\n\t\t\t\t<\/div>\n\t\t","protected":false},"excerpt":{"rendered":"<p>ZW3D: Soluci\u00f3n CAD 3D Con el kernel m\u00e1s r\u00e1pido para modelado h\u00edbrido de superficies s\u00f3lidas, separaci\u00f3n de moldes no s\u00f3lidos y estrategias inteligentes para mecanizado CNC de 2 a 5 ejes. \u00a0 M\u00e1s detalles CAD El m\u00f3dulo CAD de ZW3D permite un dise\u00f1o r\u00e1pido, creativo y \u00e1gil de sus productos. MOHO El m\u00f3dulo de moldes<\/p>","protected":false},"author":1,"featured_media":2759,"parent":0,"menu_order":0,"comment_status":"closed","ping_status":"closed","template":"","meta":{"_acf_changed":false,"inline_featured_image":false,"_joinchat":[],"footnotes":""},"class_list":["post-4725","page","type-page","status-publish","has-post-thumbnail","hentry"],"acf":[],"yoast_head":"<!-- This site is optimized with the Yoast SEO plugin v27.1.1 - https:\/\/yoast.com\/product\/yoast-seo-wordpress\/ -->\n<title>ZW3D - Comac - Brasil<\/title>\n<meta name=\"robots\" content=\"index, follow, max-snippet:-1, max-image-preview:large, max-video-preview:-1\" \/>\n<link rel=\"canonical\" href=\"https:\/\/comacbr.com\/en\/zw3d-3\/\" \/>\n<meta property=\"og:locale\" content=\"en_US\" \/>\n<meta property=\"og:type\" content=\"article\" \/>\n<meta property=\"og:title\" content=\"ZW3D - Comac - Brasil\" \/>\n<meta property=\"og:description\" content=\"ZW3D: Soluci\u00f3n CAD 3D Con el kernel m\u00e1s r\u00e1pido para modelado h\u00edbrido de superficies s\u00f3lidas, separaci\u00f3n de moldes no s\u00f3lidos y estrategias inteligentes para mecanizado CNC de 2 a 5 ejes. \u00a0 M\u00e1s detalles CAD El m\u00f3dulo CAD de ZW3D permite un dise\u00f1o r\u00e1pido, creativo y \u00e1gil de sus productos. MOHO El m\u00f3dulo de moldes\" \/>\n<meta property=\"og:url\" content=\"https:\/\/comacbr.com\/en\/zw3d-3\/\" \/>\n<meta property=\"og:site_name\" content=\"Comac - Brasil\" \/>\n<meta property=\"article:publisher\" content=\"https:\/\/www.facebook.com\/comacbrasil\" \/>\n<meta property=\"article:modified_time\" content=\"2022-07-02T19:10:50+00:00\" \/>\n<meta property=\"og:image\" content=\"https:\/\/comacbr.com\/wp-content\/uploads\/2021\/05\/zw3d-min.jpg\" \/>\n\t<meta property=\"og:image:width\" content=\"1920\" \/>\n\t<meta property=\"og:image:height\" content=\"749\" \/>\n\t<meta property=\"og:image:type\" content=\"image\/jpeg\" \/>\n<meta name=\"twitter:card\" content=\"summary_large_image\" \/>\n<meta name=\"twitter:label1\" content=\"Est. reading time\" \/>\n\t<meta name=\"twitter:data1\" content=\"1 minute\" \/>\n<script type=\"application\/ld+json\" class=\"yoast-schema-graph\">{\"@context\":\"https:\/\/schema.org\",\"@graph\":[{\"@type\":\"WebPage\",\"@id\":\"https:\/\/comacbr.com\/es\/zw3d-3\/\",\"url\":\"https:\/\/comacbr.com\/es\/zw3d-3\/\",\"name\":\"ZW3D - Comac - Brasil\",\"isPartOf\":{\"@id\":\"https:\/\/comacbr.com\/#website\"},\"primaryImageOfPage\":{\"@id\":\"https:\/\/comacbr.com\/es\/zw3d-3\/#primaryimage\"},\"image\":{\"@id\":\"https:\/\/comacbr.com\/es\/zw3d-3\/#primaryimage\"},\"thumbnailUrl\":\"https:\/\/comacbr.com\/wp-content\/uploads\/2021\/05\/zw3d-min.jpg\",\"datePublished\":\"2022-06-24T20:31:17+00:00\",\"dateModified\":\"2022-07-02T19:10:50+00:00\",\"breadcrumb\":{\"@id\":\"https:\/\/comacbr.com\/es\/zw3d-3\/#breadcrumb\"},\"inLanguage\":\"en-US\",\"potentialAction\":[{\"@type\":\"ReadAction\",\"target\":[\"https:\/\/comacbr.com\/es\/zw3d-3\/\"]}]},{\"@type\":\"ImageObject\",\"inLanguage\":\"en-US\",\"@id\":\"https:\/\/comacbr.com\/es\/zw3d-3\/#primaryimage\",\"url\":\"https:\/\/comacbr.com\/wp-content\/uploads\/2021\/05\/zw3d-min.jpg\",\"contentUrl\":\"https:\/\/comacbr.com\/wp-content\/uploads\/2021\/05\/zw3d-min.jpg\",\"width\":1920,\"height\":749},{\"@type\":\"BreadcrumbList\",\"@id\":\"https:\/\/comacbr.com\/es\/zw3d-3\/#breadcrumb\",\"itemListElement\":[{\"@type\":\"ListItem\",\"position\":1,\"name\":\"In\u00edcio\",\"item\":\"https:\/\/comacbr.com\/\"},{\"@type\":\"ListItem\",\"position\":2,\"name\":\"ZW3D\"}]},{\"@type\":\"WebSite\",\"@id\":\"https:\/\/comacbr.com\/#website\",\"url\":\"https:\/\/comacbr.com\/\",\"name\":\"Comac - Brasil\",\"description\":\"Manufatura, Automa\u00e7\u00e3o e Rob\u00f3tica\",\"publisher\":{\"@id\":\"https:\/\/comacbr.com\/#organization\"},\"potentialAction\":[{\"@type\":\"SearchAction\",\"target\":{\"@type\":\"EntryPoint\",\"urlTemplate\":\"https:\/\/comacbr.com\/?s={search_term_string}\"},\"query-input\":{\"@type\":\"PropertyValueSpecification\",\"valueRequired\":true,\"valueName\":\"search_term_string\"}}],\"inLanguage\":\"en-US\"},{\"@type\":\"Organization\",\"@id\":\"https:\/\/comacbr.com\/#organization\",\"name\":\"Comac Brasil\",\"url\":\"https:\/\/comacbr.com\/\",\"logo\":{\"@type\":\"ImageObject\",\"inLanguage\":\"en-US\",\"@id\":\"https:\/\/comacbr.com\/#\/schema\/logo\/image\/\",\"url\":\"https:\/\/comacbr.com\/wp-content\/uploads\/2025\/12\/Logo-ComacColorido-e1765939798340.webp\",\"contentUrl\":\"https:\/\/comacbr.com\/wp-content\/uploads\/2025\/12\/Logo-ComacColorido-e1765939798340.webp\",\"width\":1737,\"height\":667,\"caption\":\"Comac Brasil\"},\"image\":{\"@id\":\"https:\/\/comacbr.com\/#\/schema\/logo\/image\/\"},\"sameAs\":[\"https:\/\/www.facebook.com\/comacbrasil\",\"https:\/\/www.instagram.com\/comacbrasil\/\"]}]}<\/script>\n<!-- \/ Yoast SEO plugin. -->","yoast_head_json":{"title":"ZW3D - Comac - Brasil","robots":{"index":"index","follow":"follow","max-snippet":"max-snippet:-1","max-image-preview":"max-image-preview:large","max-video-preview":"max-video-preview:-1"},"canonical":"https:\/\/comacbr.com\/en\/zw3d-3\/","og_locale":"en_US","og_type":"article","og_title":"ZW3D - Comac - Brasil","og_description":"ZW3D: Soluci\u00f3n CAD 3D Con el kernel m\u00e1s r\u00e1pido para modelado h\u00edbrido de superficies s\u00f3lidas, separaci\u00f3n de moldes no s\u00f3lidos y estrategias inteligentes para mecanizado CNC de 2 a 5 ejes. \u00a0 M\u00e1s detalles CAD El m\u00f3dulo CAD de ZW3D permite un dise\u00f1o r\u00e1pido, creativo y \u00e1gil de sus productos. MOHO El m\u00f3dulo de moldes","og_url":"https:\/\/comacbr.com\/en\/zw3d-3\/","og_site_name":"Comac - Brasil","article_publisher":"https:\/\/www.facebook.com\/comacbrasil","article_modified_time":"2022-07-02T19:10:50+00:00","og_image":[{"width":1920,"height":749,"url":"https:\/\/comacbr.com\/wp-content\/uploads\/2021\/05\/zw3d-min.jpg","type":"image\/jpeg"}],"twitter_card":"summary_large_image","twitter_misc":{"Est. reading time":"1 minute"},"schema":{"@context":"https:\/\/schema.org","@graph":[{"@type":"WebPage","@id":"https:\/\/comacbr.com\/es\/zw3d-3\/","url":"https:\/\/comacbr.com\/es\/zw3d-3\/","name":"ZW3D - Comac - Brasil","isPartOf":{"@id":"https:\/\/comacbr.com\/#website"},"primaryImageOfPage":{"@id":"https:\/\/comacbr.com\/es\/zw3d-3\/#primaryimage"},"image":{"@id":"https:\/\/comacbr.com\/es\/zw3d-3\/#primaryimage"},"thumbnailUrl":"https:\/\/comacbr.com\/wp-content\/uploads\/2021\/05\/zw3d-min.jpg","datePublished":"2022-06-24T20:31:17+00:00","dateModified":"2022-07-02T19:10:50+00:00","breadcrumb":{"@id":"https:\/\/comacbr.com\/es\/zw3d-3\/#breadcrumb"},"inLanguage":"en-US","potentialAction":[{"@type":"ReadAction","target":["https:\/\/comacbr.com\/es\/zw3d-3\/"]}]},{"@type":"ImageObject","inLanguage":"en-US","@id":"https:\/\/comacbr.com\/es\/zw3d-3\/#primaryimage","url":"https:\/\/comacbr.com\/wp-content\/uploads\/2021\/05\/zw3d-min.jpg","contentUrl":"https:\/\/comacbr.com\/wp-content\/uploads\/2021\/05\/zw3d-min.jpg","width":1920,"height":749},{"@type":"BreadcrumbList","@id":"https:\/\/comacbr.com\/es\/zw3d-3\/#breadcrumb","itemListElement":[{"@type":"ListItem","position":1,"name":"In\u00edcio","item":"https:\/\/comacbr.com\/"},{"@type":"ListItem","position":2,"name":"ZW3D"}]},{"@type":"WebSite","@id":"https:\/\/comacbr.com\/#website","url":"https:\/\/comacbr.com\/","name":"Comac - Brazil","description":"Manufacturing, Automation and Robotics","publisher":{"@id":"https:\/\/comacbr.com\/#organization"},"potentialAction":[{"@type":"SearchAction","target":{"@type":"EntryPoint","urlTemplate":"https:\/\/comacbr.com\/?s={search_term_string}"},"query-input":{"@type":"PropertyValueSpecification","valueRequired":true,"valueName":"search_term_string"}}],"inLanguage":"en-US"},{"@type":"Organization","@id":"https:\/\/comacbr.com\/#organization","name":"Comac Brazil","url":"https:\/\/comacbr.com\/","logo":{"@type":"ImageObject","inLanguage":"en-US","@id":"https:\/\/comacbr.com\/#\/schema\/logo\/image\/","url":"https:\/\/comacbr.com\/wp-content\/uploads\/2025\/12\/Logo-ComacColorido-e1765939798340.webp","contentUrl":"https:\/\/comacbr.com\/wp-content\/uploads\/2025\/12\/Logo-ComacColorido-e1765939798340.webp","width":1737,"height":667,"caption":"Comac Brasil"},"image":{"@id":"https:\/\/comacbr.com\/#\/schema\/logo\/image\/"},"sameAs":["https:\/\/www.facebook.com\/comacbrasil","https:\/\/www.instagram.com\/comacbrasil\/"]}]}},"_links":{"self":[{"href":"https:\/\/comacbr.com\/en\/wp-json\/wp\/v2\/pages\/4725","targetHints":{"allow":["GET"]}}],"collection":[{"href":"https:\/\/comacbr.com\/en\/wp-json\/wp\/v2\/pages"}],"about":[{"href":"https:\/\/comacbr.com\/en\/wp-json\/wp\/v2\/types\/page"}],"author":[{"embeddable":true,"href":"https:\/\/comacbr.com\/en\/wp-json\/wp\/v2\/users\/1"}],"replies":[{"embeddable":true,"href":"https:\/\/comacbr.com\/en\/wp-json\/wp\/v2\/comments?post=4725"}],"version-history":[{"count":0,"href":"https:\/\/comacbr.com\/en\/wp-json\/wp\/v2\/pages\/4725\/revisions"}],"wp:featuredmedia":[{"embeddable":true,"href":"https:\/\/comacbr.com\/en\/wp-json\/wp\/v2\/media\/2759"}],"wp:attachment":[{"href":"https:\/\/comacbr.com\/en\/wp-json\/wp\/v2\/media?parent=4725"}],"curies":[{"name":"wp","href":"https:\/\/api.w.org\/{rel}","templated":true}]}}