{"id":4710,"date":"2022-06-24T16:06:30","date_gmt":"2022-06-24T19:06:30","guid":{"rendered":"https:\/\/comacbr.com?page_id=4710"},"modified":"2022-07-01T11:43:53","modified_gmt":"2022-07-01T14:43:53","slug":"terms-and-conditions","status":"publish","type":"page","link":"https:\/\/comacbr.com\/en\/terms-and-conditions\/","title":{"rendered":"Terms and Conditions"},"content":{"rendered":"<h2 class=\"wp-block-heading\">1. Terms<\/h2>\r\n\r\n\r\n\r\n<p>By accessing the <a href=\"https:\/\/comacbr.com\/en\/\">Comac Brazil<\/a> website, you agree to comply with these terms of service, all applicable laws and regulations, and you agree that you are responsible for compliance with all applicable local laws. If you do not agree with any of these terms, you are prohibited from using or accessing this website. The materials contained on this site are protected by applicable copyright and trademark laws.<\/p>\r\n\r\n\r\n\r\n<h2 class=\"wp-block-heading\">2. License Use<\/h2>\r\n\r\n\r\n\r\n<p>Permission is granted to temporarily download one copy of the materials (information or software) on Comac Brasil&#039;s website for personal, non-commercial transitory viewing only. This is the grant of a license, not a transfer of title, and under this license you may not:<\/p>\r\n\r\n\r\n\r\n<ol class=\"wp-block-list\">\r\n<li>modify or copy the materials;<\/li>\r\n<li>use the materials for any commercial purpose or for public display (commercial or non-commercial);<\/li>\r\n<li>attempt to decompile or reverse engineer any software contained on the Comac Brasil website;<\/li>\r\n<li>remove any copyright or other proprietary notations from the materials; or<\/li>\r\n<li>transfer the materials to another person or &#039;mirror&#039; the materials on any other server.<\/li>\r\n<\/ol>\r\n\r\n\r\n\r\n<p>This license shall automatically terminate if you violate any of these restrictions and may be terminated by Comac Brasil at any time. Upon termination of viewing these materials or upon termination of this license, you must delete all downloaded materials in your possession, whether in electronic or printed form.<\/p>\r\n\r\n\r\n\r\n<h2 class=\"wp-block-heading\">3. Disclaimer<\/h2>\r\n\r\n\r\n\r\n<ol class=\"wp-block-list\">\r\n<li>The materials on the Comac Brasil website are provided &#039;as is&#039;. Comac Brasil makes no warranties, express or implied, and hereby disclaims and disclaims all other warranties, including, without limitation, implied warranties or conditions of merchantability, fitness for a particular purpose, or non-infringement of intellectual property or other infringement. of rights.<\/li>\r\n<li>In addition, Comac Brasil does not guarantee or make any representations regarding the accuracy, likely results or reliability of the use of the materials on its website or otherwise related to these materials or on websites linked to this website.<\/li>\r\n<\/ol>\r\n\r\n\r\n\r\n<h2 class=\"wp-block-heading\">4. Limitations<\/h2>\r\n\r\n\r\n\r\n<p>In no event will Comac Brasil or its suppliers be liable for any damages (including, without limitation, damages for loss of data or profit or due to business interruption) arising out of the use or inability to use the materials on Comac Brasil, even if Comac Brasil or an authorized representative of Comac Brasil has been notified orally or in writing of the possibility of such damages. As some jurisdictions do not allow limitations on implied warranties, or limitations on liability for consequential or incidental damages, these limitations may not apply to you.<\/p>\r\n\r\n\r\n\r\n<h2 class=\"wp-block-heading\">5. Material accuracy<\/h2>\r\n\r\n\r\n\r\n<p>The materials appearing on the Comac Brasil website could include technical, typographical, or photographic errors. Comac Brasil does not guarantee that any material on its website is accurate, complete or current. Comac Brasil may make changes to the materials contained on its website at any time without notice. However, Comac Brasil makes no commitment to update the materials.<\/p>\r\n\r\n\r\n\r\n<h2 class=\"wp-block-heading\">6. Links<\/h2>\r\n\r\n\r\n\r\n<p>Comac Brasil has not analyzed all sites linked to its site and is not responsible for the content of any linked site. The inclusion of any link does not imply endorsement by Comac Brasil of the site. Use of any linked site is at the user&#039;s own risk.<\/p>\r\n\r\n\r\n\r\n<h3 class=\"wp-block-heading\">Modifications<\/h3>\r\n\r\n\r\n\r\n<p>Comac Brasil may revise these website terms of service at any time without prior notice. By using this site, you agree to be bound by the current version of these terms of service.<\/p>\r\n\r\n\r\n\r\n<h3 class=\"wp-block-heading\">Applicable law<\/h3>\r\n\r\n\r\n\r\n<p>These terms and conditions are governed by and constructed in accordance with the laws of Comac Brasil and you irrevocably submit to the exclusive jurisdiction of the courts in that state or locality.<\/p>","protected":false},"excerpt":{"rendered":"<p>1. Terms By accessing the Comac Brasil website, you agree to comply with these terms of service, all applicable laws and regulations, and you agree that you are responsible for compliance with all applicable local laws. If you do not agree with any of these terms, you are prohibited from using or accessing this website.<\/p>","protected":false},"author":1,"featured_media":0,"parent":0,"menu_order":0,"comment_status":"closed","ping_status":"closed","template":"","meta":{"_acf_changed":false,"inline_featured_image":false,"_joinchat":[],"footnotes":""},"class_list":["post-4710","page","type-page","status-publish","hentry"],"acf":[],"yoast_head":"<!-- This site is optimized with the Yoast SEO plugin v27.1.1 - https:\/\/yoast.com\/product\/yoast-seo-wordpress\/ -->\n<title>Terms and Conditions - Comac - Brasil<\/title>\n<meta name=\"robots\" content=\"index, follow, max-snippet:-1, max-image-preview:large, max-video-preview:-1\" \/>\n<link rel=\"canonical\" href=\"https:\/\/comacbr.com\/en\/terms-and-conditions\/\" \/>\n<meta property=\"og:locale\" content=\"en_US\" \/>\n<meta property=\"og:type\" content=\"article\" \/>\n<meta property=\"og:title\" content=\"Terms and Conditions - Comac - Brasil\" \/>\n<meta property=\"og:description\" content=\"1. Terms By accessing the Comac Brasil website, you agree to comply with these terms of service, all applicable laws and regulations, and you agree that you are responsible for compliance with all applicable local laws. If you do not agree with any of these terms, you are prohibited from using or accessing this website.\" \/>\n<meta property=\"og:url\" content=\"https:\/\/comacbr.com\/en\/terms-and-conditions\/\" \/>\n<meta property=\"og:site_name\" content=\"Comac - Brasil\" \/>\n<meta property=\"article:publisher\" content=\"https:\/\/www.facebook.com\/comacbrasil\" \/>\n<meta property=\"article:modified_time\" content=\"2022-07-01T14:43:53+00:00\" \/>\n<meta name=\"twitter:card\" content=\"summary_large_image\" \/>\n<meta name=\"twitter:label1\" content=\"Est. reading time\" \/>\n\t<meta name=\"twitter:data1\" content=\"4 minutes\" \/>\n<script type=\"application\/ld+json\" class=\"yoast-schema-graph\">{\"@context\":\"https:\/\/schema.org\",\"@graph\":[{\"@type\":\"WebPage\",\"@id\":\"https:\/\/comacbr.com\/en\/terms-and-conditions\/\",\"url\":\"https:\/\/comacbr.com\/en\/terms-and-conditions\/\",\"name\":\"Terms and Conditions - Comac - Brasil\",\"isPartOf\":{\"@id\":\"https:\/\/comacbr.com\/#website\"},\"datePublished\":\"2022-06-24T19:06:30+00:00\",\"dateModified\":\"2022-07-01T14:43:53+00:00\",\"breadcrumb\":{\"@id\":\"https:\/\/comacbr.com\/en\/terms-and-conditions\/#breadcrumb\"},\"inLanguage\":\"en-US\",\"potentialAction\":[{\"@type\":\"ReadAction\",\"target\":[\"https:\/\/comacbr.com\/en\/terms-and-conditions\/\"]}]},{\"@type\":\"BreadcrumbList\",\"@id\":\"https:\/\/comacbr.com\/en\/terms-and-conditions\/#breadcrumb\",\"itemListElement\":[{\"@type\":\"ListItem\",\"position\":1,\"name\":\"In\u00edcio\",\"item\":\"https:\/\/comacbr.com\/\"},{\"@type\":\"ListItem\",\"position\":2,\"name\":\"Terms and Conditions\"}]},{\"@type\":\"WebSite\",\"@id\":\"https:\/\/comacbr.com\/#website\",\"url\":\"https:\/\/comacbr.com\/\",\"name\":\"Comac - Brasil\",\"description\":\"Manufatura, Automa\u00e7\u00e3o e Rob\u00f3tica\",\"publisher\":{\"@id\":\"https:\/\/comacbr.com\/#organization\"},\"potentialAction\":[{\"@type\":\"SearchAction\",\"target\":{\"@type\":\"EntryPoint\",\"urlTemplate\":\"https:\/\/comacbr.com\/?s={search_term_string}\"},\"query-input\":{\"@type\":\"PropertyValueSpecification\",\"valueRequired\":true,\"valueName\":\"search_term_string\"}}],\"inLanguage\":\"en-US\"},{\"@type\":\"Organization\",\"@id\":\"https:\/\/comacbr.com\/#organization\",\"name\":\"Comac Brasil\",\"url\":\"https:\/\/comacbr.com\/\",\"logo\":{\"@type\":\"ImageObject\",\"inLanguage\":\"en-US\",\"@id\":\"https:\/\/comacbr.com\/#\/schema\/logo\/image\/\",\"url\":\"https:\/\/comacbr.com\/wp-content\/uploads\/2025\/12\/Logo-ComacColorido-e1765939798340.webp\",\"contentUrl\":\"https:\/\/comacbr.com\/wp-content\/uploads\/2025\/12\/Logo-ComacColorido-e1765939798340.webp\",\"width\":1737,\"height\":667,\"caption\":\"Comac Brasil\"},\"image\":{\"@id\":\"https:\/\/comacbr.com\/#\/schema\/logo\/image\/\"},\"sameAs\":[\"https:\/\/www.facebook.com\/comacbrasil\",\"https:\/\/www.instagram.com\/comacbrasil\/\"]}]}<\/script>\n<!-- \/ Yoast SEO plugin. -->","yoast_head_json":{"title":"Terms and Conditions - Comac - Brasil","robots":{"index":"index","follow":"follow","max-snippet":"max-snippet:-1","max-image-preview":"max-image-preview:large","max-video-preview":"max-video-preview:-1"},"canonical":"https:\/\/comacbr.com\/en\/terms-and-conditions\/","og_locale":"en_US","og_type":"article","og_title":"Terms and Conditions - Comac - Brasil","og_description":"1. Terms By accessing the Comac Brasil website, you agree to comply with these terms of service, all applicable laws and regulations, and you agree that you are responsible for compliance with all applicable local laws. If you do not agree with any of these terms, you are prohibited from using or accessing this website.","og_url":"https:\/\/comacbr.com\/en\/terms-and-conditions\/","og_site_name":"Comac - Brasil","article_publisher":"https:\/\/www.facebook.com\/comacbrasil","article_modified_time":"2022-07-01T14:43:53+00:00","twitter_card":"summary_large_image","twitter_misc":{"Est. reading time":"4 minutes"},"schema":{"@context":"https:\/\/schema.org","@graph":[{"@type":"WebPage","@id":"https:\/\/comacbr.com\/en\/terms-and-conditions\/","url":"https:\/\/comacbr.com\/en\/terms-and-conditions\/","name":"Terms and Conditions - Comac - Brasil","isPartOf":{"@id":"https:\/\/comacbr.com\/#website"},"datePublished":"2022-06-24T19:06:30+00:00","dateModified":"2022-07-01T14:43:53+00:00","breadcrumb":{"@id":"https:\/\/comacbr.com\/en\/terms-and-conditions\/#breadcrumb"},"inLanguage":"en-US","potentialAction":[{"@type":"ReadAction","target":["https:\/\/comacbr.com\/en\/terms-and-conditions\/"]}]},{"@type":"BreadcrumbList","@id":"https:\/\/comacbr.com\/en\/terms-and-conditions\/#breadcrumb","itemListElement":[{"@type":"ListItem","position":1,"name":"In\u00edcio","item":"https:\/\/comacbr.com\/"},{"@type":"ListItem","position":2,"name":"Terms and Conditions"}]},{"@type":"WebSite","@id":"https:\/\/comacbr.com\/#website","url":"https:\/\/comacbr.com\/","name":"Comac - Brazil","description":"Manufacturing, Automation and Robotics","publisher":{"@id":"https:\/\/comacbr.com\/#organization"},"potentialAction":[{"@type":"SearchAction","target":{"@type":"EntryPoint","urlTemplate":"https:\/\/comacbr.com\/?s={search_term_string}"},"query-input":{"@type":"PropertyValueSpecification","valueRequired":true,"valueName":"search_term_string"}}],"inLanguage":"en-US"},{"@type":"Organization","@id":"https:\/\/comacbr.com\/#organization","name":"Comac Brazil","url":"https:\/\/comacbr.com\/","logo":{"@type":"ImageObject","inLanguage":"en-US","@id":"https:\/\/comacbr.com\/#\/schema\/logo\/image\/","url":"https:\/\/comacbr.com\/wp-content\/uploads\/2025\/12\/Logo-ComacColorido-e1765939798340.webp","contentUrl":"https:\/\/comacbr.com\/wp-content\/uploads\/2025\/12\/Logo-ComacColorido-e1765939798340.webp","width":1737,"height":667,"caption":"Comac Brasil"},"image":{"@id":"https:\/\/comacbr.com\/#\/schema\/logo\/image\/"},"sameAs":["https:\/\/www.facebook.com\/comacbrasil","https:\/\/www.instagram.com\/comacbrasil\/"]}]}},"_links":{"self":[{"href":"https:\/\/comacbr.com\/en\/wp-json\/wp\/v2\/pages\/4710","targetHints":{"allow":["GET"]}}],"collection":[{"href":"https:\/\/comacbr.com\/en\/wp-json\/wp\/v2\/pages"}],"about":[{"href":"https:\/\/comacbr.com\/en\/wp-json\/wp\/v2\/types\/page"}],"author":[{"embeddable":true,"href":"https:\/\/comacbr.com\/en\/wp-json\/wp\/v2\/users\/1"}],"replies":[{"embeddable":true,"href":"https:\/\/comacbr.com\/en\/wp-json\/wp\/v2\/comments?post=4710"}],"version-history":[{"count":0,"href":"https:\/\/comacbr.com\/en\/wp-json\/wp\/v2\/pages\/4710\/revisions"}],"wp:attachment":[{"href":"https:\/\/comacbr.com\/en\/wp-json\/wp\/v2\/media?parent=4710"}],"curies":[{"name":"wp","href":"https:\/\/api.w.org\/{rel}","templated":true}]}}