{"id":4706,"date":"2022-06-24T16:01:38","date_gmt":"2022-06-24T19:01:38","guid":{"rendered":"https:\/\/comacbr.com?page_id=4706"},"modified":"2022-07-01T11:17:44","modified_gmt":"2022-07-01T14:17:44","slug":"site-map","status":"publish","type":"page","link":"https:\/\/comacbr.com\/en\/site-map\/","title":{"rendered":"Site map"},"content":{"rendered":"<div data-elementor-type=\"wp-page\" data-elementor-id=\"4706\" class=\"elementor elementor-4706\" data-elementor-post-type=\"page\">\n\t\t\t\t\t\t<section class=\"elementor-section elementor-top-section elementor-element elementor-element-380fa59 elementor-section-boxed elementor-section-height-default elementor-section-height-default\" data-id=\"380fa59\" data-element_type=\"section\" data-e-type=\"section\">\n\t\t\t\t\t\t<div class=\"elementor-container elementor-column-gap-default\">\n\t\t\t\t\t<div class=\"elementor-column elementor-col-100 elementor-top-column elementor-element elementor-element-696cc62\" data-id=\"696cc62\" data-element_type=\"column\" data-e-type=\"column\">\n\t\t\t<div class=\"elementor-widget-wrap elementor-element-populated\">\n\t\t\t\t\t\t<div class=\"elementor-element elementor-element-7402ce4 elementor-widget elementor-widget-sitemap\" data-id=\"7402ce4\" data-element_type=\"widget\" data-e-type=\"widget\" data-widget_type=\"sitemap.default\">\n\t\t\t\t\t<div class=\"elementor-sitemap-wrap\"><div class=\"elementor-sitemap-section\"><h2 class=\"elementor-sitemap-title elementor-sitemap-page-title\">Pages<\/h2><ul class=\"elementor-sitemap-list elementor-sitemap-page-list\"><li class=\"elementor-sitemap-item elementor-sitemap-item-page page_item page-item-14317\"><a href=\"https:\/\/comacbr.com\/en\/acessorios\/\">Accessories<\/a><\/li><li class=\"elementor-sitemap-item elementor-sitemap-item-page page_item page-item-14298\"><a href=\"https:\/\/comacbr.com\/en\/novo-acessorios\/\">New Accessories<\/a><\/li><li class=\"elementor-sitemap-item elementor-sitemap-item-page page_item page-item-4963\"><a href=\"https:\/\/comacbr.com\/en\/celulas-roboticas\/\">Robotic Cells<\/a><\/li><li class=\"elementor-sitemap-item elementor-sitemap-item-page page_item page-item-7239\"><a href=\"https:\/\/comacbr.com\/en\/catalogo\/\">Catalog<\/a><\/li><li class=\"elementor-sitemap-item elementor-sitemap-item-page page_item page-item-7186\"><a href=\"https:\/\/comacbr.com\/en\/novo-catalogo\/\">New Catalog<\/a><\/li><li class=\"elementor-sitemap-item elementor-sitemap-item-page page_item page-item-7175\"><a href=\"https:\/\/comacbr.com\/en\/\">home &#8211; erro<\/a><\/li><li class=\"elementor-sitemap-item elementor-sitemap-item-page page_item page-item-6895\"><a href=\"https:\/\/comacbr.com\/en\/landing\/\">Landing<\/a><ul class='children'><li class=\"elementor-sitemap-item elementor-sitemap-item-page page_item page-item-6887\"><a href=\"https:\/\/comacbr.com\/en\/landing\/madeira\/\">Robot for Solid Wood Furniture Sector<\/a><\/li><\/ul><\/li><li class=\"elementor-sitemap-item elementor-sitemap-item-page page_item page-item-6492\"><a href=\"https:\/\/comacbr.com\/en\/obrigado\/\">Thanks<\/a><\/li><li class=\"elementor-sitemap-item elementor-sitemap-item-page page_item page-item-5297\"><a href=\"https:\/\/comacbr.com\/en\/robotic-cells\/\">Robotic cells<\/a><\/li><li class=\"elementor-sitemap-item elementor-sitemap-item-page page_item page-item-5217\"><a href=\"https:\/\/comacbr.com\/en\/proyectos-de-exito\/\">Successful Projects<\/a><\/li><li class=\"elementor-sitemap-item elementor-sitemap-item-page page_item page-item-5215\"><a href=\"https:\/\/comacbr.com\/en\/success-projects\/\">Success Projects<\/a><\/li><li class=\"elementor-sitemap-item elementor-sitemap-item-page page_item page-item-5213\"><a href=\"https:\/\/comacbr.com\/en\/faq\/\">FAQ<\/a><\/li><li class=\"elementor-sitemap-item elementor-sitemap-item-page page_item page-item-5211\"><a href=\"https:\/\/comacbr.com\/en\/faq\/\">FAQ<\/a><\/li><li class=\"elementor-sitemap-item elementor-sitemap-item-page page_item page-item-4725\"><a href=\"https:\/\/comacbr.com\/en\/zw3d-3\/\">ZW3D<\/a><\/li><li class=\"elementor-sitemap-item elementor-sitemap-item-page page_item page-item-4716\"><a href=\"https:\/\/comacbr.com\/en\/zw3d-2\/\">ZW3D<\/a><\/li><li class=\"elementor-sitemap-item elementor-sitemap-item-page page_item page-item-4713\"><a href=\"https:\/\/comacbr.com\/en\/terminos-y-condiciones\/\">Terms and conditions<\/a><\/li><li class=\"elementor-sitemap-item elementor-sitemap-item-page page_item page-item-4710\"><a href=\"https:\/\/comacbr.com\/en\/terms-and-conditions\/\">Terms and Conditions<\/a><\/li><li class=\"elementor-sitemap-item elementor-sitemap-item-page page_item page-item-4706\"><a href=\"https:\/\/comacbr.com\/en\/site-map\/\">Site map<\/a><\/li><li class=\"elementor-sitemap-item elementor-sitemap-item-page page_item page-item-4703\"><a href=\"https:\/\/comacbr.com\/en\/robotic-cells-cnc-machines-cad-and-cam-software\/\">Robotic Cells, CNC Machines, CAD and CAM software<\/a><\/li><li class=\"elementor-sitemap-item elementor-sitemap-item-page page_item page-item-4656\"><a href=\"https:\/\/comacbr.com\/en\/empresa\/\">Enterprise<\/a><\/li><li class=\"elementor-sitemap-item elementor-sitemap-item-page page_item page-item-4633\"><a href=\"https:\/\/comacbr.com\/en\/politica-de-privacidad\/\">Privacy policy<\/a><\/li><li class=\"elementor-sitemap-item elementor-sitemap-item-page page_item page-item-4617\"><a href=\"https:\/\/comacbr.com\/en\/privacy-policy\/\">Privacy Policy<\/a><\/li><li class=\"elementor-sitemap-item elementor-sitemap-item-page page_item page-item-4564\"><a href=\"https:\/\/comacbr.com\/en\/celulas-roboticas-maquinas-cnc-software-cad-y-cam\/\">Robotic cells, CNC machines, CAD and CAM software<\/a><\/li><li class=\"elementor-sitemap-item elementor-sitemap-item-page page_item page-item-3748\"><a href=\"https:\/\/comacbr.com\/en\/mapa-do-site\/\">Site Map<\/a><\/li><li class=\"elementor-sitemap-item elementor-sitemap-item-page page_item page-item-1255\"><a href=\"https:\/\/comacbr.com\/en\/zw3d\/\">ZW3D<\/a><\/li><li class=\"elementor-sitemap-item elementor-sitemap-item-page page_item page-item-566\"><a href=\"https:\/\/comacbr.com\/en\/projetos-de-sucesso\/\">Successful Projects<\/a><\/li><li class=\"elementor-sitemap-item elementor-sitemap-item-page page_item page-item-559\"><a href=\"https:\/\/comacbr.com\/en\/politica-de-privacidade\/\">Privacy Policy<\/a><\/li><li class=\"elementor-sitemap-item elementor-sitemap-item-page page_item page-item-375\"><a href=\"https:\/\/comacbr.com\/en\/termos-e-condicoes\/\">Terms and Conditions<\/a><\/li><li class=\"elementor-sitemap-item elementor-sitemap-item-page page_item page-item-290\"><a href=\"https:\/\/comacbr.com\/en\/contato\/\">Contact<\/a><\/li><li class=\"elementor-sitemap-item elementor-sitemap-item-page page_item page-item-273\"><a href=\"https:\/\/comacbr.com\/en\/faq\/\">FAQ<\/a><\/li><li class=\"elementor-sitemap-item elementor-sitemap-item-page page_item page-item-782 current_page_parent\"><a href=\"https:\/\/comacbr.com\/en\/blog\/\">Blog<\/a><\/li><li class=\"elementor-sitemap-item elementor-sitemap-item-page page_item page-item-466\"><a href=\"https:\/\/comacbr.com\/en\/celulas-roboticas-maquinas-cnc-software-cad-cam\/\">Robotic Cells, CNC Machines, CAD and CAM software<\/a><\/li><li class=\"elementor-sitemap-item elementor-sitemap-item-page page_item page-item-4844\"><a href=\"https:\/\/comacbr.com\/en\/sprutcam-solutions\/turning-center\/\">Turning Center<\/a><\/li><li class=\"elementor-sitemap-item elementor-sitemap-item-page page_item page-item-4790\"><a href=\"https:\/\/comacbr.com\/en\/sprutcam-solutions\/hsm-and-adaptive\/\">HSM and Adaptive<\/a><\/li><li class=\"elementor-sitemap-item elementor-sitemap-item-page page_item page-item-4767\"><a href=\"https:\/\/comacbr.com\/en\/sprutcam-solutions\/multi-axis\/\">Multi-axis<\/a><\/li><li class=\"elementor-sitemap-item elementor-sitemap-item-page page_item page-item-4757\"><a href=\"https:\/\/comacbr.com\/en\/sprutcam-solutions\/rotary-milling-programming\/\">Rotary milling programming<\/a><\/li><li class=\"elementor-sitemap-item elementor-sitemap-item-page page_item page-item-4737\"><a href=\"https:\/\/comacbr.com\/en\/sprutcam-solutions\/swiss-lathes-and-multitasking\/\">Swiss Lathes and Multitasking<\/a><\/li><li class=\"elementor-sitemap-item elementor-sitemap-item-page page_item page-item-4795\"><a href=\"https:\/\/comacbr.com\/en\/soluciones-sprutcam\/fresado-de-25-y-3-ejes\/\">Milled 2.5 and 3 axles<\/a><\/li><li class=\"elementor-sitemap-item elementor-sitemap-item-page page_item page-item-4785\"><a href=\"https:\/\/comacbr.com\/en\/soluciones-sprutcam\/hsm-y-adaptativo\/\">Adaptive HSM<\/a><\/li><li class=\"elementor-sitemap-item elementor-sitemap-item-page page_item page-item-4762\"><a href=\"https:\/\/comacbr.com\/en\/soluciones-sprutcam\/multieje\/\">Multi-axis<\/a><\/li><li class=\"elementor-sitemap-item elementor-sitemap-item-page page_item page-item-4752\"><a href=\"https:\/\/comacbr.com\/en\/soluciones-sprutcam\/programacion-de-fresado-rotativo\/\">Rotary milling programming<\/a><\/li><li class=\"elementor-sitemap-item elementor-sitemap-item-page page_item page-item-4742\"><a href=\"https:\/\/comacbr.com\/en\/soluciones-sprutcam\/programacion-de-tornos-cnc\/\">CNC lathe programming<\/a><\/li><li class=\"elementor-sitemap-item elementor-sitemap-item-page page_item page-item-4730\"><a href=\"https:\/\/comacbr.com\/en\/soluciones-sprutcam\/tornos-suizos-y-multitarea\/\">Tornos Suizos y Multitarea<\/a><\/li><li class=\"elementor-sitemap-item elementor-sitemap-item-page page_item page-item-2316\"><a href=\"https:\/\/comacbr.com\/en\/solucoes-sprutcam\/tornos-suicos-e-multitarefas\/\">Swiss Lathes and Multitasking<\/a><\/li><li class=\"elementor-sitemap-item elementor-sitemap-item-page page_item page-item-2308\"><a href=\"https:\/\/comacbr.com\/en\/solucoes-sprutcam\/hsm-e-adaptativo\/\">HSM and Adaptive<\/a><\/li><li class=\"elementor-sitemap-item elementor-sitemap-item-page page_item page-item-2291\"><a href=\"https:\/\/comacbr.com\/en\/solucoes-sprutcam\/multieixos\/\">Multi-axis<\/a><\/li><li class=\"elementor-sitemap-item elementor-sitemap-item-page page_item page-item-2273\"><a href=\"https:\/\/comacbr.com\/en\/solucoes-sprutcam\/programacao-de-tornos-cnc\/\">CNC lathe programming<\/a><\/li><li class=\"elementor-sitemap-item elementor-sitemap-item-page page_item page-item-2265\"><a href=\"https:\/\/comacbr.com\/en\/solucoes-sprutcam\/fresamento-2-5-e-3-eixos-2\/\">2.5 and 3-axis milling<\/a><\/li><li class=\"elementor-sitemap-item elementor-sitemap-item-page page_item page-item-2238\"><a href=\"https:\/\/comacbr.com\/en\/solucoes-sprutcam\/programacao-de-fresamento-rotativo\/\">Rotary milling programming<\/a><\/li><\/ul><\/div><div class=\"elementor-sitemap-section\"><h2 class=\"elementor-sitemap-title elementor-sitemap-service-title\">Solutions<\/h2><ul class=\"elementor-sitemap-list elementor-sitemap-service-list\"><li class=\"elementor-sitemap-item elementor-sitemap-item-service page_item page-item-15545\"><a href=\"https:\/\/comacbr.com\/en\/service\/linha-comac-collab\/\">Linha Comac &#8211; Collab<\/a><\/li><li class=\"elementor-sitemap-item elementor-sitemap-item-service page_item page-item-15302\"><a href=\"https:\/\/comacbr.com\/en\/service\/linha-comac-construcao\/\">Linha Comac &#8211; Constru\u00e7\u00e3o<\/a><\/li><li class=\"elementor-sitemap-item elementor-sitemap-item-service page_item page-item-15288\"><a href=\"https:\/\/comacbr.com\/en\/service\/linha-comac-prime\/\">Linha Comac &#8211; Prime<\/a><\/li><li class=\"elementor-sitemap-item elementor-sitemap-item-service page_item page-item-15217\"><a href=\"https:\/\/comacbr.com\/en\/service\/linha-comac-industrial\/\">Linha Comac &#8211; Industrial<\/a><\/li><li class=\"elementor-sitemap-item elementor-sitemap-item-service page_item page-item-15189\"><a href=\"https:\/\/comacbr.com\/en\/service\/linha-comac-moldes\/\">Linha Comac &#8211; Moldes<\/a><\/li><li class=\"elementor-sitemap-item elementor-sitemap-item-service page_item page-item-15135\"><a href=\"https:\/\/comacbr.com\/en\/service\/linha-comac-marmore\/\">Linha Comac &#8211; M\u00e1rmore<\/a><\/li><li class=\"elementor-sitemap-item elementor-sitemap-item-service page_item page-item-15086\"><a href=\"https:\/\/comacbr.com\/en\/service\/linha-comac-mobiliario\/\">Linha Comac &#8211; Mobili\u00e1rio<\/a><\/li><li class=\"elementor-sitemap-item elementor-sitemap-item-service page_item page-item-14535\"><a href=\"https:\/\/comacbr.com\/en\/service\/linha-comac-escultural\/\">Linha Comac &#8211; Escultural<\/a><\/li><li class=\"elementor-sitemap-item elementor-sitemap-item-service page_item page-item-6731\"><a href=\"https:\/\/comacbr.com\/en\/service\/ency-cam\/\">Ency CAM<\/a><\/li><li class=\"elementor-sitemap-item elementor-sitemap-item-service page_item page-item-103\"><a href=\"https:\/\/comacbr.com\/en\/service\/suporte\/\">Support<\/a><\/li><li class=\"elementor-sitemap-item elementor-sitemap-item-service page_item page-item-100\"><a href=\"https:\/\/comacbr.com\/en\/service\/software-cam\/\">CAM Software<\/a><\/li><\/ul><\/div><div class=\"elementor-sitemap-section\"><h2 class=\"elementor-sitemap-title elementor-sitemap-category-title\">Categories<\/h2><ul class=\"elementor-sitemap-list elementor-sitemap-category-list\">\t<li class=\"elementor-sitemap-item elementor-sitemap-item-category cat-item cat-item-378\"><a href=\"https:\/\/comacbr.com\/en\/category\/zw3d\/\">ZW3D<\/a>\n<\/li>\n\t<li class=\"elementor-sitemap-item elementor-sitemap-item-category cat-item cat-item-339\"><a href=\"https:\/\/comacbr.com\/en\/category\/tutorial\/\">Tutorial<\/a>\n<\/li>\n\t<li class=\"elementor-sitemap-item elementor-sitemap-item-category cat-item cat-item-17\"><a href=\"https:\/\/comacbr.com\/en\/category\/software-cam\/\">CAM Software<\/a>\n<\/li>\n\t<li class=\"elementor-sitemap-item elementor-sitemap-item-category cat-item cat-item-108\"><a href=\"https:\/\/comacbr.com\/en\/category\/sem-categoria-pt\/\">Uncategorized<\/a>\n<\/li>\n\t<li class=\"elementor-sitemap-item elementor-sitemap-item-category cat-item cat-item-16\"><a href=\"https:\/\/comacbr.com\/en\/category\/maquinas-cnc\/\">CNC machines<\/a>\n<\/li>\n\t<li class=\"elementor-sitemap-item elementor-sitemap-item-category cat-item cat-item-273\"><a href=\"https:\/\/comacbr.com\/en\/category\/financiamentos\/\">Financing<\/a>\n<ul class='children'>\n\t<li class=\"elementor-sitemap-item elementor-sitemap-item-category cat-item cat-item-275\"><a href=\"https:\/\/comacbr.com\/en\/category\/financiamentos\/finepe\/\">Finepe<\/a>\n<\/li>\n\t<li class=\"elementor-sitemap-item elementor-sitemap-item-category cat-item cat-item-296\"><a href=\"https:\/\/comacbr.com\/en\/category\/financiamentos\/finame\/\">Finame<\/a>\n<\/li>\n<\/ul>\n<\/li>\n\t<li class=\"elementor-sitemap-item elementor-sitemap-item-category cat-item cat-item-467\"><a href=\"https:\/\/comacbr.com\/en\/category\/ency-cam\/\">Ency Cam<\/a>\n<\/li>\n\t<li class=\"elementor-sitemap-item elementor-sitemap-item-category cat-item cat-item-54\"><a href=\"https:\/\/comacbr.com\/en\/category\/celulas-roboticas\/\">Robotic Cells<\/a>\n<\/li>\n\t<li class=\"elementor-sitemap-item elementor-sitemap-item-category cat-item cat-item-479\"><a href=\"https:\/\/comacbr.com\/en\/category\/automacao-industrial\/\">Automa\u00e7\u00e3o Industrial<\/a>\n<\/li>\n<\/ul><\/div><div class=\"elementor-sitemap-section\"><h2 class=\"elementor-sitemap-title elementor-sitemap-project-title\">Successful Projects<\/h2><ul class=\"elementor-sitemap-list elementor-sitemap-project-list\"><li class=\"elementor-sitemap-item elementor-sitemap-item-project page_item page-item-7661\"><a href=\"https:\/\/comacbr.com\/en\/project\/starmobile\/\">StarMobile<\/a><\/li><li class=\"elementor-sitemap-item elementor-sitemap-item-project page_item page-item-7656\"><a href=\"https:\/\/comacbr.com\/en\/project\/moldes-para-ortopedia\/\">Orthopedic Molds<\/a><\/li><li class=\"elementor-sitemap-item elementor-sitemap-item-project page_item page-item-7654\"><a href=\"https:\/\/comacbr.com\/en\/project\/esquadrias-moschetta\/\">Moschetta Window and Door Frames<\/a><\/li><li class=\"elementor-sitemap-item elementor-sitemap-item-project page_item page-item-7650\"><a href=\"https:\/\/comacbr.com\/en\/project\/dmg-fibras-e-moldes\/\">DMG Fibers and Molds<\/a><\/li><li class=\"elementor-sitemap-item elementor-sitemap-item-project page_item page-item-7649\"><a href=\"https:\/\/comacbr.com\/en\/project\/vila-imperial\/\">Imperial Village<\/a><\/li><li class=\"elementor-sitemap-item elementor-sitemap-item-project page_item page-item-6150\"><a href=\"https:\/\/comacbr.com\/en\/project\/empresa-plasmosul\/\">Plasmosul Company<\/a><\/li><li class=\"elementor-sitemap-item elementor-sitemap-item-project page_item page-item-513\"><a href=\"https:\/\/comacbr.com\/en\/project\/arquiteto-ludson-zampirolli\/\">Architect Ludson Zampirolli<\/a><\/li><li class=\"elementor-sitemap-item elementor-sitemap-item-project page_item page-item-518\"><a href=\"https:\/\/comacbr.com\/en\/project\/empresa-dilepe\/\">Dilep\u00e9 Company<\/a><\/li><li class=\"elementor-sitemap-item elementor-sitemap-item-project page_item page-item-516\"><a href=\"https:\/\/comacbr.com\/en\/project\/empresa-lazza-componentes\/\">Lazza Components Company<\/a><\/li><li class=\"elementor-sitemap-item elementor-sitemap-item-project page_item page-item-515\"><a href=\"https:\/\/comacbr.com\/en\/project\/artista-hermes-santos\/\">Artist Hermes Santos<\/a><\/li><li class=\"elementor-sitemap-item elementor-sitemap-item-project page_item page-item-514\"><a href=\"https:\/\/comacbr.com\/en\/project\/empresa-hacker-industrial\/\">Industrial Hacker Company<\/a><\/li><\/ul><\/div><\/div>\t\t\t\t<\/div>\n\t\t\t\t\t<\/div>\n\t\t<\/div>\n\t\t\t\t\t<\/div>\n\t\t<\/section>\n\t\t\t\t<\/div>","protected":false},"excerpt":{"rendered":"","protected":false},"author":1,"featured_media":0,"parent":0,"menu_order":0,"comment_status":"closed","ping_status":"closed","template":"","meta":{"_acf_changed":false,"inline_featured_image":false,"_joinchat":[],"footnotes":""},"class_list":["post-4706","page","type-page","status-publish","hentry"],"acf":[],"yoast_head":"<!-- This site is optimized with the Yoast SEO plugin v27.1.1 - https:\/\/yoast.com\/product\/yoast-seo-wordpress\/ -->\n<title>Site map - Comac - Brasil<\/title>\n<meta name=\"robots\" content=\"index, follow, max-snippet:-1, max-image-preview:large, max-video-preview:-1\" \/>\n<link rel=\"canonical\" href=\"https:\/\/comacbr.com\/en\/site-map\/\" \/>\n<meta property=\"og:locale\" content=\"en_US\" \/>\n<meta property=\"og:type\" content=\"article\" \/>\n<meta property=\"og:title\" content=\"Site map - Comac - Brasil\" \/>\n<meta property=\"og:url\" content=\"https:\/\/comacbr.com\/en\/site-map\/\" \/>\n<meta property=\"og:site_name\" content=\"Comac - Brasil\" \/>\n<meta property=\"article:publisher\" content=\"https:\/\/www.facebook.com\/comacbrasil\" \/>\n<meta property=\"article:modified_time\" content=\"2022-07-01T14:17:44+00:00\" \/>\n<meta name=\"twitter:card\" content=\"summary_large_image\" \/>\n<meta name=\"twitter:label1\" content=\"Est. reading time\" \/>\n\t<meta name=\"twitter:data1\" content=\"1 minute\" \/>\n<script type=\"application\/ld+json\" class=\"yoast-schema-graph\">{\"@context\":\"https:\/\/schema.org\",\"@graph\":[{\"@type\":\"WebPage\",\"@id\":\"https:\/\/comacbr.com\/en\/site-map\/\",\"url\":\"https:\/\/comacbr.com\/en\/site-map\/\",\"name\":\"Site map - Comac - Brasil\",\"isPartOf\":{\"@id\":\"https:\/\/comacbr.com\/#website\"},\"datePublished\":\"2022-06-24T19:01:38+00:00\",\"dateModified\":\"2022-07-01T14:17:44+00:00\",\"breadcrumb\":{\"@id\":\"https:\/\/comacbr.com\/en\/site-map\/#breadcrumb\"},\"inLanguage\":\"en-US\",\"potentialAction\":[{\"@type\":\"ReadAction\",\"target\":[\"https:\/\/comacbr.com\/en\/site-map\/\"]}]},{\"@type\":\"BreadcrumbList\",\"@id\":\"https:\/\/comacbr.com\/en\/site-map\/#breadcrumb\",\"itemListElement\":[{\"@type\":\"ListItem\",\"position\":1,\"name\":\"In\u00edcio\",\"item\":\"https:\/\/comacbr.com\/\"},{\"@type\":\"ListItem\",\"position\":2,\"name\":\"Site map\"}]},{\"@type\":\"WebSite\",\"@id\":\"https:\/\/comacbr.com\/#website\",\"url\":\"https:\/\/comacbr.com\/\",\"name\":\"Comac - Brasil\",\"description\":\"Manufatura, Automa\u00e7\u00e3o e Rob\u00f3tica\",\"publisher\":{\"@id\":\"https:\/\/comacbr.com\/#organization\"},\"potentialAction\":[{\"@type\":\"SearchAction\",\"target\":{\"@type\":\"EntryPoint\",\"urlTemplate\":\"https:\/\/comacbr.com\/?s={search_term_string}\"},\"query-input\":{\"@type\":\"PropertyValueSpecification\",\"valueRequired\":true,\"valueName\":\"search_term_string\"}}],\"inLanguage\":\"en-US\"},{\"@type\":\"Organization\",\"@id\":\"https:\/\/comacbr.com\/#organization\",\"name\":\"Comac Brasil\",\"url\":\"https:\/\/comacbr.com\/\",\"logo\":{\"@type\":\"ImageObject\",\"inLanguage\":\"en-US\",\"@id\":\"https:\/\/comacbr.com\/#\/schema\/logo\/image\/\",\"url\":\"https:\/\/comacbr.com\/wp-content\/uploads\/2025\/12\/Logo-ComacColorido-e1765939798340.webp\",\"contentUrl\":\"https:\/\/comacbr.com\/wp-content\/uploads\/2025\/12\/Logo-ComacColorido-e1765939798340.webp\",\"width\":1737,\"height\":667,\"caption\":\"Comac Brasil\"},\"image\":{\"@id\":\"https:\/\/comacbr.com\/#\/schema\/logo\/image\/\"},\"sameAs\":[\"https:\/\/www.facebook.com\/comacbrasil\",\"https:\/\/www.instagram.com\/comacbrasil\/\"]}]}<\/script>\n<!-- \/ Yoast SEO plugin. -->","yoast_head_json":{"title":"Site map - Comac - Brasil","robots":{"index":"index","follow":"follow","max-snippet":"max-snippet:-1","max-image-preview":"max-image-preview:large","max-video-preview":"max-video-preview:-1"},"canonical":"https:\/\/comacbr.com\/en\/site-map\/","og_locale":"en_US","og_type":"article","og_title":"Site map - Comac - Brasil","og_url":"https:\/\/comacbr.com\/en\/site-map\/","og_site_name":"Comac - Brasil","article_publisher":"https:\/\/www.facebook.com\/comacbrasil","article_modified_time":"2022-07-01T14:17:44+00:00","twitter_card":"summary_large_image","twitter_misc":{"Est. reading time":"1 minute"},"schema":{"@context":"https:\/\/schema.org","@graph":[{"@type":"WebPage","@id":"https:\/\/comacbr.com\/en\/site-map\/","url":"https:\/\/comacbr.com\/en\/site-map\/","name":"Site map - Comac - Brasil","isPartOf":{"@id":"https:\/\/comacbr.com\/#website"},"datePublished":"2022-06-24T19:01:38+00:00","dateModified":"2022-07-01T14:17:44+00:00","breadcrumb":{"@id":"https:\/\/comacbr.com\/en\/site-map\/#breadcrumb"},"inLanguage":"en-US","potentialAction":[{"@type":"ReadAction","target":["https:\/\/comacbr.com\/en\/site-map\/"]}]},{"@type":"BreadcrumbList","@id":"https:\/\/comacbr.com\/en\/site-map\/#breadcrumb","itemListElement":[{"@type":"ListItem","position":1,"name":"In\u00edcio","item":"https:\/\/comacbr.com\/"},{"@type":"ListItem","position":2,"name":"Site map"}]},{"@type":"WebSite","@id":"https:\/\/comacbr.com\/#website","url":"https:\/\/comacbr.com\/","name":"Comac - Brazil","description":"Manufacturing, Automation and Robotics","publisher":{"@id":"https:\/\/comacbr.com\/#organization"},"potentialAction":[{"@type":"SearchAction","target":{"@type":"EntryPoint","urlTemplate":"https:\/\/comacbr.com\/?s={search_term_string}"},"query-input":{"@type":"PropertyValueSpecification","valueRequired":true,"valueName":"search_term_string"}}],"inLanguage":"en-US"},{"@type":"Organization","@id":"https:\/\/comacbr.com\/#organization","name":"Comac Brazil","url":"https:\/\/comacbr.com\/","logo":{"@type":"ImageObject","inLanguage":"en-US","@id":"https:\/\/comacbr.com\/#\/schema\/logo\/image\/","url":"https:\/\/comacbr.com\/wp-content\/uploads\/2025\/12\/Logo-ComacColorido-e1765939798340.webp","contentUrl":"https:\/\/comacbr.com\/wp-content\/uploads\/2025\/12\/Logo-ComacColorido-e1765939798340.webp","width":1737,"height":667,"caption":"Comac Brasil"},"image":{"@id":"https:\/\/comacbr.com\/#\/schema\/logo\/image\/"},"sameAs":["https:\/\/www.facebook.com\/comacbrasil","https:\/\/www.instagram.com\/comacbrasil\/"]}]}},"_links":{"self":[{"href":"https:\/\/comacbr.com\/en\/wp-json\/wp\/v2\/pages\/4706","targetHints":{"allow":["GET"]}}],"collection":[{"href":"https:\/\/comacbr.com\/en\/wp-json\/wp\/v2\/pages"}],"about":[{"href":"https:\/\/comacbr.com\/en\/wp-json\/wp\/v2\/types\/page"}],"author":[{"embeddable":true,"href":"https:\/\/comacbr.com\/en\/wp-json\/wp\/v2\/users\/1"}],"replies":[{"embeddable":true,"href":"https:\/\/comacbr.com\/en\/wp-json\/wp\/v2\/comments?post=4706"}],"version-history":[{"count":0,"href":"https:\/\/comacbr.com\/en\/wp-json\/wp\/v2\/pages\/4706\/revisions"}],"wp:attachment":[{"href":"https:\/\/comacbr.com\/en\/wp-json\/wp\/v2\/media?parent=4706"}],"curies":[{"name":"wp","href":"https:\/\/api.w.org\/{rel}","templated":true}]}}