{"id":4633,"date":"2022-06-24T12:02:12","date_gmt":"2022-06-24T15:02:12","guid":{"rendered":"https:\/\/comacbr.com?page_id=4633"},"modified":"2022-06-24T12:19:21","modified_gmt":"2022-06-24T15:19:21","slug":"politica-de-privacidad","status":"publish","type":"page","link":"https:\/\/comacbr.com\/en\/politica-de-privacidad\/","title":{"rendered":"Privacy policy"},"content":{"rendered":"<div data-elementor-type=\"wp-page\" data-elementor-id=\"4633\" class=\"elementor elementor-4633\" data-elementor-post-type=\"page\">\n\t\t\t\t\t\t<section class=\"elementor-section elementor-top-section elementor-element elementor-element-44daabf7 elementor-section-boxed elementor-section-height-default elementor-section-height-default\" data-id=\"44daabf7\" data-element_type=\"section\" data-e-type=\"section\">\n\t\t\t\t\t\t<div class=\"elementor-container elementor-column-gap-default\">\n\t\t\t\t\t<div class=\"elementor-column elementor-col-100 elementor-top-column elementor-element elementor-element-75dcb986\" data-id=\"75dcb986\" data-element_type=\"column\" data-e-type=\"column\">\n\t\t\t<div class=\"elementor-widget-wrap elementor-element-populated\">\n\t\t\t\t\t\t<div class=\"elementor-element elementor-element-31a9fc7a elementor-widget elementor-widget-text-editor\" data-id=\"31a9fc7a\" data-element_type=\"widget\" data-e-type=\"widget\" data-widget_type=\"text-editor.default\">\n\t\t\t\t\t\t\t\t\t\n<h2 class=\"wp-block-heading\">Our privacy policy<\/h2>\n\n<p>Your privacy is important to us. It is part of Comac BR&#039;s guidelines to respect your privacy with respect to any information that we can collect on the website <b>comacbr.com<\/b> and other websites that we pose and operate. We only request personal information when we really need it to provide a service. We will do so by fair and legal means, with your knowledge and consent. We also decide why we collect it and how it will be used.<br \/><\/p>\n<p>We only keep the collected information for as long as necessary to provide the requested service. When we store data, we protect it within commercially acceptable means to avoid losses and robberies, as well as unauthorized access, disclosure, copying, use or modification. We do not share personal identification information publicly or with third parties, except as required by law. Our website can have links to external websites that are not operated by us. Please note that we do not have control over the content and practices of these sites and cannot accept responsibility for their respective privacy policies.<\/p>\n<p>We are free to reject our request for personal information, with the understanding that it is possible that we cannot provide some of the services you need. Your continued use of our website will be considered acceptance of our practices regarding privacy and personal information. If you have any questions about how we manage user data and personal information, communicate with others.<\/p>\n\n\n<h2>COMAC BR Cookie Policy<\/h2>\n<div><br \/><\/div>\n<h4>\u00bfQU\u00c9 SON LAS COOKIES?<\/h4>\n<p>As is common practice on all professional websites, this site uses cookies, which are small files that are downloaded to your computer, to improve your experience. This page describes what information is collected, how we use it and why we sometimes need to store these cookies. We will also share how you can prevent these cookies from being stored, however, they can degrade or \u201cbreak\u201d certain elements of the website&#039;s functionality.<\/p>\n<h4><span style=\"font-size: 1.5rem;\">HOW DO WE USE COOKIES?<\/span><br \/><\/h4>\n<p>We use cookies for a variety of reasons, which are detailed below. Unfortunately, in most cases, there are no industry-standard options to disable cookies without completely disabling the functionality and features that add to this site. It is recommended that you discard all cookies if you are not sure if you need them or if they are used to provide the service you use.<\/p>\n<h4>DISABLE COOKIES<\/h4>\n<p>You can prevent cookies from being set by adjusting the configuration of your browser (see the \u201cHelp\u201d section of your browser to find out how to do this). Please note that disabling cookies will affect the functionality of this and many other websites you visit. Disabling cookies will generally result in the disabling of certain functions and features of this website. Therefore, it is recommended that you do not disable cookies.<\/p>\n<h4>COOKIES WE SET<\/h4>\n<ul>\n<li>Cookies related to the account: if you create an account with us, we will use cookies to manage the registration process and general administration. These cookies will generally be deleted when you log in to the system, however, in some cases, they may remain after you remember your website preferences when you log in.<\/li>\n<li>Cookies related to the login: we use cookies when you log in so that we can remember this action. This avoids having to log in every time you visit a new page. These cookies are generally deleted when you log in to ensure that you can only access restricted functions and areas when you log in.<\/li>\n<li>Cookies related to electronic mail newsletters: this website offers subscription services to newsletters or electronic mail and cookies can be used to remember if you are registered and to show certain notifications that are only valid for subscribed or unsubscribed users.<\/li>\n<li>Cookies related to order processing: this website offers electronic commerce or payment facilities and some cookies are essential to ensure that your order is remembered between pages so that we can process it correctly.<\/li>\n<li>Cookies related to surveys: From time to time, we offer surveys and questionnaires to provide interesting information, useful tools or to understand our user base with greater accuracy. These surveys may use cookies to remember who participated in a survey or to provide accurate results after changing pages.<\/li>\n<li>Cookies related to forms: when you send data through a form such as those found on contact pages or comment forms, cookies can be set to remember user details for future correspondence.<\/li>\n<li>Website preference cookies: to give you a great experience on this website, we provide functionality to establish your preferences about how this website runs when you use it. To remember your preferences, we need to configure cookies so that this information can be called each time you interact with a page that is affected by your preferences.<br \/><\/li>\n<\/ul>\n<h4>THIRD-PARTY COOKIES<\/h4>\n<p>In some special cases, we also use cookies provided by trusted third parties. The following section details which third-party cookies you can find on this website.<\/p>\n<ul>\n<li>This website uses Google Analytics, which is one of the most extended and reliable analysis solutions on the web, to help us understand how you use the website and how we can improve your experience. These cookies can track things like how long you spend on the site and the pages you visit so we can continue producing attractive content.<br \/><\/li>\n<\/ul>\n<ul>To obtain more information about Google Analytics cookies, see the official Google Analytics page.\n<li>Third-party analytics are used to track and measure the use of this website so that we can continue producing attractive content. These cookies can track things like the time spent on the site or the pages you visit, which helps us understand how we can improve the site for users.<\/li>\n<li>From time to time, we try new functions and make subtle changes in the appearance of the site. While we are still testing new functionality, these cookies can be used to ensure that you receive a consistent experience while you are on the site, while we understand that optimizations are appreciated by more of our users.<\/li>\n<li>As we sell products, it is important that we understand statistics about how many visitors to our website actually buy, which is why this is the type of data that will track these cookies. This is important for us, as it means we can make accurate commercial predictions that allow us to analyze our advertising and product costs to ensure you get the best price possible.<br \/><\/li>\n<\/ul>\n<h4>MORE INFORMATION<\/h4>\n<p>We hope that this is clear and, as mentioned previously, if there is something that is not certain if you need it or not, it is generally safer to leave cookies enabled if you interact with one of the functions you use on our website.<\/p>\n<p>This policy is effective from <b>December 2020<\/b>.<\/p>\n\t\t\t\t\t\t\t\t<\/div>\n\t\t\t\t\t<\/div>\n\t\t<\/div>\n\t\t\t\t\t<\/div>\n\t\t<\/section>\n\t\t\t\t<\/div>","protected":false},"excerpt":{"rendered":"<p>Nuestra pol\u00edtica de privacidad Su privacidad es importante para nosotros. Es parte de las pautas de Comac BR respetar su privacidad con respecto a cualquier informaci\u00f3n que podamos recopilar en el sitio web comacbr.com y otros sitios web que poseemos y operamos. Solo solicitamos informaci\u00f3n personal cuando realmente la necesitamos para brindarle un servicio. Hacemos<\/p>","protected":false},"author":1,"featured_media":0,"parent":0,"menu_order":0,"comment_status":"closed","ping_status":"closed","template":"","meta":{"_acf_changed":false,"inline_featured_image":false,"_joinchat":[],"footnotes":""},"class_list":["post-4633","page","type-page","status-publish","hentry"],"acf":[],"yoast_head":"<!-- This site is optimized with the Yoast SEO plugin v27.1.1 - https:\/\/yoast.com\/product\/yoast-seo-wordpress\/ -->\n<title>Politica de privacidad - Comac - Brasil<\/title>\n<meta name=\"robots\" content=\"index, follow, max-snippet:-1, max-image-preview:large, max-video-preview:-1\" \/>\n<link rel=\"canonical\" href=\"https:\/\/comacbr.com\/en\/politica-de-privacidad\/\" \/>\n<meta property=\"og:locale\" content=\"en_US\" \/>\n<meta property=\"og:type\" content=\"article\" \/>\n<meta property=\"og:title\" content=\"Politica de privacidad - Comac - Brasil\" \/>\n<meta property=\"og:description\" content=\"Nuestra pol\u00edtica de privacidad Su privacidad es importante para nosotros. Es parte de las pautas de Comac BR respetar su privacidad con respecto a cualquier informaci\u00f3n que podamos recopilar en el sitio web comacbr.com y otros sitios web que poseemos y operamos. Solo solicitamos informaci\u00f3n personal cuando realmente la necesitamos para brindarle un servicio. Hacemos\" \/>\n<meta property=\"og:url\" content=\"https:\/\/comacbr.com\/en\/politica-de-privacidad\/\" \/>\n<meta property=\"og:site_name\" content=\"Comac - Brasil\" \/>\n<meta property=\"article:publisher\" content=\"https:\/\/www.facebook.com\/comacbrasil\" \/>\n<meta property=\"article:modified_time\" content=\"2022-06-24T15:19:21+00:00\" \/>\n<meta name=\"twitter:card\" content=\"summary_large_image\" \/>\n<meta name=\"twitter:label1\" content=\"Est. reading time\" \/>\n\t<meta name=\"twitter:data1\" content=\"7 minutes\" \/>\n<script type=\"application\/ld+json\" class=\"yoast-schema-graph\">{\"@context\":\"https:\/\/schema.org\",\"@graph\":[{\"@type\":\"WebPage\",\"@id\":\"https:\/\/comacbr.com\/es\/politica-de-privacidad\/\",\"url\":\"https:\/\/comacbr.com\/es\/politica-de-privacidad\/\",\"name\":\"Politica de privacidad - Comac - Brasil\",\"isPartOf\":{\"@id\":\"https:\/\/comacbr.com\/#website\"},\"datePublished\":\"2022-06-24T15:02:12+00:00\",\"dateModified\":\"2022-06-24T15:19:21+00:00\",\"breadcrumb\":{\"@id\":\"https:\/\/comacbr.com\/es\/politica-de-privacidad\/#breadcrumb\"},\"inLanguage\":\"en-US\",\"potentialAction\":[{\"@type\":\"ReadAction\",\"target\":[\"https:\/\/comacbr.com\/es\/politica-de-privacidad\/\"]}]},{\"@type\":\"BreadcrumbList\",\"@id\":\"https:\/\/comacbr.com\/es\/politica-de-privacidad\/#breadcrumb\",\"itemListElement\":[{\"@type\":\"ListItem\",\"position\":1,\"name\":\"In\u00edcio\",\"item\":\"https:\/\/comacbr.com\/\"},{\"@type\":\"ListItem\",\"position\":2,\"name\":\"Politica de privacidad\"}]},{\"@type\":\"WebSite\",\"@id\":\"https:\/\/comacbr.com\/#website\",\"url\":\"https:\/\/comacbr.com\/\",\"name\":\"Comac - Brasil\",\"description\":\"Manufatura, Automa\u00e7\u00e3o e Rob\u00f3tica\",\"publisher\":{\"@id\":\"https:\/\/comacbr.com\/#organization\"},\"potentialAction\":[{\"@type\":\"SearchAction\",\"target\":{\"@type\":\"EntryPoint\",\"urlTemplate\":\"https:\/\/comacbr.com\/?s={search_term_string}\"},\"query-input\":{\"@type\":\"PropertyValueSpecification\",\"valueRequired\":true,\"valueName\":\"search_term_string\"}}],\"inLanguage\":\"en-US\"},{\"@type\":\"Organization\",\"@id\":\"https:\/\/comacbr.com\/#organization\",\"name\":\"Comac Brasil\",\"url\":\"https:\/\/comacbr.com\/\",\"logo\":{\"@type\":\"ImageObject\",\"inLanguage\":\"en-US\",\"@id\":\"https:\/\/comacbr.com\/#\/schema\/logo\/image\/\",\"url\":\"https:\/\/comacbr.com\/wp-content\/uploads\/2025\/12\/Logo-ComacColorido-e1765939798340.webp\",\"contentUrl\":\"https:\/\/comacbr.com\/wp-content\/uploads\/2025\/12\/Logo-ComacColorido-e1765939798340.webp\",\"width\":1737,\"height\":667,\"caption\":\"Comac Brasil\"},\"image\":{\"@id\":\"https:\/\/comacbr.com\/#\/schema\/logo\/image\/\"},\"sameAs\":[\"https:\/\/www.facebook.com\/comacbrasil\",\"https:\/\/www.instagram.com\/comacbrasil\/\"]}]}<\/script>\n<!-- \/ Yoast SEO plugin. -->","yoast_head_json":{"title":"Politica de privacidad - Comac - Brasil","robots":{"index":"index","follow":"follow","max-snippet":"max-snippet:-1","max-image-preview":"max-image-preview:large","max-video-preview":"max-video-preview:-1"},"canonical":"https:\/\/comacbr.com\/en\/politica-de-privacidad\/","og_locale":"en_US","og_type":"article","og_title":"Politica de privacidad - Comac - Brasil","og_description":"Nuestra pol\u00edtica de privacidad Su privacidad es importante para nosotros. Es parte de las pautas de Comac BR respetar su privacidad con respecto a cualquier informaci\u00f3n que podamos recopilar en el sitio web comacbr.com y otros sitios web que poseemos y operamos. Solo solicitamos informaci\u00f3n personal cuando realmente la necesitamos para brindarle un servicio. Hacemos","og_url":"https:\/\/comacbr.com\/en\/politica-de-privacidad\/","og_site_name":"Comac - Brasil","article_publisher":"https:\/\/www.facebook.com\/comacbrasil","article_modified_time":"2022-06-24T15:19:21+00:00","twitter_card":"summary_large_image","twitter_misc":{"Est. reading time":"7 minutes"},"schema":{"@context":"https:\/\/schema.org","@graph":[{"@type":"WebPage","@id":"https:\/\/comacbr.com\/es\/politica-de-privacidad\/","url":"https:\/\/comacbr.com\/es\/politica-de-privacidad\/","name":"Politica de privacidad - Comac - Brasil","isPartOf":{"@id":"https:\/\/comacbr.com\/#website"},"datePublished":"2022-06-24T15:02:12+00:00","dateModified":"2022-06-24T15:19:21+00:00","breadcrumb":{"@id":"https:\/\/comacbr.com\/es\/politica-de-privacidad\/#breadcrumb"},"inLanguage":"en-US","potentialAction":[{"@type":"ReadAction","target":["https:\/\/comacbr.com\/es\/politica-de-privacidad\/"]}]},{"@type":"BreadcrumbList","@id":"https:\/\/comacbr.com\/es\/politica-de-privacidad\/#breadcrumb","itemListElement":[{"@type":"ListItem","position":1,"name":"In\u00edcio","item":"https:\/\/comacbr.com\/"},{"@type":"ListItem","position":2,"name":"Politica de privacidad"}]},{"@type":"WebSite","@id":"https:\/\/comacbr.com\/#website","url":"https:\/\/comacbr.com\/","name":"Comac - Brazil","description":"Manufacturing, Automation and Robotics","publisher":{"@id":"https:\/\/comacbr.com\/#organization"},"potentialAction":[{"@type":"SearchAction","target":{"@type":"EntryPoint","urlTemplate":"https:\/\/comacbr.com\/?s={search_term_string}"},"query-input":{"@type":"PropertyValueSpecification","valueRequired":true,"valueName":"search_term_string"}}],"inLanguage":"en-US"},{"@type":"Organization","@id":"https:\/\/comacbr.com\/#organization","name":"Comac Brazil","url":"https:\/\/comacbr.com\/","logo":{"@type":"ImageObject","inLanguage":"en-US","@id":"https:\/\/comacbr.com\/#\/schema\/logo\/image\/","url":"https:\/\/comacbr.com\/wp-content\/uploads\/2025\/12\/Logo-ComacColorido-e1765939798340.webp","contentUrl":"https:\/\/comacbr.com\/wp-content\/uploads\/2025\/12\/Logo-ComacColorido-e1765939798340.webp","width":1737,"height":667,"caption":"Comac Brasil"},"image":{"@id":"https:\/\/comacbr.com\/#\/schema\/logo\/image\/"},"sameAs":["https:\/\/www.facebook.com\/comacbrasil","https:\/\/www.instagram.com\/comacbrasil\/"]}]}},"_links":{"self":[{"href":"https:\/\/comacbr.com\/en\/wp-json\/wp\/v2\/pages\/4633","targetHints":{"allow":["GET"]}}],"collection":[{"href":"https:\/\/comacbr.com\/en\/wp-json\/wp\/v2\/pages"}],"about":[{"href":"https:\/\/comacbr.com\/en\/wp-json\/wp\/v2\/types\/page"}],"author":[{"embeddable":true,"href":"https:\/\/comacbr.com\/en\/wp-json\/wp\/v2\/users\/1"}],"replies":[{"embeddable":true,"href":"https:\/\/comacbr.com\/en\/wp-json\/wp\/v2\/comments?post=4633"}],"version-history":[{"count":0,"href":"https:\/\/comacbr.com\/en\/wp-json\/wp\/v2\/pages\/4633\/revisions"}],"wp:attachment":[{"href":"https:\/\/comacbr.com\/en\/wp-json\/wp\/v2\/media?parent=4633"}],"curies":[{"name":"wp","href":"https:\/\/api.w.org\/{rel}","templated":true}]}}