{"id":375,"date":"2019-10-16T06:04:28","date_gmt":"2019-10-16T06:04:28","guid":{"rendered":"https:\/\/themes.envytheme.com\/albion\/?page_id=375"},"modified":"2022-06-30T18:49:34","modified_gmt":"2022-06-30T21:49:34","slug":"termos-e-condicoes","status":"publish","type":"page","link":"https:\/\/comacbr.com\/en\/termos-e-condicoes\/","title":{"rendered":"Terms and Conditions"},"content":{"rendered":"<h2 class=\"wp-block-heading\">1. Terms<\/h2>\r\n\r\n\r\n\r\n<p>When accessing the website\u00a0<a href=\"https:\/\/comacbr.com\/en\/\">Comac Brazil<\/a>, agree to comply with these terms of service, all applicable laws and regulations, and agree that you are responsible for compliance with all applicable local laws. If you do not agree with any of these terms, you are prohibited from using or accessing this site. The materials contained in this site are protected by applicable copyright and trademark law.<\/p>\r\n\r\n\r\n\r\n<h2 class=\"wp-block-heading\">2. Use License<\/h2>\r\n\r\n\r\n\r\n<p>Permission is granted to temporarily download one copy of the materials (information or software) on the Comac Brasil website for personal, non-commercial transitory viewing only. This is the grant of a license, not a transfer of title, and under this license, you may not:\u00a0<\/p>\r\n\r\n\r\n\r\n<ol class=\"wp-block-list\">\r\n<li>modify or copy the materials;\u00a0<\/li>\r\n<li>use the materials for any commercial purpose, or for any public display (commercial or non-commercial);\u00a0<\/li>\r\n<li>attempt to decompile or reverse engineer any software contained on the Comac Brasil website;\u00a0<\/li>\r\n<li>remove any copyright or other proprietary notations from the materials; or\u00a0<\/li>\r\n<li>transfer the materials to another person or &#039;mirror&#039; the materials on any other server.<\/li>\r\n<\/ol>\r\n\r\n\r\n\r\n<p>This license will automatically terminate if you violate any of these restrictions and may be terminated by Comac Brasil at any time. Upon terminating your viewing of these materials or upon termination of this license, you must delete all downloaded materials in your possession, whether in electronic or printed format.<\/p>\r\n\r\n\r\n\r\n<h2 class=\"wp-block-heading\">3. Disclaimer<\/h2>\r\n\r\n\r\n\r\n<ol class=\"wp-block-list\">\r\n<li>The materials on the Comac Brasil website are provided &#039;as is&#039;. Comac Brasil makes no warranties, expressed or implied, and hereby disclaims and negates all other warranties, including, without limitation, implied warranties or conditions of merchantability, fitness for a particular purpose, or non-infringement of intellectual property or other violation of rights.<\/li>\r\n<li>Furthermore, Comac Brasil does not guarantee or make any representations regarding the accuracy, likely results, or reliability of the use of the materials on its website or otherwise related to such materials or on websites linked to this website.<\/li>\r\n<\/ol>\r\n\r\n\r\n\r\n<h2 class=\"wp-block-heading\">4. Limitations<\/h2>\r\n\r\n\r\n\r\n<p>In no event shall Comac Brasil or its suppliers be liable for any damages (including, without limitation, damages for loss of data or profit, or due to business interruption) arising out of the use or inability to use the materials on Comac Brasil, even if Comac Brasil or a Comac Brasil authorized representative has been notified orally or in writing of the possibility of such damage. Because some jurisdictions do not allow limitations on implied warranties, or limitations of liability for consequential or incidental damages, these limitations may not apply to you.<\/p>\r\n\r\n\r\n\r\n<h2 class=\"wp-block-heading\">5. Accuracy of materials<\/h2>\r\n\r\n\r\n\r\n<p>The materials displayed on the Comac Brasil website may include technical, typographical, or photographic errors. Comac Brasil does not guarantee that any of the materials on its website are accurate, complete, or current. Comac Brasil may make changes to the materials contained on its website at any time without prior notice. However, Comac Brasil does not undertake to update the materials.<\/p>\r\n\r\n\r\n\r\n<h2 class=\"wp-block-heading\">6. Links<\/h2>\r\n\r\n\r\n\r\n<p>Comac Brasil has not reviewed all of the sites linked to its website and is not responsible for the content of any linked site. The inclusion of any link does not imply endorsement by Comac Brasil of the site. Use of any linked site is at the user&#039;s own risk.<\/p>\r\n\r\n\r\n\r\n<h3 class=\"wp-block-heading\">Modifications<\/h3>\r\n\r\n\r\n\r\n<p>Comac Brasil may revise these website terms of service at any time without prior notice. By using this website, you agree to be bound by the current version of these terms of service.<\/p>\r\n\r\n\r\n\r\n<h3 class=\"wp-block-heading\">Applicable law<\/h3>\r\n\r\n\r\n\r\n<p>These terms and conditions are governed by and construed in accordance with the laws of Comac Brasil and you irrevocably submit to the exclusive jurisdiction of the courts in that State or location.<\/p>","protected":false},"excerpt":{"rendered":"<p>1. Termos Ao acessar ao site\u00a0Comac Brasil, concorda em cumprir estes termos de servi\u00e7o, todas as leis e regulamentos aplic\u00e1veis \u200b\u200be concorda que \u00e9 respons\u00e1vel pelo cumprimento de todas as leis locais aplic\u00e1veis. Se voc\u00ea n\u00e3o concordar com algum desses termos, est\u00e1 proibido de usar ou acessar este site. Os materiais contidos neste site s\u00e3o<\/p>","protected":false},"author":1,"featured_media":0,"parent":0,"menu_order":0,"comment_status":"closed","ping_status":"closed","template":"","meta":{"_acf_changed":false,"inline_featured_image":false,"_joinchat":[],"footnotes":""},"class_list":["post-375","page","type-page","status-publish","hentry"],"acf":[],"yoast_head":"<!-- This site is optimized with the Yoast SEO plugin v27.1.1 - https:\/\/yoast.com\/product\/yoast-seo-wordpress\/ -->\n<title>Temos e Condi\u00e7\u00f5es - Comac - Brasil<\/title>\n<meta name=\"robots\" content=\"index, follow, max-snippet:-1, max-image-preview:large, max-video-preview:-1\" \/>\n<link rel=\"canonical\" href=\"https:\/\/comacbr.com\/en\/termos-e-condicoes\/\" \/>\n<meta property=\"og:locale\" content=\"en_US\" \/>\n<meta property=\"og:type\" content=\"article\" \/>\n<meta property=\"og:title\" content=\"Temos e Condi\u00e7\u00f5es - Comac - Brasil\" \/>\n<meta property=\"og:description\" content=\"1. Termos Ao acessar ao site\u00a0Comac Brasil, concorda em cumprir estes termos de servi\u00e7o, todas as leis e regulamentos aplic\u00e1veis \u200b\u200be concorda que \u00e9 respons\u00e1vel pelo cumprimento de todas as leis locais aplic\u00e1veis. Se voc\u00ea n\u00e3o concordar com algum desses termos, est\u00e1 proibido de usar ou acessar este site. Os materiais contidos neste site s\u00e3o\" \/>\n<meta property=\"og:url\" content=\"https:\/\/comacbr.com\/en\/termos-e-condicoes\/\" \/>\n<meta property=\"og:site_name\" content=\"Comac - Brasil\" \/>\n<meta property=\"article:publisher\" content=\"https:\/\/www.facebook.com\/comacbrasil\" \/>\n<meta property=\"article:modified_time\" content=\"2022-06-30T21:49:34+00:00\" \/>\n<meta name=\"twitter:card\" content=\"summary_large_image\" \/>\n<meta name=\"twitter:label1\" content=\"Est. reading time\" \/>\n\t<meta name=\"twitter:data1\" content=\"3 minutes\" \/>\n<script type=\"application\/ld+json\" class=\"yoast-schema-graph\">{\"@context\":\"https:\/\/schema.org\",\"@graph\":[{\"@type\":\"WebPage\",\"@id\":\"https:\/\/comacbr.com\/termos-e-condicoes\/\",\"url\":\"https:\/\/comacbr.com\/termos-e-condicoes\/\",\"name\":\"Temos e Condi\u00e7\u00f5es - Comac - Brasil\",\"isPartOf\":{\"@id\":\"https:\/\/comacbr.com\/#website\"},\"datePublished\":\"2019-10-16T06:04:28+00:00\",\"dateModified\":\"2022-06-30T21:49:34+00:00\",\"breadcrumb\":{\"@id\":\"https:\/\/comacbr.com\/termos-e-condicoes\/#breadcrumb\"},\"inLanguage\":\"en-US\",\"potentialAction\":[{\"@type\":\"ReadAction\",\"target\":[\"https:\/\/comacbr.com\/termos-e-condicoes\/\"]}]},{\"@type\":\"BreadcrumbList\",\"@id\":\"https:\/\/comacbr.com\/termos-e-condicoes\/#breadcrumb\",\"itemListElement\":[{\"@type\":\"ListItem\",\"position\":1,\"name\":\"In\u00edcio\",\"item\":\"https:\/\/comacbr.com\/\"},{\"@type\":\"ListItem\",\"position\":2,\"name\":\"Temos e Condi\u00e7\u00f5es\"}]},{\"@type\":\"WebSite\",\"@id\":\"https:\/\/comacbr.com\/#website\",\"url\":\"https:\/\/comacbr.com\/\",\"name\":\"Comac - Brasil\",\"description\":\"Manufatura, Automa\u00e7\u00e3o e Rob\u00f3tica\",\"publisher\":{\"@id\":\"https:\/\/comacbr.com\/#organization\"},\"potentialAction\":[{\"@type\":\"SearchAction\",\"target\":{\"@type\":\"EntryPoint\",\"urlTemplate\":\"https:\/\/comacbr.com\/?s={search_term_string}\"},\"query-input\":{\"@type\":\"PropertyValueSpecification\",\"valueRequired\":true,\"valueName\":\"search_term_string\"}}],\"inLanguage\":\"en-US\"},{\"@type\":\"Organization\",\"@id\":\"https:\/\/comacbr.com\/#organization\",\"name\":\"Comac Brasil\",\"url\":\"https:\/\/comacbr.com\/\",\"logo\":{\"@type\":\"ImageObject\",\"inLanguage\":\"en-US\",\"@id\":\"https:\/\/comacbr.com\/#\/schema\/logo\/image\/\",\"url\":\"https:\/\/comacbr.com\/wp-content\/uploads\/2025\/12\/Logo-ComacColorido-e1765939798340.webp\",\"contentUrl\":\"https:\/\/comacbr.com\/wp-content\/uploads\/2025\/12\/Logo-ComacColorido-e1765939798340.webp\",\"width\":1737,\"height\":667,\"caption\":\"Comac Brasil\"},\"image\":{\"@id\":\"https:\/\/comacbr.com\/#\/schema\/logo\/image\/\"},\"sameAs\":[\"https:\/\/www.facebook.com\/comacbrasil\",\"https:\/\/www.instagram.com\/comacbrasil\/\"]}]}<\/script>\n<!-- \/ Yoast SEO plugin. -->","yoast_head_json":{"title":"Temos e Condi\u00e7\u00f5es - Comac - Brasil","robots":{"index":"index","follow":"follow","max-snippet":"max-snippet:-1","max-image-preview":"max-image-preview:large","max-video-preview":"max-video-preview:-1"},"canonical":"https:\/\/comacbr.com\/en\/termos-e-condicoes\/","og_locale":"en_US","og_type":"article","og_title":"Temos e Condi\u00e7\u00f5es - Comac - Brasil","og_description":"1. Termos Ao acessar ao site\u00a0Comac Brasil, concorda em cumprir estes termos de servi\u00e7o, todas as leis e regulamentos aplic\u00e1veis \u200b\u200be concorda que \u00e9 respons\u00e1vel pelo cumprimento de todas as leis locais aplic\u00e1veis. Se voc\u00ea n\u00e3o concordar com algum desses termos, est\u00e1 proibido de usar ou acessar este site. Os materiais contidos neste site s\u00e3o","og_url":"https:\/\/comacbr.com\/en\/termos-e-condicoes\/","og_site_name":"Comac - Brasil","article_publisher":"https:\/\/www.facebook.com\/comacbrasil","article_modified_time":"2022-06-30T21:49:34+00:00","twitter_card":"summary_large_image","twitter_misc":{"Est. reading time":"3 minutes"},"schema":{"@context":"https:\/\/schema.org","@graph":[{"@type":"WebPage","@id":"https:\/\/comacbr.com\/termos-e-condicoes\/","url":"https:\/\/comacbr.com\/termos-e-condicoes\/","name":"Temos e Condi\u00e7\u00f5es - Comac - Brasil","isPartOf":{"@id":"https:\/\/comacbr.com\/#website"},"datePublished":"2019-10-16T06:04:28+00:00","dateModified":"2022-06-30T21:49:34+00:00","breadcrumb":{"@id":"https:\/\/comacbr.com\/termos-e-condicoes\/#breadcrumb"},"inLanguage":"en-US","potentialAction":[{"@type":"ReadAction","target":["https:\/\/comacbr.com\/termos-e-condicoes\/"]}]},{"@type":"BreadcrumbList","@id":"https:\/\/comacbr.com\/termos-e-condicoes\/#breadcrumb","itemListElement":[{"@type":"ListItem","position":1,"name":"In\u00edcio","item":"https:\/\/comacbr.com\/"},{"@type":"ListItem","position":2,"name":"Temos e Condi\u00e7\u00f5es"}]},{"@type":"WebSite","@id":"https:\/\/comacbr.com\/#website","url":"https:\/\/comacbr.com\/","name":"Comac - Brazil","description":"Manufacturing, Automation and Robotics","publisher":{"@id":"https:\/\/comacbr.com\/#organization"},"potentialAction":[{"@type":"SearchAction","target":{"@type":"EntryPoint","urlTemplate":"https:\/\/comacbr.com\/?s={search_term_string}"},"query-input":{"@type":"PropertyValueSpecification","valueRequired":true,"valueName":"search_term_string"}}],"inLanguage":"en-US"},{"@type":"Organization","@id":"https:\/\/comacbr.com\/#organization","name":"Comac Brazil","url":"https:\/\/comacbr.com\/","logo":{"@type":"ImageObject","inLanguage":"en-US","@id":"https:\/\/comacbr.com\/#\/schema\/logo\/image\/","url":"https:\/\/comacbr.com\/wp-content\/uploads\/2025\/12\/Logo-ComacColorido-e1765939798340.webp","contentUrl":"https:\/\/comacbr.com\/wp-content\/uploads\/2025\/12\/Logo-ComacColorido-e1765939798340.webp","width":1737,"height":667,"caption":"Comac Brasil"},"image":{"@id":"https:\/\/comacbr.com\/#\/schema\/logo\/image\/"},"sameAs":["https:\/\/www.facebook.com\/comacbrasil","https:\/\/www.instagram.com\/comacbrasil\/"]}]}},"_links":{"self":[{"href":"https:\/\/comacbr.com\/en\/wp-json\/wp\/v2\/pages\/375","targetHints":{"allow":["GET"]}}],"collection":[{"href":"https:\/\/comacbr.com\/en\/wp-json\/wp\/v2\/pages"}],"about":[{"href":"https:\/\/comacbr.com\/en\/wp-json\/wp\/v2\/types\/page"}],"author":[{"embeddable":true,"href":"https:\/\/comacbr.com\/en\/wp-json\/wp\/v2\/users\/1"}],"replies":[{"embeddable":true,"href":"https:\/\/comacbr.com\/en\/wp-json\/wp\/v2\/comments?post=375"}],"version-history":[{"count":0,"href":"https:\/\/comacbr.com\/en\/wp-json\/wp\/v2\/pages\/375\/revisions"}],"wp:attachment":[{"href":"https:\/\/comacbr.com\/en\/wp-json\/wp\/v2\/media?parent=375"}],"curies":[{"name":"wp","href":"https:\/\/api.w.org\/{rel}","templated":true}]}}