{"id":273,"date":"2019-10-11T11:13:31","date_gmt":"2019-10-11T11:13:31","guid":{"rendered":"https:\/\/themes.envytheme.com\/albion\/?page_id=273"},"modified":"2022-07-01T11:10:44","modified_gmt":"2022-07-01T14:10:44","slug":"faq","status":"publish","type":"page","link":"https:\/\/comacbr.com\/en\/faq\/","title":{"rendered":"FAQ"},"content":{"rendered":"<div data-elementor-type=\"wp-page\" data-elementor-id=\"273\" class=\"elementor elementor-273\" data-elementor-post-type=\"page\">\n\t\t\t\t\t\t<section class=\"elementor-section elementor-top-section elementor-element elementor-element-0ba94f9 elementor-section-stretched elementor-section-full_width elementor-section-height-default elementor-section-height-default\" data-id=\"0ba94f9\" data-element_type=\"section\" data-e-type=\"section\" data-settings=\"{&quot;stretch_section&quot;:&quot;section-stretched&quot;}\">\n\t\t\t\t\t\t<div class=\"elementor-container elementor-column-gap-no\">\n\t\t\t\t\t<div class=\"elementor-column elementor-col-100 elementor-top-column elementor-element elementor-element-471a73c\" data-id=\"471a73c\" data-element_type=\"column\" data-e-type=\"column\">\n\t\t\t<div class=\"elementor-widget-wrap elementor-element-populated\">\n\t\t\t\t\t\t<div class=\"elementor-element elementor-element-9a3dcfa elementor-widget elementor-widget-faq-widget\" data-id=\"9a3dcfa\" data-element_type=\"widget\" data-e-type=\"widget\" data-widget_type=\"faq-widget.default\">\n\t\t\t\t<div class=\"elementor-widget-container\">\n\t\t\t\t\t\r\n        <div class=\"faq-area ptb-110\">\r\n            <div class=\"container\">\r\n                <div class=\"row\">\r\n                    <div class=\"col-lg-6 col-md-12\">\r\n                        <div class=\"faq-accordion text-left\">\r\n                            <ul class=\"accordion\">\r\n                                                                            <li class=\"accordion-item\">\r\n                                                <a class=\"accordion-title active\" href=\"javascript:void(0)\">Which material types can you work with? <i class=\"fa fa-plus\"><\/i><\/a>\r\n                                                \r\n                                                <p class=\"accordion-content show\">Lorem ipsum dolor sit amet, consectetur adipiscing elit, sed do eiusmod tempor incididunt ut labore et dolore magna aliqua. I wanted ipsum to suspend pregnant ultrices.<\/p>                                            <\/li>                                            <li class=\"accordion-item\">\r\n                                                <a class=\"accordion-title\" href=\"javascript:void(0)\">Is smart lock required for instant apps? <i class=\"fa fa-plus\"><\/i><\/a>\r\n                                                \r\n                                                <p class=\"accordion-content\">Lorem ipsum dolor sit amet, consectetur adipiscing elit, sed do eiusmod tempor incididunt ut labore et dolore magna aliqua. I wanted ipsum to suspend pregnant ultrices.<\/p>                                            <\/li>                                            <li class=\"accordion-item\">\r\n                                                <a class=\"accordion-title\" href=\"javascript:void(0)\">Can I have multiple activities in a single feature? <i class=\"fa fa-plus\"><\/i><\/a>\r\n                                                \r\n                                                <p class=\"accordion-content\">Lorem ipsum dolor sit amet, consectetur adipiscing elit, sed do eiusmod tempor incididunt ut labore et dolore magna aliqua. I wanted ipsum to suspend pregnant ultrices.<\/p>                                            <\/li>                                            <li class=\"accordion-item\">\r\n                                                <a class=\"accordion-title\" href=\"javascript:void(0)\">What are the entry requirements? <i class=\"fa fa-plus\"><\/i><\/a>\r\n                                                \r\n                                                <p class=\"accordion-content\">Lorem ipsum dolor sit amet, consectetur adipiscing elit, sed do eiusmod tempor incididunt ut labore et dolore magna aliqua. I wanted ipsum to suspend pregnant ultrices.<\/p>                                            <\/li>                                            <li class=\"accordion-item\">\r\n                                                <a class=\"accordion-title\" href=\"javascript:void(0)\">Why choose our services in your business? <i class=\"fa fa-plus\"><\/i><\/a>\r\n                                                \r\n                                                <p class=\"accordion-content\">Lorem ipsum dolor sit amet, consectetur adipiscing elit, sed do eiusmod tempor incididunt ut labore et dolore magna aliqua. I wanted ipsum to suspend pregnant ultrices.<\/p>                                            <\/li>                                            <li class=\"accordion-item\">\r\n                                                <a class=\"accordion-title\" href=\"javascript:void(0)\">How to get started with us? <i class=\"fa fa-plus\"><\/i><\/a>\r\n                                                \r\n                                                <p class=\"accordion-content\">Lorem ipsum dolor sit amet, consectetur adipiscing elit, sed do eiusmod tempor incididunt ut labore et dolore magna aliqua. I wanted ipsum to suspend pregnant ultrices.<\/p>                                            <\/li>                                            <li class=\"accordion-item\">\r\n                                                <a class=\"accordion-title\" href=\"javascript:void(0)\">Where can I find out about funding? <i class=\"fa fa-plus\"><\/i><\/a>\r\n                                                \r\n                                                <p class=\"accordion-content\">Lorem ipsum dolor sit amet, consectetur adipiscing elit, sed do eiusmod tempor incididunt ut labore et dolore magna aliqua. I wanted ipsum to suspend pregnant ultrices.<\/p>                                            <\/li>                            <\/ul>\r\n                        <\/div>\r\n                    <\/div>\r\n\r\n                    <div class=\"col-lg-6 col-md-12\">\r\n                        <div class=\"faq-content\">\r\n                            <div class=\"section-title text-left\">\r\n                                <span>ASK QUESTION<\/span>\r\n                                <h2>Frequently Asked Questions<\/h2>                                <p>Veniam quer nostrud exercitation ullamco laboris nist aute irure dolor in reprehenderit in voluptate velit esse nulla pariatur excepteur sint occaecat aboris nisi ut aliquip.<\/p>                            <\/div>\r\n                            <div class=\"faq-image\">\r\n                                <img decoding=\"async\" class=\"\" src=\"https:\/\/comacbr.com\/wp-content\/uploads\/2019\/10\/faq-1-1-1.png\" alt=\"image\"\/>\r\n                            <\/div>\r\n                        <\/div>\r\n                    <\/div>\r\n\r\n                <\/div>\r\n            <\/div>\r\n        <\/div>\r\n    \t\t\t\t<\/div>\n\t\t\t\t<\/div>\n\t\t\t\t\t<\/div>\n\t\t<\/div>\n\t\t\t\t\t<\/div>\n\t\t<\/section>\n\t\t\t\t<section class=\"elementor-section elementor-top-section elementor-element elementor-element-3dbcb87 elementor-section-stretched elementor-section-full_width elementor-section-height-default elementor-section-height-default\" data-id=\"3dbcb87\" data-element_type=\"section\" data-e-type=\"section\" data-settings=\"{&quot;stretch_section&quot;:&quot;section-stretched&quot;}\">\n\t\t\t\t\t\t<div class=\"elementor-container elementor-column-gap-no\">\n\t\t\t\t\t<div class=\"elementor-column elementor-col-100 elementor-top-column elementor-element elementor-element-cda0f0e\" data-id=\"cda0f0e\" data-element_type=\"column\" data-e-type=\"column\">\n\t\t\t<div class=\"elementor-widget-wrap elementor-element-populated\">\n\t\t\t\t\t\t<div class=\"elementor-element elementor-element-0be5adf elementor-widget elementor-widget-faq-contact-widget\" data-id=\"0be5adf\" data-element_type=\"widget\" data-e-type=\"widget\" data-widget_type=\"faq-contact-widget.default\">\n\t\t\t\t<div class=\"elementor-widget-container\">\n\t\t\t\t\t\r\n        <div class=\"faq-area pb-110\">\r\n            <div class=\"container\">\r\n                <div class=\"faq-contact\">\r\n                    <div class=\"section-title\">\r\n                        <h2>Do You Have Any Questions?<\/h2>                        <p>Lorem ipsum dolor sit amet, consectetur adipiscing elit, sed do eiusmod tempor incididunt ut labore et dolore magna aliqua.<\/p>                    <\/div>\r\n\r\n                    <div class=\"faq-contact-form\">\r\n                        <div class=\"row align-items-center\">\r\n                            <div class=\"col-lg-5 col-md-12\">\r\n                                <div class=\"faq-contact-image\">\r\n                                    <img decoding=\"async\" class=\"\" src=\"https:\/\/comacbr.com\/wp-content\/uploads\/2019\/10\/contact-1-1-1.png\" alt=\"image\"\/>\r\n                                <\/div>\r\n                            <\/div>\r\n\r\n                            <div class=\"col-lg-7 col-md-12\">\r\n                            \n<div class=\"wpcf7 no-js\" id=\"wpcf7-f287-o1\" lang=\"en-US\" dir=\"ltr\" data-wpcf7-id=\"287\">\n<div class=\"screen-reader-response\"><p role=\"status\" aria-live=\"polite\" aria-atomic=\"true\"><\/p> <ul><\/ul><\/div>\n<form action=\"\/en\/wp-json\/wp\/v2\/pages\/273#wpcf7-f287-o1\" method=\"post\" class=\"wpcf7-form init\" aria-label=\"Contact form\" novalidate=\"novalidate\" data-status=\"init\" data-trp-original-action=\"\/en\/wp-json\/wp\/v2\/pages\/273#wpcf7-f287-o1\">\n<fieldset class=\"hidden-fields-container\"><input type=\"hidden\" name=\"_wpcf7\" value=\"287\" \/><input type=\"hidden\" name=\"_wpcf7_version\" value=\"6.1.5\" \/><input type=\"hidden\" name=\"_wpcf7_locale\" value=\"en_US\" \/><input type=\"hidden\" name=\"_wpcf7_unit_tag\" value=\"wpcf7-f287-o1\" \/><input type=\"hidden\" name=\"_wpcf7_container_post\" value=\"0\" \/><input type=\"hidden\" name=\"_wpcf7_posted_data_hash\" value=\"\" \/>\n<\/fieldset>\n<div class=\"row\">\n\t<div class=\"col-lg-6 col-md-6\">\n\t\t<div class=\"form-group\">\n\t\t\t<p><label>Name<\/label><br \/>\n<span class=\"wpcf7-form-control-wrap\" data-name=\"uname\"><input size=\"40\" maxlength=\"400\" class=\"wpcf7-form-control wpcf7-text wpcf7-validates-as-required form-control\" aria-required=\"true\" aria-invalid=\"false\" placeholder=\"John da Silva\" value=\"\" type=\"text\" name=\"uname\" \/><\/span>\n\t\t\t<\/p>\n\t\t<\/div>\n\t<\/div>\n\t<div class=\"col-lg-6 col-md-6\">\n\t\t<div class=\"form-group\">\n\t\t\t<p><label>E-mail<\/label><br \/>\n<span class=\"wpcf7-form-control-wrap\" data-name=\"uemail\"><input size=\"40\" maxlength=\"400\" class=\"wpcf7-form-control wpcf7-email wpcf7-validates-as-required wpcf7-text wpcf7-validates-as-email form-control\" aria-required=\"true\" aria-invalid=\"false\" placeholder=\"joao@email.com\" value=\"\" type=\"email\" name=\"uemail\" \/><\/span>\n\t\t\t<\/p>\n\t\t<\/div>\n\t<\/div>\n\t<div class=\"col-lg-6 col-md-6\">\n\t\t<div class=\"form-group\">\n\t\t\t<p><label>Telephone<\/label><br \/>\n<span class=\"wpcf7-form-control-wrap\" data-name=\"phone\"><input size=\"40\" maxlength=\"400\" class=\"wpcf7-form-control wpcf7-text wpcf7-validates-as-required form-control\" aria-required=\"true\" aria-invalid=\"false\" placeholder=\"(99)99999-9999\" value=\"\" type=\"text\" name=\"phone\" \/><\/span>\n\t\t\t<\/p>\n\t\t<\/div>\n\t<\/div>\n\t<div class=\"col-lg-6 col-md-6\">\n\t\t<div class=\"form-group\">\n\t\t\t<p><label>Subject<\/label><br \/>\n<span class=\"wpcf7-form-control-wrap\" data-name=\"subject\"><input size=\"40\" maxlength=\"400\" class=\"wpcf7-form-control wpcf7-text wpcf7-validates-as-required form-control\" aria-required=\"true\" aria-invalid=\"false\" placeholder=\"Question about robots\" value=\"\" type=\"text\" name=\"subject\" \/><\/span>\n\t\t\t<\/p>\n\t\t<\/div>\n\t<\/div>\n\t<div class=\"col-lg-12 col-md-12\">\n\t\t<div class=\"form-group\">\n\t\t\t<p><label>Message<\/label><br \/>\n<span class=\"wpcf7-form-control-wrap\" data-name=\"message\"><textarea cols=\"40\" rows=\"4\" maxlength=\"2000\" class=\"wpcf7-form-control wpcf7-textarea wpcf7-validates-as-required form-control\" aria-required=\"true\" aria-invalid=\"false\" placeholder=\"I would like to know more about robotic cells!\" name=\"message\"><\/textarea><\/span>\n\t\t\t<\/p>\n\t\t<\/div>\n\t\t<p><span class=\"wpcf7-form-control-wrap\" data-name=\"acceptance-737\"><span class=\"wpcf7-form-control wpcf7-acceptance\"><span class=\"wpcf7-list-item\"><label><input type=\"checkbox\" name=\"acceptance-737\" value=\"1\" aria-invalid=\"false\" \/><span class=\"wpcf7-list-item-label\">By sending a message, you agree to our <a href=\"\/en\/politica-de-privacidade\/\">Privacy Policy<\/a>.<\/span><\/label><\/span><\/span><\/span>\n\t\t<\/p>\n\t<\/div>\n\t<div class=\"col-lg-12 col-md-12\">\n\t\t<p><button type=\"submit\" class=\"btn btn-primary\">Send Message<\/button>\n\t\t<\/p>\n\t<\/div>\n<\/div><div class=\"wpcf7-response-output\" aria-hidden=\"true\"><\/div>\n<input type=\"hidden\" name=\"trp-form-language\" value=\"en\"\/><\/form>\n<\/div>\n                            <\/div>\r\n                        <\/div>\r\n                    <\/div>\r\n                <\/div>\r\n\r\n            <\/div>\r\n        <\/div>\r\n    \t\t\t\t<\/div>\n\t\t\t\t<\/div>\n\t\t\t\t\t<\/div>\n\t\t<\/div>\n\t\t\t\t\t<\/div>\n\t\t<\/section>\n\t\t\t\t<\/div>","protected":false},"excerpt":{"rendered":"<p>Which material types can you work with? Lorem ipsum dolor sit amet, consectetur adipiscing elit, sed do eiusmod tempor incididunt ut labore et dolore magna aliqua. Quis ipsum suspendisse ultrices gravida. Is smart lock required for instant apps? Lorem ipsum dolor sit amet, consectetur adipiscing elit, sed do eiusmod tempor incididunt ut labore et dolore<\/p>","protected":false},"author":1,"featured_media":0,"parent":0,"menu_order":0,"comment_status":"closed","ping_status":"closed","template":"","meta":{"_acf_changed":false,"inline_featured_image":false,"_joinchat":[],"footnotes":""},"class_list":["post-273","page","type-page","status-publish","hentry"],"acf":[],"yoast_head":"<!-- This site is optimized with the Yoast SEO plugin v27.1.1 - https:\/\/yoast.com\/product\/yoast-seo-wordpress\/ -->\n<title>FAQ - Comac - Brasil<\/title>\n<meta name=\"robots\" content=\"index, follow, max-snippet:-1, max-image-preview:large, max-video-preview:-1\" \/>\n<link rel=\"canonical\" href=\"https:\/\/comacbr.com\/en\/faq\/\" \/>\n<meta property=\"og:locale\" content=\"en_US\" \/>\n<meta property=\"og:type\" content=\"article\" \/>\n<meta property=\"og:title\" content=\"FAQ - Comac - Brasil\" \/>\n<meta property=\"og:description\" content=\"Which material types can you work with? Lorem ipsum dolor sit amet, consectetur adipiscing elit, sed do eiusmod tempor incididunt ut labore et dolore magna aliqua. Quis ipsum suspendisse ultrices gravida. Is smart lock required for instant apps? Lorem ipsum dolor sit amet, consectetur adipiscing elit, sed do eiusmod tempor incididunt ut labore et dolore\" \/>\n<meta property=\"og:url\" content=\"https:\/\/comacbr.com\/en\/faq\/\" \/>\n<meta property=\"og:site_name\" content=\"Comac - Brasil\" \/>\n<meta property=\"article:publisher\" content=\"https:\/\/www.facebook.com\/comacbrasil\" \/>\n<meta property=\"article:modified_time\" content=\"2022-07-01T14:10:44+00:00\" \/>\n<meta property=\"og:image\" content=\"https:\/\/comacbr.comwp-content\/uploads\/2019\/10\/faq-1-1-1.png\" \/>\n<meta name=\"twitter:card\" content=\"summary_large_image\" \/>\n<meta name=\"twitter:label1\" content=\"Est. reading time\" \/>\n\t<meta name=\"twitter:data1\" content=\"1 minute\" \/>\n<script type=\"application\/ld+json\" class=\"yoast-schema-graph\">{\"@context\":\"https:\/\/schema.org\",\"@graph\":[{\"@type\":\"WebPage\",\"@id\":\"https:\/\/comacbr.com\/faq\/\",\"url\":\"https:\/\/comacbr.com\/faq\/\",\"name\":\"FAQ - Comac - Brasil\",\"isPartOf\":{\"@id\":\"https:\/\/comacbr.com\/#website\"},\"primaryImageOfPage\":{\"@id\":\"https:\/\/comacbr.com\/faq\/#primaryimage\"},\"image\":{\"@id\":\"https:\/\/comacbr.com\/faq\/#primaryimage\"},\"thumbnailUrl\":\"https:\/\/comacbr.comwp-content\/uploads\/2019\/10\/faq-1-1-1.png\",\"datePublished\":\"2019-10-11T11:13:31+00:00\",\"dateModified\":\"2022-07-01T14:10:44+00:00\",\"breadcrumb\":{\"@id\":\"https:\/\/comacbr.com\/faq\/#breadcrumb\"},\"inLanguage\":\"en-US\",\"potentialAction\":[{\"@type\":\"ReadAction\",\"target\":[\"https:\/\/comacbr.com\/faq\/\"]}]},{\"@type\":\"ImageObject\",\"inLanguage\":\"en-US\",\"@id\":\"https:\/\/comacbr.com\/faq\/#primaryimage\",\"url\":\"https:\/\/comacbr.comwp-content\/uploads\/2019\/10\/faq-1-1-1.png\",\"contentUrl\":\"https:\/\/comacbr.comwp-content\/uploads\/2019\/10\/faq-1-1-1.png\"},{\"@type\":\"BreadcrumbList\",\"@id\":\"https:\/\/comacbr.com\/faq\/#breadcrumb\",\"itemListElement\":[{\"@type\":\"ListItem\",\"position\":1,\"name\":\"In\u00edcio\",\"item\":\"https:\/\/comacbr.com\/\"},{\"@type\":\"ListItem\",\"position\":2,\"name\":\"FAQ\"}]},{\"@type\":\"WebSite\",\"@id\":\"https:\/\/comacbr.com\/#website\",\"url\":\"https:\/\/comacbr.com\/\",\"name\":\"Comac - Brasil\",\"description\":\"Manufatura, Automa\u00e7\u00e3o e Rob\u00f3tica\",\"publisher\":{\"@id\":\"https:\/\/comacbr.com\/#organization\"},\"potentialAction\":[{\"@type\":\"SearchAction\",\"target\":{\"@type\":\"EntryPoint\",\"urlTemplate\":\"https:\/\/comacbr.com\/?s={search_term_string}\"},\"query-input\":{\"@type\":\"PropertyValueSpecification\",\"valueRequired\":true,\"valueName\":\"search_term_string\"}}],\"inLanguage\":\"en-US\"},{\"@type\":\"Organization\",\"@id\":\"https:\/\/comacbr.com\/#organization\",\"name\":\"Comac Brasil\",\"url\":\"https:\/\/comacbr.com\/\",\"logo\":{\"@type\":\"ImageObject\",\"inLanguage\":\"en-US\",\"@id\":\"https:\/\/comacbr.com\/#\/schema\/logo\/image\/\",\"url\":\"https:\/\/comacbr.com\/wp-content\/uploads\/2025\/12\/Logo-ComacColorido-e1765939798340.webp\",\"contentUrl\":\"https:\/\/comacbr.com\/wp-content\/uploads\/2025\/12\/Logo-ComacColorido-e1765939798340.webp\",\"width\":1737,\"height\":667,\"caption\":\"Comac Brasil\"},\"image\":{\"@id\":\"https:\/\/comacbr.com\/#\/schema\/logo\/image\/\"},\"sameAs\":[\"https:\/\/www.facebook.com\/comacbrasil\",\"https:\/\/www.instagram.com\/comacbrasil\/\"]}]}<\/script>\n<!-- \/ Yoast SEO plugin. -->","yoast_head_json":{"title":"FAQ - Comac - Brasil","robots":{"index":"index","follow":"follow","max-snippet":"max-snippet:-1","max-image-preview":"max-image-preview:large","max-video-preview":"max-video-preview:-1"},"canonical":"https:\/\/comacbr.com\/en\/faq\/","og_locale":"en_US","og_type":"article","og_title":"FAQ - Comac - Brasil","og_description":"Which material types can you work with? Lorem ipsum dolor sit amet, consectetur adipiscing elit, sed do eiusmod tempor incididunt ut labore et dolore magna aliqua. Quis ipsum suspendisse ultrices gravida. Is smart lock required for instant apps? Lorem ipsum dolor sit amet, consectetur adipiscing elit, sed do eiusmod tempor incididunt ut labore et dolore","og_url":"https:\/\/comacbr.com\/en\/faq\/","og_site_name":"Comac - Brasil","article_publisher":"https:\/\/www.facebook.com\/comacbrasil","article_modified_time":"2022-07-01T14:10:44+00:00","og_image":[{"url":"https:\/\/comacbr.comwp-content\/uploads\/2019\/10\/faq-1-1-1.png","type":"","width":"","height":""}],"twitter_card":"summary_large_image","twitter_misc":{"Est. reading time":"1 minute"},"schema":{"@context":"https:\/\/schema.org","@graph":[{"@type":"WebPage","@id":"https:\/\/comacbr.com\/faq\/","url":"https:\/\/comacbr.com\/faq\/","name":"FAQ - Comac - Brasil","isPartOf":{"@id":"https:\/\/comacbr.com\/#website"},"primaryImageOfPage":{"@id":"https:\/\/comacbr.com\/faq\/#primaryimage"},"image":{"@id":"https:\/\/comacbr.com\/faq\/#primaryimage"},"thumbnailUrl":"https:\/\/comacbr.comwp-content\/uploads\/2019\/10\/faq-1-1-1.png","datePublished":"2019-10-11T11:13:31+00:00","dateModified":"2022-07-01T14:10:44+00:00","breadcrumb":{"@id":"https:\/\/comacbr.com\/faq\/#breadcrumb"},"inLanguage":"en-US","potentialAction":[{"@type":"ReadAction","target":["https:\/\/comacbr.com\/faq\/"]}]},{"@type":"ImageObject","inLanguage":"en-US","@id":"https:\/\/comacbr.com\/faq\/#primaryimage","url":"https:\/\/comacbr.comwp-content\/uploads\/2019\/10\/faq-1-1-1.png","contentUrl":"https:\/\/comacbr.comwp-content\/uploads\/2019\/10\/faq-1-1-1.png"},{"@type":"BreadcrumbList","@id":"https:\/\/comacbr.com\/faq\/#breadcrumb","itemListElement":[{"@type":"ListItem","position":1,"name":"In\u00edcio","item":"https:\/\/comacbr.com\/"},{"@type":"ListItem","position":2,"name":"FAQ"}]},{"@type":"WebSite","@id":"https:\/\/comacbr.com\/#website","url":"https:\/\/comacbr.com\/","name":"Comac - Brazil","description":"Manufacturing, Automation and Robotics","publisher":{"@id":"https:\/\/comacbr.com\/#organization"},"potentialAction":[{"@type":"SearchAction","target":{"@type":"EntryPoint","urlTemplate":"https:\/\/comacbr.com\/?s={search_term_string}"},"query-input":{"@type":"PropertyValueSpecification","valueRequired":true,"valueName":"search_term_string"}}],"inLanguage":"en-US"},{"@type":"Organization","@id":"https:\/\/comacbr.com\/#organization","name":"Comac Brazil","url":"https:\/\/comacbr.com\/","logo":{"@type":"ImageObject","inLanguage":"en-US","@id":"https:\/\/comacbr.com\/#\/schema\/logo\/image\/","url":"https:\/\/comacbr.com\/wp-content\/uploads\/2025\/12\/Logo-ComacColorido-e1765939798340.webp","contentUrl":"https:\/\/comacbr.com\/wp-content\/uploads\/2025\/12\/Logo-ComacColorido-e1765939798340.webp","width":1737,"height":667,"caption":"Comac Brasil"},"image":{"@id":"https:\/\/comacbr.com\/#\/schema\/logo\/image\/"},"sameAs":["https:\/\/www.facebook.com\/comacbrasil","https:\/\/www.instagram.com\/comacbrasil\/"]}]}},"_links":{"self":[{"href":"https:\/\/comacbr.com\/en\/wp-json\/wp\/v2\/pages\/273","targetHints":{"allow":["GET"]}}],"collection":[{"href":"https:\/\/comacbr.com\/en\/wp-json\/wp\/v2\/pages"}],"about":[{"href":"https:\/\/comacbr.com\/en\/wp-json\/wp\/v2\/types\/page"}],"author":[{"embeddable":true,"href":"https:\/\/comacbr.com\/en\/wp-json\/wp\/v2\/users\/1"}],"replies":[{"embeddable":true,"href":"https:\/\/comacbr.com\/en\/wp-json\/wp\/v2\/comments?post=273"}],"version-history":[{"count":0,"href":"https:\/\/comacbr.com\/en\/wp-json\/wp\/v2\/pages\/273\/revisions"}],"wp:attachment":[{"href":"https:\/\/comacbr.com\/en\/wp-json\/wp\/v2\/media?parent=273"}],"curies":[{"name":"wp","href":"https:\/\/api.w.org\/{rel}","templated":true}]}}